{"id":385,"date":"2025-09-09T13:39:43","date_gmt":"2025-09-09T12:39:43","guid":{"rendered":"https:\/\/blogg.folkuniversitetet.nu\/carefr\/?page_id=385"},"modified":"2025-09-11T22:14:43","modified_gmt":"2025-09-11T21:14:43","slug":"a1-del-1-start-9-september-kursvecka-1","status":"publish","type":"page","link":"https:\/\/blogg.folkuniversitetet.nu\/carefr\/a1-del-1-start-9-september-kursvecka-1\/","title":{"rendered":"A1 del 1 start 9 september &#8211; Kursvecka #1"},"content":{"rendered":"<h5>Lektion 1<\/h5>\n<p><strong>Anteckningar<\/strong>: <a href=\"https:\/\/drive.google.com\/file\/d\/11qFdkBVV7fO5fuopCRwC5lwkDXAvyYcd\/view?usp=drivesdk\">Lektion 1<\/a><\/p>\n<p><strong>Heml\u00e4xor<\/strong>: <strong>\u00d6B s.7<\/strong> (D), 3- Fr\u00e5geord. <strong>TB s.9<\/strong>&#8211; Presentation: markera subjekt (S) och verb (V) i varje mening.<\/p>\n<p>Vad jobbar du med? S\u00f6k p\u00e5 n\u00e4tet vad ditt yrke (profession) heter p\u00e5 svenska s\u00e5 att vi kan prata om det p\u00e5 torsdag!<\/p>\n<p>&nbsp;<\/p>\n<h5>Lektion 2<\/h5>\n<p><strong>Anteckningar<\/strong>: <a href=\"https:\/\/drive.google.com\/file\/d\/1pOYZckfrZBfvzEbWTV_J0BzRRzUMb6cn\/view?usp=drivesdk\">Lektion 2<\/a><\/p>\n<p><strong>Heml\u00e4xor<\/strong>: \u00f6va alfabetet genom att bokstavera det du ser i din vardag, till exempel matvaror p\u00e5 ICA (kyckling: K-Y-C-K-L-I-N-G).\u00a0<strong>TB s.17<\/strong> &#8211; Anv\u00e4nd Saras text som inspiration och skriv en kort text om dig sj\u00e4lv d\u00e4r du pratar om ditt jobb och din livssituation (t.ex. har du n\u00e5gon partner? Sambo? Har du barn? Etc.) och skickar den till mig via email. <strong>\u00d6B s.9<\/strong>, <strong>s.10<\/strong>, <strong>s.13<\/strong>.<\/p>\n<p>Ha en trevlig helg!<\/p>\n","protected":false},"excerpt":{"rendered":"<p>Lektion 1 Anteckningar: Lektion 1 Heml\u00e4xor: \u00d6B s.7 (D), 3- Fr\u00e5geord. TB s.9&#8211; Presentation: markera subjekt (S) och verb (V) i varje mening. Vad jobbar du med? S\u00f6k p\u00e5 n\u00e4tet vad ditt yrke (profession) heter p\u00e5 svenska s\u00e5 att vi kan prata om det p\u00e5 torsdag! &nbsp; Lektion 2 Anteckningar: Lektion 2 Heml\u00e4xor: \u00f6va alfabetet [&hellip;]<\/p>\n","protected":false},"author":961,"featured_media":0,"parent":0,"menu_order":0,"comment_status":"closed","ping_status":"closed","template":"","meta":{"footnotes":""},"class_list":["post-385","page","type-page","status-publish","hentry","post-preview"],"_links":{"self":[{"href":"https:\/\/blogg.folkuniversitetet.nu\/carefr\/wp-json\/wp\/v2\/pages\/385","targetHints":{"allow":["GET"]}}],"collection":[{"href":"https:\/\/blogg.folkuniversitetet.nu\/carefr\/wp-json\/wp\/v2\/pages"}],"about":[{"href":"https:\/\/blogg.folkuniversitetet.nu\/carefr\/wp-json\/wp\/v2\/types\/page"}],"author":[{"embeddable":true,"href":"https:\/\/blogg.folkuniversitetet.nu\/carefr\/wp-json\/wp\/v2\/users\/961"}],"replies":[{"embeddable":true,"href":"https:\/\/blogg.folkuniversitetet.nu\/carefr\/wp-json\/wp\/v2\/comments?post=385"}],"version-history":[{"count":6,"href":"https:\/\/blogg.folkuniversitetet.nu\/carefr\/wp-json\/wp\/v2\/pages\/385\/revisions"}],"predecessor-version":[{"id":398,"href":"https:\/\/blogg.folkuniversitetet.nu\/carefr\/wp-json\/wp\/v2\/pages\/385\/revisions\/398"}],"wp:attachment":[{"href":"https:\/\/blogg.folkuniversitetet.nu\/carefr\/wp-json\/wp\/v2\/media?parent=385"}],"curies":[{"name":"wp","href":"https:\/\/api.w.org\/{rel}","templated":true}]}}