{"id":369,"date":"2025-09-01T23:08:38","date_gmt":"2025-09-01T22:08:38","guid":{"rendered":"https:\/\/blogg.folkuniversitetet.nu\/carefr\/?page_id=369"},"modified":"2025-09-06T12:50:07","modified_gmt":"2025-09-06T11:50:07","slug":"a1-del-1-kursvecka-3-3","status":"publish","type":"page","link":"https:\/\/blogg.folkuniversitetet.nu\/carefr\/a1-del-1-kursvecka-3-3\/","title":{"rendered":"A1 del 1 &#8211; Kursvecka #3"},"content":{"rendered":"<h5>Lektion 7<\/h5>\n<p><strong>Anteckningar<\/strong>: <a href=\"https:\/\/drive.google.com\/file\/d\/1X-L0EYWSUqrcjcy2InQ5nyFdnp3iGhY3\/view?usp=drivesdk\">Lektion 7<\/a><\/p>\n<p><strong>Heml\u00e4xor<\/strong>: <strong>\u00d6B s.31<\/strong> (C) &#8211; Linns dag, <strong>s.32<\/strong> &#8211; Pronomen den\/det.<\/p>\n<p>&nbsp;<\/p>\n<h5>Lektion 8<\/h5>\n<p><strong>Anteckningar<\/strong>: <a href=\"https:\/\/drive.google.com\/file\/d\/1ET28nJz-iliXkoEdcKKG2X_4oVnwzFMG\/view?usp=drivesdk\">Lektion 8<\/a><\/p>\n<p><strong>Heml\u00e4xor<\/strong>: g\u00e5 igenom all material och repetera inf\u00f6r sista lektionen! <strong>TB s.39<\/strong> (D) &#8211; Kombinera. <strong>\u00d6B s.44,45<\/strong> (B) &#8211; Imperativ eller infinitiv?, <strong>s.46<\/strong> &#8211; Infinitiv eller presens?, <strong>s.47<\/strong> &#8211; Demonstrativa pronomen.<\/p>\n<p>&nbsp;<\/p>\n<h5>Lektion 9<\/h5>\n<p><strong>Anteckningar<\/strong>: <a href=\"https:\/\/drive.google.com\/file\/d\/17kFK4JJprmY_n66No5eciN3-lFt0RXia\/view?usp=drivesdk\">Lektion 9<\/a><\/p>\n<p>Bra jobbat allihopa! Forts\u00e4tt plugga, \u00f6va mycket och lycka till \ud83d\udc9a<\/p>\n","protected":false},"excerpt":{"rendered":"<p>Lektion 7 Anteckningar: Lektion 7 Heml\u00e4xor: \u00d6B s.31 (C) &#8211; Linns dag, s.32 &#8211; Pronomen den\/det. &nbsp; Lektion 8 Anteckningar: Lektion 8 Heml\u00e4xor: g\u00e5 igenom all material och repetera inf\u00f6r sista lektionen! TB s.39 (D) &#8211; Kombinera. \u00d6B s.44,45 (B) &#8211; Imperativ eller infinitiv?, s.46 &#8211; Infinitiv eller presens?, s.47 &#8211; Demonstrativa pronomen. &nbsp; Lektion [&hellip;]<\/p>\n","protected":false},"author":961,"featured_media":0,"parent":0,"menu_order":0,"comment_status":"closed","ping_status":"closed","template":"","meta":{"footnotes":""},"class_list":["post-369","page","type-page","status-publish","hentry","post-preview"],"_links":{"self":[{"href":"https:\/\/blogg.folkuniversitetet.nu\/carefr\/wp-json\/wp\/v2\/pages\/369","targetHints":{"allow":["GET"]}}],"collection":[{"href":"https:\/\/blogg.folkuniversitetet.nu\/carefr\/wp-json\/wp\/v2\/pages"}],"about":[{"href":"https:\/\/blogg.folkuniversitetet.nu\/carefr\/wp-json\/wp\/v2\/types\/page"}],"author":[{"embeddable":true,"href":"https:\/\/blogg.folkuniversitetet.nu\/carefr\/wp-json\/wp\/v2\/users\/961"}],"replies":[{"embeddable":true,"href":"https:\/\/blogg.folkuniversitetet.nu\/carefr\/wp-json\/wp\/v2\/comments?post=369"}],"version-history":[{"count":8,"href":"https:\/\/blogg.folkuniversitetet.nu\/carefr\/wp-json\/wp\/v2\/pages\/369\/revisions"}],"predecessor-version":[{"id":384,"href":"https:\/\/blogg.folkuniversitetet.nu\/carefr\/wp-json\/wp\/v2\/pages\/369\/revisions\/384"}],"wp:attachment":[{"href":"https:\/\/blogg.folkuniversitetet.nu\/carefr\/wp-json\/wp\/v2\/media?parent=369"}],"curies":[{"name":"wp","href":"https:\/\/api.w.org\/{rel}","templated":true}]}}