{"id":357,"date":"2025-08-22T14:12:17","date_gmt":"2025-08-22T13:12:17","guid":{"rendered":"https:\/\/blogg.folkuniversitetet.nu\/carefr\/?page_id=357"},"modified":"2025-08-29T09:31:51","modified_gmt":"2025-08-29T08:31:51","slug":"a1-del-1-kursvecka-2-3","status":"publish","type":"page","link":"https:\/\/blogg.folkuniversitetet.nu\/carefr\/a1-del-1-kursvecka-2-3\/","title":{"rendered":"A1 del 1 &#8211; Kursvecka #2"},"content":{"rendered":"<h5>Lektion 4<\/h5>\n<p><strong>Anteckningar<\/strong>: <a href=\"https:\/\/drive.google.com\/file\/d\/16WtoMkyF7Wh8uiMdTM6YcyIs_252zzKI\/view?usp=drivesdk\">Lektion 4<\/a><\/p>\n<p><strong>Heml\u00e4xor<\/strong>: repetera dagens lektion! Om man har tid: Skriv tv\u00e5-tre meningar med varje konjunktion, t.ex. Jag f\u00f6rst\u00e5r svenska men har sv\u00e5rt att prata. F\u00f6rs\u00f6k anv\u00e4nda ord (t.ex. bok, v\u00e4ska, l\u00e4kare) och verb (t.ex. m\u00e5r, tycker, l\u00e4ser, skriver) du har l\u00e4rt dig hittills under kursen. <strong>\u00d6B s.19.<\/strong><\/p>\n<p>&nbsp;<\/p>\n<h5>Lektion 5<\/h5>\n<p><strong>Anteckningar<\/strong>: <a href=\"https:\/\/drive.google.com\/file\/d\/1nk-SEbee76Tp_3OwmiWFxUQpMCTrqdij\/view?usp=drivesdk\">Lektion 5<\/a><\/p>\n<p><strong>Heml\u00e4xor<\/strong>: repetera dagens lektion och \u00f6va p\u00e5 att b\u00e5de uttala och skriva siffror! Tr\u00e4na p\u00e5 siffror genom att svara i skrift form p\u00e5 dessa fr\u00e5gor: Vilket nummer bor du p\u00e5? Vad har du f\u00f6r telefonnummer? Hur gammal \u00e4r du? Vilket \u00e5r flyttade du till Sverige? Hur mycket kaffe\/te dricker du per dag? Hur m\u00e5nga timmar jobbar\/pluggar du per dag? Ni kan s\u00e5klart skicka allt till mig via mejl om ni vill f\u00e5 \u00e5terkopplingar. <strong>\u00d6B s.24<\/strong> &#8211; Repetera kapitlet, <strong>s.26<\/strong> &#8211; Siffror,<strong> s.27<\/strong> &#8211; Fr\u00e5geord.<\/p>\n<h5>\nLektion 6<\/h5>\n<p><strong>Anteckningar<\/strong>: <a href=\"https:\/\/drive.google.com\/file\/d\/1AUQl2Y0cjgov1_f0ddSwNQqn_D6AgzV1\/view?usp=drivesdk\">Lektion 6<\/a><\/p>\n<p><strong>Heml\u00e4xor<\/strong>: repetera dagens lektion och tr\u00e4na p\u00e5 att fr\u00e5ga om tid! <strong>\u00d6B s.28<\/strong> &#8211; Klockan &amp; Fr\u00e5ga om tid. <strong>Ber\u00e4tta om din dag<\/strong>: vilken tid vaknar du? N\u00e4r har du frukost? Vilken tid b\u00f6rjar du jobba\/plugga? N\u00e4r \u00e5ker du hem? Hur dags har du svenskalektionen? Vilken tid \u00e4ter du middag? N\u00e4r somnar du?<\/p>\n<p><strong>Ordf\u00f6ljd<\/strong>: studerar satsschema och skriv en mening med subjekt i fundament, en med tid i fundament, en med plats i fundament, en ja\/nej fr\u00e5ga och en fr\u00e5ga med fr\u00e5geord. Om ni vill ha \u00e5terkopplingar f\u00e5r ni mejla allt till mig!<\/p>\n<p>Ha en trevlig helg \u263a\ufe0f<\/p>\n","protected":false},"excerpt":{"rendered":"<p>Lektion 4 Anteckningar: Lektion 4 Heml\u00e4xor: repetera dagens lektion! Om man har tid: Skriv tv\u00e5-tre meningar med varje konjunktion, t.ex. Jag f\u00f6rst\u00e5r svenska men har sv\u00e5rt att prata. F\u00f6rs\u00f6k anv\u00e4nda ord (t.ex. bok, v\u00e4ska, l\u00e4kare) och verb (t.ex. m\u00e5r, tycker, l\u00e4ser, skriver) du har l\u00e4rt dig hittills under kursen. \u00d6B s.19. &nbsp; Lektion 5 Anteckningar: [&hellip;]<\/p>\n","protected":false},"author":961,"featured_media":0,"parent":0,"menu_order":0,"comment_status":"closed","ping_status":"closed","template":"","meta":{"footnotes":""},"class_list":["post-357","page","type-page","status-publish","hentry","post-preview"],"_links":{"self":[{"href":"https:\/\/blogg.folkuniversitetet.nu\/carefr\/wp-json\/wp\/v2\/pages\/357","targetHints":{"allow":["GET"]}}],"collection":[{"href":"https:\/\/blogg.folkuniversitetet.nu\/carefr\/wp-json\/wp\/v2\/pages"}],"about":[{"href":"https:\/\/blogg.folkuniversitetet.nu\/carefr\/wp-json\/wp\/v2\/types\/page"}],"author":[{"embeddable":true,"href":"https:\/\/blogg.folkuniversitetet.nu\/carefr\/wp-json\/wp\/v2\/users\/961"}],"replies":[{"embeddable":true,"href":"https:\/\/blogg.folkuniversitetet.nu\/carefr\/wp-json\/wp\/v2\/comments?post=357"}],"version-history":[{"count":6,"href":"https:\/\/blogg.folkuniversitetet.nu\/carefr\/wp-json\/wp\/v2\/pages\/357\/revisions"}],"predecessor-version":[{"id":368,"href":"https:\/\/blogg.folkuniversitetet.nu\/carefr\/wp-json\/wp\/v2\/pages\/357\/revisions\/368"}],"wp:attachment":[{"href":"https:\/\/blogg.folkuniversitetet.nu\/carefr\/wp-json\/wp\/v2\/media?parent=357"}],"curies":[{"name":"wp","href":"https:\/\/api.w.org\/{rel}","templated":true}]}}