{"id":339,"date":"2025-08-18T13:35:32","date_gmt":"2025-08-18T12:35:32","guid":{"rendered":"https:\/\/blogg.folkuniversitetet.nu\/carefr\/?page_id=339"},"modified":"2025-08-22T14:11:27","modified_gmt":"2025-08-22T13:11:27","slug":"a1-del-1-start-18-augusti-kursvecka-1","status":"publish","type":"page","link":"https:\/\/blogg.folkuniversitetet.nu\/carefr\/a1-del-1-start-18-augusti-kursvecka-1\/","title":{"rendered":"A1 del 1 start 18 augusti &#8211; Kursvecka #1"},"content":{"rendered":"<h5>Lektion 1<\/h5>\n<p><strong>Anteckningar<\/strong>: <a href=\"https:\/\/drive.google.com\/file\/d\/1x2YAHLiySmmbz6_ifA2GqhJawxN-QcLM\/view?usp=sharing\">Lektion 1<\/a><\/p>\n<p><strong>Heml\u00e4xor<\/strong>: l\u00e4s igenom dagens anteckningar och memorera! Till de som har lite extra tid: <strong>\u00d6B s.7<\/strong> D och nr 3 &#8211; fr\u00e5geord<\/p>\n<p>&nbsp;<\/p>\n<h5>Lektion 2<\/h5>\n<p><strong>Anteckningar<\/strong>: <a href=\"https:\/\/drive.google.com\/file\/d\/1ggsiiNJifDce3KyUIbPjPKEu9wZuvH07\/view?usp=drivesdk\">Lektion 2<\/a><\/p>\n<p><strong>Heml\u00e4xor<\/strong>: Repetera dagens lektion och tr\u00e4na p\u00e5 alfabetet! <strong>\u00d6B<\/strong> <strong>s.8<\/strong> &#8211; subjektspronomen, <strong>s.9<\/strong> &#8211; verb + inte. <strong>TB<\/strong> <strong>s.14<\/strong> &#8211; l\u00e4s texten &#8221;P\u00e5 kurs- gift, sambo eller singel?&#8221; och \u00f6versatt alla nya ord. Ta inspiration fr\u00e5n texten och skriv n\u00e5gra meningar om dig sj\u00e4lv: har du n\u00e5gon partner? \u00c4r du gift\/sambo\/s\u00e4rbo? Vad heter din partner\/sambo\/s\u00e4rbo? Varifr\u00e5n kommer hen? Jobbar\/pluggar hen? Ta med dig texten till n\u00e4sta lektionen!<\/p>\n<p>&nbsp;<\/p>\n<h5>Lektion 3<\/h5>\n<p><strong>Anteckningar<\/strong>: <a href=\"https:\/\/drive.google.com\/file\/d\/1PyP0GnPyviKy5PM0aGnBW8inYea39I7f\/view?usp=drivesdk\">Lektion 3<\/a><\/p>\n<p><strong>Heml\u00e4xor<\/strong>: <strong>\u00d6B<\/strong> <strong>s.12<\/strong> (A-B), <strong>s.15<\/strong> &#8211; Dialog<strong>, s.16<\/strong> &#8211; Prepositioner.<br \/>\n<strong>TB s.20<\/strong> &#8211; Vad g\u00f6r de i Sverige?: med inspiration fr\u00e5n texten skriv n\u00e5gra meningar om dig sj\u00e4lv och svara p\u00e5 fr\u00e5gorna: Vad g\u00f6r du i Sverige? Varf\u00f6r l\u00e4ser du svenska? Vad \u00e4r du intresserad av? Trivs du i Sverige? Skicka sen svaren till mig via email. <strong>TB<\/strong> <strong>s.22<\/strong> &#8211; Fest: l\u00e4s texten och \u00f6vers\u00e4tt alla nya ord. Hur m\u00e5nga prepositioner hittar du i denna text? Stryk under alla prepositioner.<\/p>\n","protected":false},"excerpt":{"rendered":"<p>Lektion 1 Anteckningar: Lektion 1 Heml\u00e4xor: l\u00e4s igenom dagens anteckningar och memorera! Till de som har lite extra tid: \u00d6B s.7 D och nr 3 &#8211; fr\u00e5geord &nbsp; Lektion 2 Anteckningar: Lektion 2 Heml\u00e4xor: Repetera dagens lektion och tr\u00e4na p\u00e5 alfabetet! \u00d6B s.8 &#8211; subjektspronomen, s.9 &#8211; verb + inte. TB s.14 &#8211; l\u00e4s texten [&hellip;]<\/p>\n","protected":false},"author":961,"featured_media":0,"parent":0,"menu_order":0,"comment_status":"closed","ping_status":"closed","template":"","meta":{"footnotes":""},"class_list":["post-339","page","type-page","status-publish","hentry","post-preview"],"_links":{"self":[{"href":"https:\/\/blogg.folkuniversitetet.nu\/carefr\/wp-json\/wp\/v2\/pages\/339","targetHints":{"allow":["GET"]}}],"collection":[{"href":"https:\/\/blogg.folkuniversitetet.nu\/carefr\/wp-json\/wp\/v2\/pages"}],"about":[{"href":"https:\/\/blogg.folkuniversitetet.nu\/carefr\/wp-json\/wp\/v2\/types\/page"}],"author":[{"embeddable":true,"href":"https:\/\/blogg.folkuniversitetet.nu\/carefr\/wp-json\/wp\/v2\/users\/961"}],"replies":[{"embeddable":true,"href":"https:\/\/blogg.folkuniversitetet.nu\/carefr\/wp-json\/wp\/v2\/comments?post=339"}],"version-history":[{"count":13,"href":"https:\/\/blogg.folkuniversitetet.nu\/carefr\/wp-json\/wp\/v2\/pages\/339\/revisions"}],"predecessor-version":[{"id":356,"href":"https:\/\/blogg.folkuniversitetet.nu\/carefr\/wp-json\/wp\/v2\/pages\/339\/revisions\/356"}],"wp:attachment":[{"href":"https:\/\/blogg.folkuniversitetet.nu\/carefr\/wp-json\/wp\/v2\/media?parent=339"}],"curies":[{"name":"wp","href":"https:\/\/api.w.org\/{rel}","templated":true}]}}