{"id":32,"date":"2025-03-02T10:06:50","date_gmt":"2025-03-02T09:06:50","guid":{"rendered":"https:\/\/blogg.folkuniversitetet.nu\/carefr\/?page_id=32"},"modified":"2025-03-02T10:06:50","modified_gmt":"2025-03-02T09:06:50","slug":"rakna-siffror","status":"publish","type":"page","link":"https:\/\/blogg.folkuniversitetet.nu\/carefr\/rakna-siffror\/","title":{"rendered":"R\u00e4kna &#8211; siffror"},"content":{"rendered":"<h4><span style=\"color: #ff0000\"><strong>R\u00e4kna p\u00e5 svenska!<\/strong><\/span><\/h4>\n<blockquote><p><a href=\"https:\/\/www.goconqr.com\/en\/flashcard\/16414996\/R-kna-p--svenska\" target=\"_blank\" rel=\"noopener\">R\u00e4kna &#8211; siffror<\/a><\/p><\/blockquote>\n","protected":false},"excerpt":{"rendered":"<p>R\u00e4kna p\u00e5 svenska! R\u00e4kna &#8211; siffror<\/p>\n","protected":false},"author":107,"featured_media":0,"parent":0,"menu_order":0,"comment_status":"closed","ping_status":"closed","template":"","meta":{"footnotes":""},"class_list":["post-32","page","type-page","status-publish","hentry","post-preview"],"_links":{"self":[{"href":"https:\/\/blogg.folkuniversitetet.nu\/carefr\/wp-json\/wp\/v2\/pages\/32","targetHints":{"allow":["GET"]}}],"collection":[{"href":"https:\/\/blogg.folkuniversitetet.nu\/carefr\/wp-json\/wp\/v2\/pages"}],"about":[{"href":"https:\/\/blogg.folkuniversitetet.nu\/carefr\/wp-json\/wp\/v2\/types\/page"}],"author":[{"embeddable":true,"href":"https:\/\/blogg.folkuniversitetet.nu\/carefr\/wp-json\/wp\/v2\/users\/107"}],"replies":[{"embeddable":true,"href":"https:\/\/blogg.folkuniversitetet.nu\/carefr\/wp-json\/wp\/v2\/comments?post=32"}],"version-history":[{"count":1,"href":"https:\/\/blogg.folkuniversitetet.nu\/carefr\/wp-json\/wp\/v2\/pages\/32\/revisions"}],"predecessor-version":[{"id":34,"href":"https:\/\/blogg.folkuniversitetet.nu\/carefr\/wp-json\/wp\/v2\/pages\/32\/revisions\/34"}],"wp:attachment":[{"href":"https:\/\/blogg.folkuniversitetet.nu\/carefr\/wp-json\/wp\/v2\/media?parent=32"}],"curies":[{"name":"wp","href":"https:\/\/api.w.org\/{rel}","templated":true}]}}