{"id":315,"date":"2025-06-16T08:54:11","date_gmt":"2025-06-16T07:54:11","guid":{"rendered":"https:\/\/blogg.folkuniversitetet.nu\/carefr\/?page_id=315"},"modified":"2025-06-18T08:50:52","modified_gmt":"2025-06-18T07:50:52","slug":"a1-del-2-kursvecka-5","status":"publish","type":"page","link":"https:\/\/blogg.folkuniversitetet.nu\/carefr\/a1-del-2-kursvecka-5\/","title":{"rendered":"A1 del 2 &#8211; Kursvecka #5"},"content":{"rendered":"<h5>Lektion 8<\/h5>\n<p><strong>Anteckningar<\/strong>: <a href=\"http:\/\/blogg.folkuniversitetet.nu\/carefr\/files\/2025\/06\/Note-13-Jun-2025.pdf\">Lektion 8<\/a><\/p>\n<p><strong>Heml\u00e4xor<\/strong>: Forts\u00e4tt med ordlistan i lektions anteckningar och leta efter alla ord i texten p\u00e5 s. 113, 114 (TB). Viktigaste h\u00e4r \u00e4r att lista ut ordens betydelse fr\u00e5n kontexten, s\u00e5 anv\u00e4nd inte Google translate eller liknande!<\/p>\n<p>Sm\u00e5 grodorna: midsommar n\u00e4rmar sig och det \u00e4r dags att sjunga och dansa \ud83d\udc83 Memorera l\u00e5ttexten (som ni hittar i anteckningar till lektion 8) och titta p\u00e5 den h\u00e4r videon f\u00f6r att h\u00f6ra melodin och kolla p\u00e5 dansen: https:\/\/m.youtube.com\/watch?v=7z6FJEf_kKI&amp;pp=ygUNc23DpSBncm9kb3JuYQ%3D%3D<\/p>\n<p>Gl\u00f6m inte att l\u00e4mna in <strong>kursv\u00e4rderingen<\/strong>, den \u00e4r viktig f\u00f6r att f\u00f6rst\u00e5 vad som gick bra och vad som kan f\u00f6rb\u00e4ttras: <a href=\"https:\/\/forms.office.com\/e\/Sg5cDhrGfH\">Utv\u00e4rdering &#8211; A1 del 2 (Francesca)<\/a><\/p>\n<h5>Lektion 9<\/h5>\n<p><strong>Anteckningar: <a href=\"https:\/\/drive.google.com\/file\/d\/1ZQwgpyMzKH4dR71oausHuZ0nLK4ECROW\/view\">Lektion 9<\/a><\/strong><\/p>\n","protected":false},"excerpt":{"rendered":"<p>Lektion 8 Anteckningar: Lektion 8 Heml\u00e4xor: Forts\u00e4tt med ordlistan i lektions anteckningar och leta efter alla ord i texten p\u00e5 s. 113, 114 (TB). Viktigaste h\u00e4r \u00e4r att lista ut ordens betydelse fr\u00e5n kontexten, s\u00e5 anv\u00e4nd inte Google translate eller liknande! Sm\u00e5 grodorna: midsommar n\u00e4rmar sig och det \u00e4r dags att sjunga och dansa \ud83d\udc83 [&hellip;]<\/p>\n","protected":false},"author":961,"featured_media":0,"parent":0,"menu_order":0,"comment_status":"closed","ping_status":"closed","template":"","meta":{"footnotes":""},"class_list":["post-315","page","type-page","status-publish","hentry","post-preview"],"_links":{"self":[{"href":"https:\/\/blogg.folkuniversitetet.nu\/carefr\/wp-json\/wp\/v2\/pages\/315","targetHints":{"allow":["GET"]}}],"collection":[{"href":"https:\/\/blogg.folkuniversitetet.nu\/carefr\/wp-json\/wp\/v2\/pages"}],"about":[{"href":"https:\/\/blogg.folkuniversitetet.nu\/carefr\/wp-json\/wp\/v2\/types\/page"}],"author":[{"embeddable":true,"href":"https:\/\/blogg.folkuniversitetet.nu\/carefr\/wp-json\/wp\/v2\/users\/961"}],"replies":[{"embeddable":true,"href":"https:\/\/blogg.folkuniversitetet.nu\/carefr\/wp-json\/wp\/v2\/comments?post=315"}],"version-history":[{"count":14,"href":"https:\/\/blogg.folkuniversitetet.nu\/carefr\/wp-json\/wp\/v2\/pages\/315\/revisions"}],"predecessor-version":[{"id":336,"href":"https:\/\/blogg.folkuniversitetet.nu\/carefr\/wp-json\/wp\/v2\/pages\/315\/revisions\/336"}],"wp:attachment":[{"href":"https:\/\/blogg.folkuniversitetet.nu\/carefr\/wp-json\/wp\/v2\/media?parent=315"}],"curies":[{"name":"wp","href":"https:\/\/api.w.org\/{rel}","templated":true}]}}