{"id":298,"date":"2025-06-10T16:43:35","date_gmt":"2025-06-10T15:43:35","guid":{"rendered":"https:\/\/blogg.folkuniversitetet.nu\/carefr\/?page_id=298"},"modified":"2025-06-16T10:25:40","modified_gmt":"2025-06-16T09:25:40","slug":"extramaterial-a1-del-2","status":"publish","type":"page","link":"https:\/\/blogg.folkuniversitetet.nu\/carefr\/extramaterial-a1-del-2\/","title":{"rendered":"Extramaterial A1 del 2"},"content":{"rendered":"<ul>\n<li><a href=\"http:\/\/blogg.folkuniversitetet.nu\/carefr\/files\/2025\/06\/Infinitiv-presens-preteritum-supinum-och-imperativ.pdf\">Infinitiv presens preteritum supinum och imperativ<\/a><\/li>\n<li><a href=\"http:\/\/blogg.folkuniversitetet.nu\/carefr\/files\/2025\/06\/Bestamd_obestamd_plural_singular.pdf\">Best\u00e4md_obest\u00e4md_plural_singular<\/a><\/li>\n<li><a href=\"http:\/\/blogg.folkuniversitetet.nu\/carefr\/files\/2025\/06\/Sma_-grodorna.pdf\">Sm\u00e5 grodorna &#8211; l\u00e5ttext<\/a><\/li>\n<\/ul>\n","protected":false},"excerpt":{"rendered":"<p>Infinitiv presens preteritum supinum och imperativ Best\u00e4md_obest\u00e4md_plural_singular Sm\u00e5 grodorna &#8211; l\u00e5ttext<\/p>\n","protected":false},"author":961,"featured_media":0,"parent":0,"menu_order":0,"comment_status":"closed","ping_status":"closed","template":"","meta":{"footnotes":""},"class_list":["post-298","page","type-page","status-publish","hentry","post-preview"],"_links":{"self":[{"href":"https:\/\/blogg.folkuniversitetet.nu\/carefr\/wp-json\/wp\/v2\/pages\/298","targetHints":{"allow":["GET"]}}],"collection":[{"href":"https:\/\/blogg.folkuniversitetet.nu\/carefr\/wp-json\/wp\/v2\/pages"}],"about":[{"href":"https:\/\/blogg.folkuniversitetet.nu\/carefr\/wp-json\/wp\/v2\/types\/page"}],"author":[{"embeddable":true,"href":"https:\/\/blogg.folkuniversitetet.nu\/carefr\/wp-json\/wp\/v2\/users\/961"}],"replies":[{"embeddable":true,"href":"https:\/\/blogg.folkuniversitetet.nu\/carefr\/wp-json\/wp\/v2\/comments?post=298"}],"version-history":[{"count":5,"href":"https:\/\/blogg.folkuniversitetet.nu\/carefr\/wp-json\/wp\/v2\/pages\/298\/revisions"}],"predecessor-version":[{"id":325,"href":"https:\/\/blogg.folkuniversitetet.nu\/carefr\/wp-json\/wp\/v2\/pages\/298\/revisions\/325"}],"wp:attachment":[{"href":"https:\/\/blogg.folkuniversitetet.nu\/carefr\/wp-json\/wp\/v2\/media?parent=298"}],"curies":[{"name":"wp","href":"https:\/\/api.w.org\/{rel}","templated":true}]}}