{"id":289,"date":"2025-06-08T11:03:46","date_gmt":"2025-06-08T10:03:46","guid":{"rendered":"https:\/\/blogg.folkuniversitetet.nu\/carefr\/?page_id=289"},"modified":"2025-06-12T22:37:17","modified_gmt":"2025-06-12T21:37:17","slug":"a1-del-2-kursvecka-4","status":"publish","type":"page","link":"https:\/\/blogg.folkuniversitetet.nu\/carefr\/a1-del-2-kursvecka-4\/","title":{"rendered":"A1 del 2 &#8211; Kursvecka #4"},"content":{"rendered":"<h5>Lektion 6<\/h5>\n<p><strong>Anteckningar<\/strong>: <a href=\"http:\/\/blogg.folkuniversitetet.nu\/carefr\/files\/2025\/06\/Note-8-Jun-2025.pdf\">Lektion 6<\/a><\/p>\n<p><strong>Heml\u00e4xor<\/strong>: \u00d6B s.105, s.106. TB s.98 &#8211; streck under alla hj\u00e4lpverb i texten &#8221;Pia och John g\u00e5r ut med Bosse&#8221;, sedan g\u00f6r \u00f6vningen B d\u00e4r ni kopplar hj\u00e4lpverben till sin definition.<\/p>\n<h5>Lektion 7<\/h5>\n<p><strong>Anteckningar<\/strong>: <a href=\"http:\/\/blogg.folkuniversitetet.nu\/carefr\/files\/2025\/06\/Note-11-Jun-2025.pdf\">Lektion 7<\/a><\/p>\n<p><strong>Heml\u00e4xor<\/strong>: \u00d6B s.109, s.115. TB s.105 (A) &#8211; skriv en mening f\u00f6r att beskriva var varje plats ligger (t.ex. Banken ligger mellan optikern och kiosken), s.106 (B).<\/p>\n","protected":false},"excerpt":{"rendered":"<p>Lektion 6 Anteckningar: Lektion 6 Heml\u00e4xor: \u00d6B s.105, s.106. TB s.98 &#8211; streck under alla hj\u00e4lpverb i texten &#8221;Pia och John g\u00e5r ut med Bosse&#8221;, sedan g\u00f6r \u00f6vningen B d\u00e4r ni kopplar hj\u00e4lpverben till sin definition. Lektion 7 Anteckningar: Lektion 7 Heml\u00e4xor: \u00d6B s.109, s.115. TB s.105 (A) &#8211; skriv en mening f\u00f6r att beskriva [&hellip;]<\/p>\n","protected":false},"author":961,"featured_media":0,"parent":0,"menu_order":0,"comment_status":"closed","ping_status":"closed","template":"","meta":{"footnotes":""},"class_list":["post-289","page","type-page","status-publish","hentry","post-preview"],"_links":{"self":[{"href":"https:\/\/blogg.folkuniversitetet.nu\/carefr\/wp-json\/wp\/v2\/pages\/289","targetHints":{"allow":["GET"]}}],"collection":[{"href":"https:\/\/blogg.folkuniversitetet.nu\/carefr\/wp-json\/wp\/v2\/pages"}],"about":[{"href":"https:\/\/blogg.folkuniversitetet.nu\/carefr\/wp-json\/wp\/v2\/types\/page"}],"author":[{"embeddable":true,"href":"https:\/\/blogg.folkuniversitetet.nu\/carefr\/wp-json\/wp\/v2\/users\/961"}],"replies":[{"embeddable":true,"href":"https:\/\/blogg.folkuniversitetet.nu\/carefr\/wp-json\/wp\/v2\/comments?post=289"}],"version-history":[{"count":7,"href":"https:\/\/blogg.folkuniversitetet.nu\/carefr\/wp-json\/wp\/v2\/pages\/289\/revisions"}],"predecessor-version":[{"id":311,"href":"https:\/\/blogg.folkuniversitetet.nu\/carefr\/wp-json\/wp\/v2\/pages\/289\/revisions\/311"}],"wp:attachment":[{"href":"https:\/\/blogg.folkuniversitetet.nu\/carefr\/wp-json\/wp\/v2\/media?parent=289"}],"curies":[{"name":"wp","href":"https:\/\/api.w.org\/{rel}","templated":true}]}}