{"id":265,"date":"2025-05-22T21:53:40","date_gmt":"2025-05-22T20:53:40","guid":{"rendered":"https:\/\/blogg.folkuniversitetet.nu\/carefr\/?page_id=265"},"modified":"2025-05-28T08:55:42","modified_gmt":"2025-05-28T07:55:42","slug":"a1-del-2-kursvecka-2","status":"publish","type":"page","link":"https:\/\/blogg.folkuniversitetet.nu\/carefr\/a1-del-2-kursvecka-2\/","title":{"rendered":"A1 del 2 &#8211; Kursvecka #2"},"content":{"rendered":"<h5>Lektion 3<\/h5>\n<p><strong>Anteckningar<\/strong>: <a href=\"http:\/\/blogg.folkuniversitetet.nu\/carefr\/files\/2025\/05\/Note-25-May-2025.pdf\">Lektion 3<\/a><\/p>\n<p><strong>Heml\u00e4xor<\/strong>: Med inspiration fr\u00e5n texten om Alfred Nobel skriv en kort text om en person du \u00e4r intresserad av, t.ex. en sk\u00e5despelare, en konstn\u00e4r, en musiker etc. Skriv ner de viktigaste informationen fr\u00e5n denna persons liv (t.ex. X f\u00f6ddes 1998, hens f\u00f6rsta album sl\u00e4pptes 2010, gifte sig med X etc\u2026). Se till att inte skriva personens namn, det kommer dina klasskompisar att f\u00e5 gissa \ud83d\udc40<\/p>\n<p>TB s.78 &#8211; l\u00e4s texten och \u00f6vers\u00e4tta alla nya ord. F\u00f6r varje nytt substantiv anteckna om det \u00e4r 1) ETT eller EN, 2) pluralform 3) best\u00e4md form av b\u00e5de singular och plural (anv\u00e4nd tabellen ni har f\u00e5tt fr\u00e5n mig som st\u00f6d). TB s.79 &#8211; l\u00e4s texten och stryk under alla substantiv i plural som \u00e4r i best\u00e4md form.<\/p>\n<p>Ha det fint allihopa, vi ses n\u00e4sta vecka \u263a\ufe0f<\/p>\n","protected":false},"excerpt":{"rendered":"<p>Lektion 3 Anteckningar: Lektion 3 Heml\u00e4xor: Med inspiration fr\u00e5n texten om Alfred Nobel skriv en kort text om en person du \u00e4r intresserad av, t.ex. en sk\u00e5despelare, en konstn\u00e4r, en musiker etc. Skriv ner de viktigaste informationen fr\u00e5n denna persons liv (t.ex. X f\u00f6ddes 1998, hens f\u00f6rsta album sl\u00e4pptes 2010, gifte sig med X etc\u2026). [&hellip;]<\/p>\n","protected":false},"author":961,"featured_media":0,"parent":0,"menu_order":0,"comment_status":"closed","ping_status":"closed","template":"","meta":{"footnotes":""},"class_list":["post-265","page","type-page","status-publish","hentry","post-preview"],"_links":{"self":[{"href":"https:\/\/blogg.folkuniversitetet.nu\/carefr\/wp-json\/wp\/v2\/pages\/265","targetHints":{"allow":["GET"]}}],"collection":[{"href":"https:\/\/blogg.folkuniversitetet.nu\/carefr\/wp-json\/wp\/v2\/pages"}],"about":[{"href":"https:\/\/blogg.folkuniversitetet.nu\/carefr\/wp-json\/wp\/v2\/types\/page"}],"author":[{"embeddable":true,"href":"https:\/\/blogg.folkuniversitetet.nu\/carefr\/wp-json\/wp\/v2\/users\/961"}],"replies":[{"embeddable":true,"href":"https:\/\/blogg.folkuniversitetet.nu\/carefr\/wp-json\/wp\/v2\/comments?post=265"}],"version-history":[{"count":5,"href":"https:\/\/blogg.folkuniversitetet.nu\/carefr\/wp-json\/wp\/v2\/pages\/265\/revisions"}],"predecessor-version":[{"id":275,"href":"https:\/\/blogg.folkuniversitetet.nu\/carefr\/wp-json\/wp\/v2\/pages\/265\/revisions\/275"}],"wp:attachment":[{"href":"https:\/\/blogg.folkuniversitetet.nu\/carefr\/wp-json\/wp\/v2\/media?parent=265"}],"curies":[{"name":"wp","href":"https:\/\/api.w.org\/{rel}","templated":true}]}}