{"id":251,"date":"2025-05-15T20:42:53","date_gmt":"2025-05-15T19:42:53","guid":{"rendered":"https:\/\/blogg.folkuniversitetet.nu\/carefr\/?page_id=251"},"modified":"2025-05-22T21:52:04","modified_gmt":"2025-05-22T20:52:04","slug":"a1-del-2-start-20-maj-kursvecka-1","status":"publish","type":"page","link":"https:\/\/blogg.folkuniversitetet.nu\/carefr\/a1-del-2-start-20-maj-kursvecka-1\/","title":{"rendered":"A1 del 2 start 20 maj &#8211; kursvecka #1"},"content":{"rendered":"<h5>Lektion 1<\/h5>\n<p><strong>Anteckningar<\/strong>: <a href=\"http:\/\/blogg.folkuniversitetet.nu\/carefr\/files\/2025\/05\/Note-12-May-2025.pdf\">Lektion 1<\/a><\/p>\n<p><strong>Heml\u00e4xor<\/strong>: Repetera preteritum! \u00d6B s.65, s.69. TB s.64 &#8211; l\u00e4s texten och \u00f6vers\u00e4tt nya ord.<\/p>\n<h5>Lektion 2<\/h5>\n<p><strong>Anteckningar<\/strong>: <a href=\"http:\/\/blogg.folkuniversitetet.nu\/carefr\/files\/2025\/05\/Note-18-May-2025.pdf\">Lektion 2<\/a><\/p>\n<p><strong>Heml\u00e4xor<\/strong>: Rita ditt sl\u00e4kttr\u00e4d &#8211; ta inspiration fr\u00e5n tr\u00e4det p\u00e5 TB s.65; skriv bredvid varje namn det familjeord som beskriver din relation med denna person (t.ex. Anna &#8211; syster). Ta det med dig till n\u00e4sta lektion. \u00d6B s.74, s.76.<br \/>\nTB s.70 &#8211; l\u00e4s texten om Alfred Nobel och skriv fem fr\u00e5gor om Nobel (t.ex. N\u00e4r f\u00f6ddes Nobel?) som vi kommer att besvara i klassen n\u00e4sta g\u00e5ng.<\/p>\n<p>Trevlig helg allihopa \u263a\ufe0f<\/p>\n","protected":false},"excerpt":{"rendered":"<p>Lektion 1 Anteckningar: Lektion 1 Heml\u00e4xor: Repetera preteritum! \u00d6B s.65, s.69. TB s.64 &#8211; l\u00e4s texten och \u00f6vers\u00e4tt nya ord. Lektion 2 Anteckningar: Lektion 2 Heml\u00e4xor: Rita ditt sl\u00e4kttr\u00e4d &#8211; ta inspiration fr\u00e5n tr\u00e4det p\u00e5 TB s.65; skriv bredvid varje namn det familjeord som beskriver din relation med denna person (t.ex. Anna &#8211; syster). Ta [&hellip;]<\/p>\n","protected":false},"author":961,"featured_media":0,"parent":0,"menu_order":0,"comment_status":"closed","ping_status":"closed","template":"","meta":{"footnotes":""},"class_list":["post-251","page","type-page","status-publish","hentry","post-preview"],"_links":{"self":[{"href":"https:\/\/blogg.folkuniversitetet.nu\/carefr\/wp-json\/wp\/v2\/pages\/251","targetHints":{"allow":["GET"]}}],"collection":[{"href":"https:\/\/blogg.folkuniversitetet.nu\/carefr\/wp-json\/wp\/v2\/pages"}],"about":[{"href":"https:\/\/blogg.folkuniversitetet.nu\/carefr\/wp-json\/wp\/v2\/types\/page"}],"author":[{"embeddable":true,"href":"https:\/\/blogg.folkuniversitetet.nu\/carefr\/wp-json\/wp\/v2\/users\/961"}],"replies":[{"embeddable":true,"href":"https:\/\/blogg.folkuniversitetet.nu\/carefr\/wp-json\/wp\/v2\/comments?post=251"}],"version-history":[{"count":4,"href":"https:\/\/blogg.folkuniversitetet.nu\/carefr\/wp-json\/wp\/v2\/pages\/251\/revisions"}],"predecessor-version":[{"id":264,"href":"https:\/\/blogg.folkuniversitetet.nu\/carefr\/wp-json\/wp\/v2\/pages\/251\/revisions\/264"}],"wp:attachment":[{"href":"https:\/\/blogg.folkuniversitetet.nu\/carefr\/wp-json\/wp\/v2\/media?parent=251"}],"curies":[{"name":"wp","href":"https:\/\/api.w.org\/{rel}","templated":true}]}}