{"id":238,"date":"2025-05-13T23:52:32","date_gmt":"2025-05-13T22:52:32","guid":{"rendered":"https:\/\/blogg.folkuniversitetet.nu\/carefr\/?page_id=238"},"modified":"2025-05-15T20:26:49","modified_gmt":"2025-05-15T19:26:49","slug":"a1-del-1-kursvecka-6","status":"publish","type":"page","link":"https:\/\/blogg.folkuniversitetet.nu\/carefr\/a1-del-1-kursvecka-6\/","title":{"rendered":"A1 del 1 &#8211; Kursvecka #6"},"content":{"rendered":"<h5>Lektion 9<\/h5>\n<p><strong>Anteckningar<\/strong>: <a href=\"https:\/\/drive.google.com\/file\/d\/1OuK-k3vGyEbsOaaNw1WDb4GURjw-Z3Tq\/view?usp=drive_open\">Lektion 8<\/a><\/p>\n<p><strong>Heml\u00e4xor<\/strong>: \u00d6B s.49 (A-B), s.53 (\u00f6va ord), s.55 (repetera kapitlet).<\/p>\n<h5>Lektion 10<\/h5>\n<p>Tack s\u00e5 mycket f\u00f6r de h\u00e4r veckorna och lycka till med allt \u2764\ufe0f<\/p>\n<p>Gl\u00f6m inte att l\u00e4mna in kursv\u00e4rdering: <a href=\"https:\/\/forms.office.com\/e\/TTARAR7r7G\">A1 del 1 &#8211; Francesca<\/a><\/p>\n","protected":false},"excerpt":{"rendered":"<p>Lektion 9 Anteckningar: Lektion 8 Heml\u00e4xor: \u00d6B s.49 (A-B), s.53 (\u00f6va ord), s.55 (repetera kapitlet). Lektion 10 Tack s\u00e5 mycket f\u00f6r de h\u00e4r veckorna och lycka till med allt \u2764\ufe0f Gl\u00f6m inte att l\u00e4mna in kursv\u00e4rdering: A1 del 1 &#8211; Francesca<\/p>\n","protected":false},"author":961,"featured_media":0,"parent":0,"menu_order":0,"comment_status":"closed","ping_status":"closed","template":"","meta":{"footnotes":""},"class_list":["post-238","page","type-page","status-publish","hentry","post-preview"],"_links":{"self":[{"href":"https:\/\/blogg.folkuniversitetet.nu\/carefr\/wp-json\/wp\/v2\/pages\/238","targetHints":{"allow":["GET"]}}],"collection":[{"href":"https:\/\/blogg.folkuniversitetet.nu\/carefr\/wp-json\/wp\/v2\/pages"}],"about":[{"href":"https:\/\/blogg.folkuniversitetet.nu\/carefr\/wp-json\/wp\/v2\/types\/page"}],"author":[{"embeddable":true,"href":"https:\/\/blogg.folkuniversitetet.nu\/carefr\/wp-json\/wp\/v2\/users\/961"}],"replies":[{"embeddable":true,"href":"https:\/\/blogg.folkuniversitetet.nu\/carefr\/wp-json\/wp\/v2\/comments?post=238"}],"version-history":[{"count":7,"href":"https:\/\/blogg.folkuniversitetet.nu\/carefr\/wp-json\/wp\/v2\/pages\/238\/revisions"}],"predecessor-version":[{"id":250,"href":"https:\/\/blogg.folkuniversitetet.nu\/carefr\/wp-json\/wp\/v2\/pages\/238\/revisions\/250"}],"wp:attachment":[{"href":"https:\/\/blogg.folkuniversitetet.nu\/carefr\/wp-json\/wp\/v2\/media?parent=238"}],"curies":[{"name":"wp","href":"https:\/\/api.w.org\/{rel}","templated":true}]}}