{"id":222,"date":"2025-05-07T07:56:07","date_gmt":"2025-05-07T06:56:07","guid":{"rendered":"https:\/\/blogg.folkuniversitetet.nu\/carefr\/?page_id=222"},"modified":"2025-05-09T08:27:44","modified_gmt":"2025-05-09T07:27:44","slug":"a1-del-1-kursvecka-5-2","status":"publish","type":"page","link":"https:\/\/blogg.folkuniversitetet.nu\/carefr\/a1-del-1-kursvecka-5-2\/","title":{"rendered":"A1 del 1 &#8211; Kursvecka #5"},"content":{"rendered":"<h5>Lektion 7<\/h5>\n<p><strong>Anteckningar<\/strong>: <a href=\"http:\/\/blogg.folkuniversitetet.nu\/carefr\/files\/2025\/05\/Lektion-6.pdf\">Lektion 6.2<\/a><\/p>\n<p><strong>Heml\u00e4xor<\/strong>: \u00d6B s.31 (C &#8211; Linns dag), s.33 (B). TB s.41 &#8211; Favoritfiket: l\u00e4s texten och \u00f6vers\u00e4tt ok\u00e4nda\/nya ord. Skriv en kort text om ditt favoritfiket\/kaf\u00e9 genom att svara p\u00e5 fr\u00e5gorna i uppgiften A (s.41). Ta med dig texten till lektionen s\u00e5 att du kan ber\u00e4tta det f\u00f6r dina klasskamrater!<\/p>\n<h5>Lektion 8<\/h5>\n<p><strong>Anteckningar<\/strong>: <a href=\"http:\/\/blogg.folkuniversitetet.nu\/carefr\/files\/2025\/05\/Lektion-6-1.pdf\">Lektion 6.3<\/a> +\u00a0<a href=\"http:\/\/blogg.folkuniversitetet.nu\/carefr\/files\/2025\/05\/Lektion-7.pdf\">Lektion 7<\/a><\/p>\n<p><strong>Heml\u00e4xor<\/strong>: TB s.43 (C), s.44 (Handla och fika) l\u00e4s texterna och \u00f6vers\u00e4tt nya ord. \u00d6B s.36 (B och C), s.37 (Prepositioner).<\/p>\n<p>Titta p\u00e5 den h\u00e4r video om hur man bakar en kladdkaka och skriv ett kort recept med ingredienserna och alla steg med verb i imperativ (t.ex. &#8221;sm\u00e4lt sm\u00f6ret i en kastrull&#8221;). Du f\u00e5r ta inspiration fr\u00e5n ett annat recept b\u00e5de p\u00e5 svenska eller p\u00e5 ditt modersm\u00e5l. Ta med dig texten s\u00e5 att du kan j\u00e4mf\u00f6ra din text med dina klasskamraters text! Lycka till och trevlig helg\u263a\ufe0f<\/p>\n<p><iframe loading=\"lazy\" title=\"Seg och kladdig kladdkaka\" width=\"676\" height=\"380\" src=\"https:\/\/www.youtube.com\/embed\/0kbJjdYb4PQ?feature=oembed\" frameborder=\"0\" allow=\"accelerometer; autoplay; clipboard-write; encrypted-media; gyroscope; picture-in-picture; web-share\" referrerpolicy=\"strict-origin-when-cross-origin\" allowfullscreen><\/iframe><\/p>\n","protected":false},"excerpt":{"rendered":"<p>Lektion 7 Anteckningar: Lektion 6.2 Heml\u00e4xor: \u00d6B s.31 (C &#8211; Linns dag), s.33 (B). TB s.41 &#8211; Favoritfiket: l\u00e4s texten och \u00f6vers\u00e4tt ok\u00e4nda\/nya ord. Skriv en kort text om ditt favoritfiket\/kaf\u00e9 genom att svara p\u00e5 fr\u00e5gorna i uppgiften A (s.41). Ta med dig texten till lektionen s\u00e5 att du kan ber\u00e4tta det f\u00f6r dina klasskamrater! [&hellip;]<\/p>\n","protected":false},"author":961,"featured_media":0,"parent":0,"menu_order":0,"comment_status":"closed","ping_status":"closed","template":"","meta":{"footnotes":""},"class_list":["post-222","page","type-page","status-publish","hentry","post-preview"],"_links":{"self":[{"href":"https:\/\/blogg.folkuniversitetet.nu\/carefr\/wp-json\/wp\/v2\/pages\/222","targetHints":{"allow":["GET"]}}],"collection":[{"href":"https:\/\/blogg.folkuniversitetet.nu\/carefr\/wp-json\/wp\/v2\/pages"}],"about":[{"href":"https:\/\/blogg.folkuniversitetet.nu\/carefr\/wp-json\/wp\/v2\/types\/page"}],"author":[{"embeddable":true,"href":"https:\/\/blogg.folkuniversitetet.nu\/carefr\/wp-json\/wp\/v2\/users\/961"}],"replies":[{"embeddable":true,"href":"https:\/\/blogg.folkuniversitetet.nu\/carefr\/wp-json\/wp\/v2\/comments?post=222"}],"version-history":[{"count":7,"href":"https:\/\/blogg.folkuniversitetet.nu\/carefr\/wp-json\/wp\/v2\/pages\/222\/revisions"}],"predecessor-version":[{"id":237,"href":"https:\/\/blogg.folkuniversitetet.nu\/carefr\/wp-json\/wp\/v2\/pages\/222\/revisions\/237"}],"wp:attachment":[{"href":"https:\/\/blogg.folkuniversitetet.nu\/carefr\/wp-json\/wp\/v2\/media?parent=222"}],"curies":[{"name":"wp","href":"https:\/\/api.w.org\/{rel}","templated":true}]}}