{"id":202,"date":"2025-04-22T07:29:44","date_gmt":"2025-04-22T06:29:44","guid":{"rendered":"https:\/\/blogg.folkuniversitetet.nu\/carefr\/?page_id=202"},"modified":"2025-04-29T22:44:02","modified_gmt":"2025-04-29T21:44:02","slug":"a1-del-1-kursvecka-3-2","status":"publish","type":"page","link":"https:\/\/blogg.folkuniversitetet.nu\/carefr\/a1-del-1-kursvecka-3-2\/","title":{"rendered":"A1 del 1 &#8211; Kursvecka #3"},"content":{"rendered":"<h5>Lektion 4<\/h5>\n<p><strong>Anteckningar<\/strong>: <a href=\"http:\/\/blogg.folkuniversitetet.nu\/carefr\/files\/2025\/04\/Lektion-4.pdf\">Lektion 4<\/a><\/p>\n<p><strong>Heml\u00e4xor<\/strong>: Repetera lektionen och \u00f6va! \u00d6B: s.19, s.20, s.21.<\/p>\n<p>&nbsp;<\/p>\n<h5>Lektion 5<\/h5>\n<p><strong>Anteckningar<\/strong>: <a href=\"http:\/\/blogg.folkuniversitetet.nu\/carefr\/files\/2025\/04\/Lektion-5-1.pdf\">Lektion 5<\/a><\/p>\n<p><strong>Heml\u00e4xor<\/strong>: Repetera lektionen och \u00f6va siffror! TB s.27, s.28 (C) &#8211; s\u00e4g siffrorna. \u00d6B s.25. Skriv 12 fr\u00e5gor med Vilken\/Vilket, Hur m\u00e5nga\/hur mycket, Hur + adjektiv och Vad\u2026f\u00f6r. \u00d6va uttalet. Vi kommer att l\u00e4sa upp alla fr\u00e5gor i klassen!<\/p>\n","protected":false},"excerpt":{"rendered":"<p>Lektion 4 Anteckningar: Lektion 4 Heml\u00e4xor: Repetera lektionen och \u00f6va! \u00d6B: s.19, s.20, s.21. &nbsp; Lektion 5 Anteckningar: Lektion 5 Heml\u00e4xor: Repetera lektionen och \u00f6va siffror! TB s.27, s.28 (C) &#8211; s\u00e4g siffrorna. \u00d6B s.25. Skriv 12 fr\u00e5gor med Vilken\/Vilket, Hur m\u00e5nga\/hur mycket, Hur + adjektiv och Vad\u2026f\u00f6r. \u00d6va uttalet. Vi kommer att l\u00e4sa upp [&hellip;]<\/p>\n","protected":false},"author":961,"featured_media":0,"parent":0,"menu_order":0,"comment_status":"closed","ping_status":"closed","template":"","meta":{"footnotes":""},"class_list":["post-202","page","type-page","status-publish","hentry","post-preview"],"_links":{"self":[{"href":"https:\/\/blogg.folkuniversitetet.nu\/carefr\/wp-json\/wp\/v2\/pages\/202","targetHints":{"allow":["GET"]}}],"collection":[{"href":"https:\/\/blogg.folkuniversitetet.nu\/carefr\/wp-json\/wp\/v2\/pages"}],"about":[{"href":"https:\/\/blogg.folkuniversitetet.nu\/carefr\/wp-json\/wp\/v2\/types\/page"}],"author":[{"embeddable":true,"href":"https:\/\/blogg.folkuniversitetet.nu\/carefr\/wp-json\/wp\/v2\/users\/961"}],"replies":[{"embeddable":true,"href":"https:\/\/blogg.folkuniversitetet.nu\/carefr\/wp-json\/wp\/v2\/comments?post=202"}],"version-history":[{"count":5,"href":"https:\/\/blogg.folkuniversitetet.nu\/carefr\/wp-json\/wp\/v2\/pages\/202\/revisions"}],"predecessor-version":[{"id":221,"href":"https:\/\/blogg.folkuniversitetet.nu\/carefr\/wp-json\/wp\/v2\/pages\/202\/revisions\/221"}],"wp:attachment":[{"href":"https:\/\/blogg.folkuniversitetet.nu\/carefr\/wp-json\/wp\/v2\/media?parent=202"}],"curies":[{"name":"wp","href":"https:\/\/api.w.org\/{rel}","templated":true}]}}