{"id":164,"date":"2025-04-04T07:44:36","date_gmt":"2025-04-04T06:44:36","guid":{"rendered":"https:\/\/blogg.folkuniversitetet.nu\/carefr\/?page_id=164"},"modified":"2025-09-24T22:29:16","modified_gmt":"2025-09-24T21:29:16","slug":"extramaterial","status":"publish","type":"page","link":"https:\/\/blogg.folkuniversitetet.nu\/carefr\/extramaterial\/","title":{"rendered":"Extramaterial"},"content":{"rendered":"<ul>\n<li>\n<blockquote><p><a href=\"http:\/\/blogg.folkuniversitetet.nu\/carefr\/files\/2025\/04\/klockan.pdf\">Klockan<\/a><\/p><\/blockquote>\n<\/li>\n<li>\n<blockquote><p><a href=\"http:\/\/blogg.folkuniversitetet.nu\/carefr\/files\/2025\/04\/Infinitiv-presens-och-imperativ.pdf\">Infinitiv presens och imperativ<\/a><\/p><\/blockquote>\n<\/li>\n<li>\n<blockquote><p><a href=\"http:\/\/blogg.folkuniversitetet.nu\/carefr\/files\/2025\/04\/Ordfoljd-schema-A1-del-1.pdf\">Ordf\u00f6ljd schema (verb 1)<\/a><\/p><\/blockquote>\n<\/li>\n<li>\n<blockquote><p><a href=\"http:\/\/blogg.folkuniversitetet.nu\/carefr\/files\/2025\/04\/Ordfoljd-schema-A1-del-1-verb-1-och-2.pdf\">Ordf\u00f6ljd schema (verb 1 och 2)<\/a><\/p><\/blockquote>\n<\/li>\n<li>\n<blockquote><p><a href=\"http:\/\/blogg.folkuniversitetet.nu\/carefr\/files\/2025\/04\/plural-obestamd-form.pdf\">Plural (obest\u00e4md form)<\/a><\/p><\/blockquote>\n<\/li>\n<li>\n<blockquote><p><a href=\"https:\/\/drive.google.com\/file\/d\/1NB1HrvmhE2z87Aeu7j963_H2kj8pQTq3\/view?usp=drivesdk\">\u00d6vnings tips<\/a><\/p><\/blockquote>\n<\/li>\n<\/ul>\n","protected":false},"excerpt":{"rendered":"<p>Klockan Infinitiv presens och imperativ Ordf\u00f6ljd schema (verb 1) Ordf\u00f6ljd schema (verb 1 och 2) Plural (obest\u00e4md form) \u00d6vnings tips<\/p>\n","protected":false},"author":961,"featured_media":0,"parent":0,"menu_order":0,"comment_status":"closed","ping_status":"closed","template":"","meta":{"footnotes":""},"class_list":["post-164","page","type-page","status-publish","hentry","post-preview"],"_links":{"self":[{"href":"https:\/\/blogg.folkuniversitetet.nu\/carefr\/wp-json\/wp\/v2\/pages\/164","targetHints":{"allow":["GET"]}}],"collection":[{"href":"https:\/\/blogg.folkuniversitetet.nu\/carefr\/wp-json\/wp\/v2\/pages"}],"about":[{"href":"https:\/\/blogg.folkuniversitetet.nu\/carefr\/wp-json\/wp\/v2\/types\/page"}],"author":[{"embeddable":true,"href":"https:\/\/blogg.folkuniversitetet.nu\/carefr\/wp-json\/wp\/v2\/users\/961"}],"replies":[{"embeddable":true,"href":"https:\/\/blogg.folkuniversitetet.nu\/carefr\/wp-json\/wp\/v2\/comments?post=164"}],"version-history":[{"count":5,"href":"https:\/\/blogg.folkuniversitetet.nu\/carefr\/wp-json\/wp\/v2\/pages\/164\/revisions"}],"predecessor-version":[{"id":423,"href":"https:\/\/blogg.folkuniversitetet.nu\/carefr\/wp-json\/wp\/v2\/pages\/164\/revisions\/423"}],"wp:attachment":[{"href":"https:\/\/blogg.folkuniversitetet.nu\/carefr\/wp-json\/wp\/v2\/media?parent=164"}],"curies":[{"name":"wp","href":"https:\/\/api.w.org\/{rel}","templated":true}]}}