{"id":141,"date":"2025-04-02T11:20:31","date_gmt":"2025-04-02T10:20:31","guid":{"rendered":"https:\/\/blogg.folkuniversitetet.nu\/carefr\/?page_id=141"},"modified":"2025-04-29T22:42:30","modified_gmt":"2025-04-29T21:42:30","slug":"a1-del-1-kursvecka-4","status":"publish","type":"page","link":"https:\/\/blogg.folkuniversitetet.nu\/carefr\/a1-del-1-kursvecka-4\/","title":{"rendered":"A1 del 1 &#8211; Kursvecka #4"},"content":{"rendered":"<h5>Lektion 6<\/h5>\n<p><strong>Anteckningar<\/strong>: <a href=\"http:\/\/blogg.folkuniversitetet.nu\/carefr\/files\/2025\/04\/Lektion-6.pdf\">Lektion 6<\/a><\/p>\n<p><strong>Heml\u00e4xor<\/strong>: \u00d6B s.28 (nr 4 och 5). TB s.35 (D &#8211; stryk under alla subjekt och verb i texten), s.38 (lyssna p\u00e5 inspelningen nr.24 &#8211; ni hittar ljudfilen p\u00e5 NOK &#8211; Portalen, l\u00e4nken finns under menyn &#8221;l\u00e4nkar&#8221;). Ta inspiration fr\u00e5n texten &#8221;Renates dag&#8221; (TB s. 34) och skriv en egen text om en vanlig dag i ert liv (den beh\u00f6ver inte vara lika l\u00e5ng som Renates) och skicka texten till mig via mejl.<\/p>\n<p>Lycka till och ha det roligt p\u00e5 Valborg!<\/p>\n","protected":false},"excerpt":{"rendered":"<p>Lektion 6 Anteckningar: Lektion 6 Heml\u00e4xor: \u00d6B s.28 (nr 4 och 5). TB s.35 (D &#8211; stryk under alla subjekt och verb i texten), s.38 (lyssna p\u00e5 inspelningen nr.24 &#8211; ni hittar ljudfilen p\u00e5 NOK &#8211; Portalen, l\u00e4nken finns under menyn &#8221;l\u00e4nkar&#8221;). Ta inspiration fr\u00e5n texten &#8221;Renates dag&#8221; (TB s. 34) och skriv en egen [&hellip;]<\/p>\n","protected":false},"author":961,"featured_media":0,"parent":0,"menu_order":0,"comment_status":"closed","ping_status":"closed","template":"","meta":{"footnotes":""},"class_list":["post-141","page","type-page","status-publish","hentry","post-preview"],"_links":{"self":[{"href":"https:\/\/blogg.folkuniversitetet.nu\/carefr\/wp-json\/wp\/v2\/pages\/141","targetHints":{"allow":["GET"]}}],"collection":[{"href":"https:\/\/blogg.folkuniversitetet.nu\/carefr\/wp-json\/wp\/v2\/pages"}],"about":[{"href":"https:\/\/blogg.folkuniversitetet.nu\/carefr\/wp-json\/wp\/v2\/types\/page"}],"author":[{"embeddable":true,"href":"https:\/\/blogg.folkuniversitetet.nu\/carefr\/wp-json\/wp\/v2\/users\/961"}],"replies":[{"embeddable":true,"href":"https:\/\/blogg.folkuniversitetet.nu\/carefr\/wp-json\/wp\/v2\/comments?post=141"}],"version-history":[{"count":5,"href":"https:\/\/blogg.folkuniversitetet.nu\/carefr\/wp-json\/wp\/v2\/pages\/141\/revisions"}],"predecessor-version":[{"id":219,"href":"https:\/\/blogg.folkuniversitetet.nu\/carefr\/wp-json\/wp\/v2\/pages\/141\/revisions\/219"}],"wp:attachment":[{"href":"https:\/\/blogg.folkuniversitetet.nu\/carefr\/wp-json\/wp\/v2\/media?parent=141"}],"curies":[{"name":"wp","href":"https:\/\/api.w.org\/{rel}","templated":true}]}}