{"id":131,"date":"2025-04-01T20:22:59","date_gmt":"2025-04-01T19:22:59","guid":{"rendered":"https:\/\/blogg.folkuniversitetet.nu\/carefr\/?page_id=131"},"modified":"2025-04-04T07:33:44","modified_gmt":"2025-04-04T06:33:44","slug":"a1-del-1-kursvecka-5","status":"publish","type":"page","link":"https:\/\/blogg.folkuniversitetet.nu\/carefr\/a1-del-1-kursvecka-5\/","title":{"rendered":"A1 del 1 &#8211; Kursvecka #5"},"content":{"rendered":"<h5>Lektion 9<\/h5>\n<p><strong>Anteckningar<\/strong>: <a href=\"http:\/\/blogg.folkuniversitetet.nu\/carefr\/files\/2025\/04\/Lektion-9.pdf\">Lektion 9<\/a><\/p>\n<p><strong>Heml\u00e4xor<\/strong>: \u00d6B s.58 (B), s.56 (Repetera allt &#8211; bra tr\u00e4ning inf\u00f6r sista lektionens Kahoot!)<\/p>\n<p>&nbsp;<\/p>\n<h5>Lektion 10<\/h5>\n<p><strong>Anteckningar<\/strong>: <a href=\"http:\/\/blogg.folkuniversitetet.nu\/carefr\/files\/2025\/04\/Lektion-10.pdf\">Lektion 10<\/a><\/p>\n<p>Tack f\u00f6r de h\u00e4r veckorna och om ni inte har gjort det \u00e4n kom ih\u00e5g att l\u00e4mna kursv\u00e4rdering!<\/p>\n<p>Lycka till med fortsatta studier \u263a\ufe0f<\/p>\n<p>&nbsp;<\/p>\n","protected":false},"excerpt":{"rendered":"<p>Lektion 9 Anteckningar: Lektion 9 Heml\u00e4xor: \u00d6B s.58 (B), s.56 (Repetera allt &#8211; bra tr\u00e4ning inf\u00f6r sista lektionens Kahoot!) &nbsp; Lektion 10 Anteckningar: Lektion 10 Tack f\u00f6r de h\u00e4r veckorna och om ni inte har gjort det \u00e4n kom ih\u00e5g att l\u00e4mna kursv\u00e4rdering! Lycka till med fortsatta studier \u263a\ufe0f &nbsp;<\/p>\n","protected":false},"author":961,"featured_media":0,"parent":0,"menu_order":0,"comment_status":"closed","ping_status":"closed","template":"","meta":{"footnotes":""},"class_list":["post-131","page","type-page","status-publish","hentry","post-preview"],"_links":{"self":[{"href":"https:\/\/blogg.folkuniversitetet.nu\/carefr\/wp-json\/wp\/v2\/pages\/131","targetHints":{"allow":["GET"]}}],"collection":[{"href":"https:\/\/blogg.folkuniversitetet.nu\/carefr\/wp-json\/wp\/v2\/pages"}],"about":[{"href":"https:\/\/blogg.folkuniversitetet.nu\/carefr\/wp-json\/wp\/v2\/types\/page"}],"author":[{"embeddable":true,"href":"https:\/\/blogg.folkuniversitetet.nu\/carefr\/wp-json\/wp\/v2\/users\/961"}],"replies":[{"embeddable":true,"href":"https:\/\/blogg.folkuniversitetet.nu\/carefr\/wp-json\/wp\/v2\/comments?post=131"}],"version-history":[{"count":4,"href":"https:\/\/blogg.folkuniversitetet.nu\/carefr\/wp-json\/wp\/v2\/pages\/131\/revisions"}],"predecessor-version":[{"id":153,"href":"https:\/\/blogg.folkuniversitetet.nu\/carefr\/wp-json\/wp\/v2\/pages\/131\/revisions\/153"}],"wp:attachment":[{"href":"https:\/\/blogg.folkuniversitetet.nu\/carefr\/wp-json\/wp\/v2\/media?parent=131"}],"curies":[{"name":"wp","href":"https:\/\/api.w.org\/{rel}","templated":true}]}}