{"id":110,"date":"2025-03-19T08:59:34","date_gmt":"2025-03-19T07:59:34","guid":{"rendered":"https:\/\/blogg.folkuniversitetet.nu\/carefr\/?page_id=110"},"modified":"2025-04-02T11:27:24","modified_gmt":"2025-04-02T10:27:24","slug":"a1-del-1-kursvecka-3","status":"publish","type":"page","link":"https:\/\/blogg.folkuniversitetet.nu\/carefr\/a1-del-1-kursvecka-3\/","title":{"rendered":"A1 del 1 &#8211; Kursvecka #3"},"content":{"rendered":"<h5>Lektion 5<\/h5>\n<p><strong>Anteckningar<\/strong>: <a href=\"http:\/\/blogg.folkuniversitetet.nu\/carefr\/files\/2025\/03\/Lektion-5.pdf\">Lektion 5<\/a><\/p>\n<p><strong>Heml\u00e4xor<\/strong>: Repetera dagens lektion!! \u00d6B s.26 nr.1, s.28 \u2013 nr.4,5.<\/p>\n<h5>Lektion 6<\/h5>\n<p><strong>Anteckningar<\/strong>: <a href=\"http:\/\/blogg.folkuniversitetet.nu\/carefr\/files\/2025\/03\/Lektion-6.pdf\">Lektion 6<\/a><\/p>\n<p><strong>Heml\u00e4xor<\/strong>: Repetera alla nya verb fr\u00e5n kapitel 3. Skriv en lista av 10 uppmaningar\/instruktioner med imperativ som dina klasskamrater ska uppf\u00f6ra i klassrummet n\u00e4sta g\u00e5ng (endast handlingar som g\u00e5r att utf\u00f6ra i klassen, ingenting galet!) \u00d6B s.33 (B), s.36 (C), s.38 (B).<\/p>\n<p>Tack f\u00f6r denna vecka och ha en fin helg!<\/p>\n","protected":false},"excerpt":{"rendered":"<p>Lektion 5 Anteckningar: Lektion 5 Heml\u00e4xor: Repetera dagens lektion!! \u00d6B s.26 nr.1, s.28 \u2013 nr.4,5. Lektion 6 Anteckningar: Lektion 6 Heml\u00e4xor: Repetera alla nya verb fr\u00e5n kapitel 3. Skriv en lista av 10 uppmaningar\/instruktioner med imperativ som dina klasskamrater ska uppf\u00f6ra i klassrummet n\u00e4sta g\u00e5ng (endast handlingar som g\u00e5r att utf\u00f6ra i klassen, ingenting galet!) [&hellip;]<\/p>\n","protected":false},"author":961,"featured_media":0,"parent":0,"menu_order":0,"comment_status":"closed","ping_status":"closed","template":"","meta":{"footnotes":""},"class_list":["post-110","page","type-page","status-publish","hentry","post-preview"],"_links":{"self":[{"href":"https:\/\/blogg.folkuniversitetet.nu\/carefr\/wp-json\/wp\/v2\/pages\/110","targetHints":{"allow":["GET"]}}],"collection":[{"href":"https:\/\/blogg.folkuniversitetet.nu\/carefr\/wp-json\/wp\/v2\/pages"}],"about":[{"href":"https:\/\/blogg.folkuniversitetet.nu\/carefr\/wp-json\/wp\/v2\/types\/page"}],"author":[{"embeddable":true,"href":"https:\/\/blogg.folkuniversitetet.nu\/carefr\/wp-json\/wp\/v2\/users\/961"}],"replies":[{"embeddable":true,"href":"https:\/\/blogg.folkuniversitetet.nu\/carefr\/wp-json\/wp\/v2\/comments?post=110"}],"version-history":[{"count":13,"href":"https:\/\/blogg.folkuniversitetet.nu\/carefr\/wp-json\/wp\/v2\/pages\/110\/revisions"}],"predecessor-version":[{"id":151,"href":"https:\/\/blogg.folkuniversitetet.nu\/carefr\/wp-json\/wp\/v2\/pages\/110\/revisions\/151"}],"wp:attachment":[{"href":"https:\/\/blogg.folkuniversitetet.nu\/carefr\/wp-json\/wp\/v2\/media?parent=110"}],"curies":[{"name":"wp","href":"https:\/\/api.w.org\/{rel}","templated":true}]}}