{"id":31,"date":"2018-09-19T10:29:44","date_gmt":"2018-09-19T08:29:44","guid":{"rendered":"http:\/\/blogg.folkuniversitetet.nu\/briole2\/?page_id=31"},"modified":"2021-05-06T14:10:28","modified_gmt":"2021-05-06T12:10:28","slug":"sites-utiles","status":"publish","type":"page","link":"https:\/\/blogg.folkuniversitetet.nu\/briole2\/sites-utiles\/","title":{"rendered":"sites utiles"},"content":{"rendered":"<p>&nbsp;<\/p>\n<p><span style=\"color: #0000ff\"><strong>LES JOURNAUX<br \/>\n<\/strong><\/span><\/p>\n<ul>\n<li><span style=\"color: #0000ff\"><strong><a style=\"color: #0000ff\" href=\"https:\/\/www.lemonde.fr\/\">Le Monde<\/a><\/strong><\/span><\/li>\n<li><span style=\"color: #0000ff\"><strong><a style=\"color: #0000ff\" href=\"https:\/\/www.liberation.fr\/\">Lib\u00e9ration<\/a><\/strong><\/span><\/li>\n<li><strong><span style=\"color: #0000ff\"><a style=\"color: #0000ff\" href=\"https:\/\/www.nouvelobs.com\/\">Nouvel Observateur<\/a><\/span><\/strong><\/li>\n<\/ul>\n<p><span style=\"color: #ff0000\"><strong>LA RADIO (Les podcast)<br \/>\n<\/strong><\/span><\/p>\n<p><span style=\"color: #ff0000\">(Niveaux A1\/A2)<\/span><\/p>\n<ul>\n<li><strong><span style=\"color: #ff0000\"><a style=\"color: #ff0000\" href=\"https:\/\/savoirs.rfi.fr\/fr\/apprendre-enseigner\/langue-francaise\/journal-en-francais-facile\">Le journal en fran\u00e7ais facile<\/a><\/span><\/strong><\/li>\n<li><strong><span style=\"color: #ff0000\"><a style=\"color: #ff0000\" href=\"https:\/\/www.newsinslowfrench.com\/intermediate-french\">News in Slow French<\/a><\/span><\/strong><\/li>\n<\/ul>\n<p><span style=\"color: #ff0000\">(Niveau B1\/B2)<\/span><\/p>\n<ul>\n<li><strong><span style=\"color: #ff0000\"><a style=\"color: #ff0000\" href=\"https:\/\/innerfrench.com\/\">Inner French<\/a><\/span><\/strong><\/li>\n<\/ul>\n<p><span style=\"color: #ff0000\">(Niveau B2\/C1):<\/span><\/p>\n<ul>\n<li><strong><span style=\"color: #ff0000\"><a style=\"color: #ff0000\" href=\"http:\/\/franceinfo.radio.net\/\">France Info Radio<\/a><\/span><\/strong><\/li>\n<li><span style=\"color: #ff0000\"><strong><a style=\"color: #ff0000\" href=\"https:\/\/www.franceinter.fr\/emissions\/ca-peut-pas-faire-de-mal\">Ca peut pas faire de mal<\/a><\/strong><\/span><\/li>\n<li><strong><span style=\"color: #ff0000\"><a style=\"color: #ff0000\" href=\"https:\/\/www.franceculture.fr\/emissions\/le-journal-des-idees-0\">Le journal des id\u00e9es (France culture)<\/a><\/span><\/strong><\/li>\n<\/ul>\n<p><span style=\"color: #008000\"><strong>LA T\u00c9L\u00c9<br \/>\n<\/strong><\/span><\/p>\n<ul>\n<li><span style=\"color: #008000\"><strong><a style=\"color: #008000\" href=\"https:\/\/fr.euronews.com\/\">Euro News<\/a><\/strong><\/span><\/li>\n<li><span style=\"color: #008000\"><strong><a style=\"color: #008000\" href=\"https:\/\/www.arte.tv\/fr\/videos\/RC-014085\/arte-journal\/\">Arte journal<\/a><\/strong><\/span><\/li>\n<li><strong><span style=\"color: #008000\"><a style=\"color: #008000\" href=\"https:\/\/www.arte.tv\/fr\/\">Arte<\/a><\/span><\/strong><\/li>\n<li><strong><span style=\"color: #008000\"><a style=\"color: #008000\" href=\"https:\/\/www.france.tv\/france-2\/\">France 2<\/a><\/span><\/strong><\/li>\n<li><strong><span style=\"color: #008000\"><a style=\"color: #008000\" href=\"https:\/\/www.france.tv\/france-5\/\">France 5<\/a><\/span><\/strong><\/li>\n<\/ul>\n<p><span style=\"color: #008000\">\u00c9missions t\u00e9l\u00e9:<\/span><\/p>\n<ul>\n<li><strong><span style=\"color: #008000\"><a style=\"color: #008000\" href=\"https:\/\/www.tv5mondeplus.com\/toutes-les-emissions\/7-jours-sur-la-planete\">7 jours sur la plan\u00e8te (TV5 monde)<\/a><\/span><\/strong><\/li>\n<\/ul>\n<p><strong><span style=\"color: #800080\">SITES DE GRAMMAIRE<\/span><\/strong><\/p>\n<ul>\n<li><strong><span style=\"color: #800080\"><a style=\"color: #800080\" href=\"https:\/\/parlez-vous-french.com\/\">Parlez-vous French?<\/a><\/span><\/strong><\/li>\n<li><span style=\"color: #800080\"><a style=\"color: #800080\" href=\"https:\/\/www.podcastfrancaisfacile.com\/\"><strong><span style=\"color: #800080\">Podcast Fran\u00e7ais facile<\/span><\/strong><\/a><\/span><\/li>\n<\/ul>\n<p><strong><span style=\"color: #ff00ff\">LES VID\u00c9OS<\/span><\/strong><\/p>\n<p><span style=\"color: #ff00ff\"><a style=\"color: #ff00ff\" href=\"https:\/\/urplay.se\/amne\/moderna-sprak\/franska\">Ur Play<\/a><\/span><\/p>\n<p>&nbsp;<\/p>\n","protected":false},"excerpt":{"rendered":"<p>&nbsp; LES JOURNAUX Le Monde Lib\u00e9ration Nouvel Observateur LA RADIO (Les podcast) (Niveaux A1\/A2) Le journal en fran\u00e7ais facile News in Slow French (Niveau B1\/B2) Inner French (Niveau B2\/C1): France Info Radio Ca peut pas faire de mal Le journal des id\u00e9es (France culture) LA T\u00c9L\u00c9 Euro News Arte journal Arte France 2 France 5 &hellip; <a href=\"https:\/\/blogg.folkuniversitetet.nu\/briole2\/sites-utiles\/\" class=\"more-link\">Forts\u00e4tt l\u00e4sa <span class=\"screen-reader-text\">sites utiles<\/span> <span class=\"meta-nav\">&rarr;<\/span><\/a><\/p>\n","protected":false},"author":276,"featured_media":0,"parent":0,"menu_order":0,"comment_status":"closed","ping_status":"closed","template":"","meta":{"footnotes":""},"class_list":["post-31","page","type-page","status-publish","hentry"],"_links":{"self":[{"href":"https:\/\/blogg.folkuniversitetet.nu\/briole2\/wp-json\/wp\/v2\/pages\/31","targetHints":{"allow":["GET"]}}],"collection":[{"href":"https:\/\/blogg.folkuniversitetet.nu\/briole2\/wp-json\/wp\/v2\/pages"}],"about":[{"href":"https:\/\/blogg.folkuniversitetet.nu\/briole2\/wp-json\/wp\/v2\/types\/page"}],"author":[{"embeddable":true,"href":"https:\/\/blogg.folkuniversitetet.nu\/briole2\/wp-json\/wp\/v2\/users\/276"}],"replies":[{"embeddable":true,"href":"https:\/\/blogg.folkuniversitetet.nu\/briole2\/wp-json\/wp\/v2\/comments?post=31"}],"version-history":[{"count":12,"href":"https:\/\/blogg.folkuniversitetet.nu\/briole2\/wp-json\/wp\/v2\/pages\/31\/revisions"}],"predecessor-version":[{"id":253,"href":"https:\/\/blogg.folkuniversitetet.nu\/briole2\/wp-json\/wp\/v2\/pages\/31\/revisions\/253"}],"wp:attachment":[{"href":"https:\/\/blogg.folkuniversitetet.nu\/briole2\/wp-json\/wp\/v2\/media?parent=31"}],"curies":[{"name":"wp","href":"https:\/\/api.w.org\/{rel}","templated":true}]}}