{"id":89,"date":"2024-09-16T14:34:45","date_gmt":"2024-09-16T13:34:45","guid":{"rendered":"https:\/\/blogg.folkuniversitetet.nu\/boswka\/?page_id=89"},"modified":"2024-09-18T05:13:49","modified_gmt":"2024-09-18T04:13:49","slug":"laxa-till-onsdag-18-september","status":"publish","type":"page","link":"https:\/\/blogg.folkuniversitetet.nu\/boswka\/laxa-till-onsdag-18-september\/","title":{"rendered":"L\u00e4xa till onsdag 18 september"},"content":{"rendered":"<p>Hej!<\/p>\n<p>L\u00e4xa till onsdag 18 september:<\/p>\n<p>TB s. 72 E. Stryk under de <strong>15\u00a0<\/strong>f\u00f6rsta verben i texten\u00a0<em>Alfred Nobel &#8211; Dynamitkungen.\u00a0<\/em>Skriv verben i imperativ, infinitiv, presens och preteritum.<\/p>\n<p>TB s. 73 G. Skriv en kort text om en ber\u00f6md person fr\u00e5n ditt land. Skriv<strong> inte<\/strong> personens namn! Fundera p\u00e5 vilket tempus (presens eller preteritum) du ska anv\u00e4nda). Se exempel p\u00e5 s. 73 i texten om Greta Thunberg.<\/p>\n<p>Vi ses p\u00e5 onsdag!<\/p>\n<p>\/\/Katrina<\/p>\n","protected":false},"excerpt":{"rendered":"<p>Hej! L\u00e4xa till onsdag 18 september: TB s. 72 E. Stryk under de 15\u00a0f\u00f6rsta verben i texten\u00a0Alfred Nobel &#8211; Dynamitkungen.\u00a0Skriv verben i imperativ, infinitiv, presens och preteritum. TB s. 73 G. Skriv en kort text om en ber\u00f6md person fr\u00e5n ditt land. Skriv inte personens namn! Fundera p\u00e5 vilket tempus (presens eller preteritum) du ska [&hellip;]<\/p>\n","protected":false},"author":947,"featured_media":0,"parent":0,"menu_order":0,"comment_status":"closed","ping_status":"closed","template":"","meta":{"footnotes":""},"class_list":["post-89","page","type-page","status-publish","hentry","post-preview"],"_links":{"self":[{"href":"https:\/\/blogg.folkuniversitetet.nu\/boswka\/wp-json\/wp\/v2\/pages\/89","targetHints":{"allow":["GET"]}}],"collection":[{"href":"https:\/\/blogg.folkuniversitetet.nu\/boswka\/wp-json\/wp\/v2\/pages"}],"about":[{"href":"https:\/\/blogg.folkuniversitetet.nu\/boswka\/wp-json\/wp\/v2\/types\/page"}],"author":[{"embeddable":true,"href":"https:\/\/blogg.folkuniversitetet.nu\/boswka\/wp-json\/wp\/v2\/users\/947"}],"replies":[{"embeddable":true,"href":"https:\/\/blogg.folkuniversitetet.nu\/boswka\/wp-json\/wp\/v2\/comments?post=89"}],"version-history":[{"count":7,"href":"https:\/\/blogg.folkuniversitetet.nu\/boswka\/wp-json\/wp\/v2\/pages\/89\/revisions"}],"predecessor-version":[{"id":97,"href":"https:\/\/blogg.folkuniversitetet.nu\/boswka\/wp-json\/wp\/v2\/pages\/89\/revisions\/97"}],"wp:attachment":[{"href":"https:\/\/blogg.folkuniversitetet.nu\/boswka\/wp-json\/wp\/v2\/media?parent=89"}],"curies":[{"name":"wp","href":"https:\/\/api.w.org\/{rel}","templated":true}]}}