{"id":79,"date":"2024-09-16T06:37:33","date_gmt":"2024-09-16T05:37:33","guid":{"rendered":"https:\/\/blogg.folkuniversitetet.nu\/boswka\/?page_id=79"},"modified":"2024-09-16T06:38:48","modified_gmt":"2024-09-16T05:38:48","slug":"79-2","status":"publish","type":"page","link":"https:\/\/blogg.folkuniversitetet.nu\/boswka\/79-2\/","title":{"rendered":"Extramaterial till Rivstart!"},"content":{"rendered":"<p>Hej b\u00e4sta gruppen!<\/p>\n<p>H\u00e4r kommer en instruktion till att skapa ett konto hos Natur &amp; Kultur (NoK) f\u00f6r att f\u00e5 tillg\u00e5ng till extramaterial till Rivstart. Du kan lyssna p\u00e5 texter och g\u00f6ra mer \u00f6vningar. OBS! Du ska v\u00e4lja\u00a0 Rivstart 3:e upplagan.<\/p>\n<p>Vi ses!<\/p>\n<p>&nbsp;<\/p>\n<p>Hi!<\/p>\n<p>Please find an instruction below to create an account with Natur &amp; Kultur (NoK) to access more material for Rivstart. You can listen to the texts and do more exercises. The instruction is in both Swedish and English. Please note! Choose Rivstart 3rd edition (3:e upplagan).<\/p>\n<p>See you!<\/p>\n<p>&nbsp;<\/p>\n<p><a href=\"http:\/\/blogg.folkuniversitetet.nu\/boswka\/files\/2024\/09\/Access-Rivstart-Extramaterial-NY.pdf\">Access Rivstart Extramaterial NY<\/a><\/p>\n","protected":false},"excerpt":{"rendered":"<p>Hej b\u00e4sta gruppen! H\u00e4r kommer en instruktion till att skapa ett konto hos Natur &amp; Kultur (NoK) f\u00f6r att f\u00e5 tillg\u00e5ng till extramaterial till Rivstart. Du kan lyssna p\u00e5 texter och g\u00f6ra mer \u00f6vningar. OBS! Du ska v\u00e4lja\u00a0 Rivstart 3:e upplagan. Vi ses! &nbsp; Hi! Please find an instruction below to create an account with [&hellip;]<\/p>\n","protected":false},"author":947,"featured_media":0,"parent":0,"menu_order":0,"comment_status":"closed","ping_status":"closed","template":"","meta":{"footnotes":""},"class_list":["post-79","page","type-page","status-publish","hentry","post-preview"],"_links":{"self":[{"href":"https:\/\/blogg.folkuniversitetet.nu\/boswka\/wp-json\/wp\/v2\/pages\/79","targetHints":{"allow":["GET"]}}],"collection":[{"href":"https:\/\/blogg.folkuniversitetet.nu\/boswka\/wp-json\/wp\/v2\/pages"}],"about":[{"href":"https:\/\/blogg.folkuniversitetet.nu\/boswka\/wp-json\/wp\/v2\/types\/page"}],"author":[{"embeddable":true,"href":"https:\/\/blogg.folkuniversitetet.nu\/boswka\/wp-json\/wp\/v2\/users\/947"}],"replies":[{"embeddable":true,"href":"https:\/\/blogg.folkuniversitetet.nu\/boswka\/wp-json\/wp\/v2\/comments?post=79"}],"version-history":[{"count":2,"href":"https:\/\/blogg.folkuniversitetet.nu\/boswka\/wp-json\/wp\/v2\/pages\/79\/revisions"}],"predecessor-version":[{"id":83,"href":"https:\/\/blogg.folkuniversitetet.nu\/boswka\/wp-json\/wp\/v2\/pages\/79\/revisions\/83"}],"wp:attachment":[{"href":"https:\/\/blogg.folkuniversitetet.nu\/boswka\/wp-json\/wp\/v2\/media?parent=79"}],"curies":[{"name":"wp","href":"https:\/\/api.w.org\/{rel}","templated":true}]}}