{"id":75,"date":"2024-09-12T05:55:56","date_gmt":"2024-09-12T04:55:56","guid":{"rendered":"https:\/\/blogg.folkuniversitetet.nu\/boswka\/?page_id=75"},"modified":"2024-10-07T05:27:22","modified_gmt":"2024-10-07T04:27:22","slug":"a1-del-2-kursvecka-2","status":"publish","type":"page","link":"https:\/\/blogg.folkuniversitetet.nu\/boswka\/a1-del-2-start-9-september\/a1-del-2-kursvecka-2\/","title":{"rendered":"A1 del 2 Kursvecka #3"},"content":{"rendered":"<p><iframe loading=\"lazy\" title=\"Balladen om herr Fredrik \u00c5kare och den s\u00f6ta fr\u00f6ken Cecilia Lind\" width=\"676\" height=\"507\" src=\"https:\/\/www.youtube.com\/embed\/EMgKtVV3USo?feature=oembed\" frameborder=\"0\" allow=\"accelerometer; autoplay; clipboard-write; encrypted-media; gyroscope; picture-in-picture; web-share\" referrerpolicy=\"strict-origin-when-cross-origin\" allowfullscreen><\/iframe><\/p>\n<p>Hej b\u00e4sta gruppen!<\/p>\n<p>Vad kul det var att jobba med ordkorten och att avsluta lektionen med musik &#8211; Cornelis Vreeswjik! Ovan hittar du en inspelning av Blladen om herr Fredrik \u00c5kare och den s\u00f6ta fr\u00f6ken Cecilia Lind.<\/p>\n<p><strong>L\u00e4xa till m\u00e5ndag 23 september:<\/strong><\/p>\n<p>Vi b\u00f6rjar kapitel 7 &#8211;<strong> Vad shoppar du?<\/strong><\/p>\n<p>TB s. 75. L\u00e4s texterna och stryk under sv\u00e5ra ord. \u00d6vers\u00e4tt orden till ditt spr\u00e5k. Vi lyssnar p\u00e5 texterna i helklass p\u00e5 m\u00e5ndag.<\/p>\n<p>Fundera \u00f6ver din shopping och skriv ner dina svar:<\/p>\n<ol>\n<li><strong>N\u00e4r<\/strong> shoppade du senast och <strong>vad<\/strong> shoppade du?<\/li>\n<li><strong>Var<\/strong> brukar du shoppa? I butik eller p\u00e5 n\u00e4tet? Varf\u00f6r det?<\/li>\n<li><strong>Vad<\/strong> dr\u00f6mmer du om att shoppa?<\/li>\n<li>Vilka <strong>synonymer<\/strong> finns till ordet <strong>shoppa<\/strong>?<\/li>\n<li>Fr\u00e5n <strong>vilket spr\u00e5k<\/strong> kommer ordet <strong>shoppa<\/strong>? P\u00e5 vilken hemsida kan du hitta svar p\u00e5 om ordet shoppa blivit ett svenskt ord?<\/li>\n<\/ol>\n<p>TB s. 77 <strong>P\u00e5 varuhuset<\/strong><\/p>\n<p>Skriv r\u00e4tt bokstav till r\u00e4tt ord. I vilken svensk butik kan du handla allt p\u00e5 bilderna?<\/p>\n<p>L\u00e4s\u00a0 rutorna i\u00a0 TB s. 76 <strong>N\u00e5gon och ingen\u00a0<\/strong>och g\u00f6r <strong>\u00f6vning A<\/strong>. Jag kommer ocks\u00e5 ha en genomg\u00e5ng i\u00a0 helklass p\u00e5 m\u00e5ndag.<\/p>\n<p>Trevlig helg! Njut av fina h\u00f6stdagar!<\/p>\n<p>\/Katrina<\/p>\n<p>&nbsp;<\/p>\n<p>&nbsp;<\/p>\n<p>&nbsp;<\/p>\n<p>&nbsp;<\/p>\n<p>&nbsp;<\/p>\n","protected":false},"excerpt":{"rendered":"<p>Hej b\u00e4sta gruppen! Vad kul det var att jobba med ordkorten och att avsluta lektionen med musik &#8211; Cornelis Vreeswjik! Ovan hittar du en inspelning av Blladen om herr Fredrik \u00c5kare och den s\u00f6ta fr\u00f6ken Cecilia Lind. L\u00e4xa till m\u00e5ndag 23 september: Vi b\u00f6rjar kapitel 7 &#8211; Vad shoppar du? TB s. 75. L\u00e4s texterna [&hellip;]<\/p>\n","protected":false},"author":947,"featured_media":0,"parent":45,"menu_order":0,"comment_status":"closed","ping_status":"closed","template":"","meta":{"footnotes":""},"class_list":["post-75","page","type-page","status-publish","hentry","post-preview"],"_links":{"self":[{"href":"https:\/\/blogg.folkuniversitetet.nu\/boswka\/wp-json\/wp\/v2\/pages\/75","targetHints":{"allow":["GET"]}}],"collection":[{"href":"https:\/\/blogg.folkuniversitetet.nu\/boswka\/wp-json\/wp\/v2\/pages"}],"about":[{"href":"https:\/\/blogg.folkuniversitetet.nu\/boswka\/wp-json\/wp\/v2\/types\/page"}],"author":[{"embeddable":true,"href":"https:\/\/blogg.folkuniversitetet.nu\/boswka\/wp-json\/wp\/v2\/users\/947"}],"replies":[{"embeddable":true,"href":"https:\/\/blogg.folkuniversitetet.nu\/boswka\/wp-json\/wp\/v2\/comments?post=75"}],"version-history":[{"count":9,"href":"https:\/\/blogg.folkuniversitetet.nu\/boswka\/wp-json\/wp\/v2\/pages\/75\/revisions"}],"predecessor-version":[{"id":131,"href":"https:\/\/blogg.folkuniversitetet.nu\/boswka\/wp-json\/wp\/v2\/pages\/75\/revisions\/131"}],"up":[{"embeddable":true,"href":"https:\/\/blogg.folkuniversitetet.nu\/boswka\/wp-json\/wp\/v2\/pages\/45"}],"wp:attachment":[{"href":"https:\/\/blogg.folkuniversitetet.nu\/boswka\/wp-json\/wp\/v2\/media?parent=75"}],"curies":[{"name":"wp","href":"https:\/\/api.w.org\/{rel}","templated":true}]}}