{"id":52,"date":"2024-09-04T14:05:59","date_gmt":"2024-09-04T13:05:59","guid":{"rendered":"https:\/\/blogg.folkuniversitetet.nu\/boswka\/?page_id=52"},"modified":"2024-09-10T05:25:13","modified_gmt":"2024-09-10T04:25:13","slug":"a1-del-2-kursvecka-1","status":"publish","type":"page","link":"https:\/\/blogg.folkuniversitetet.nu\/boswka\/a1-del-2-kursvecka-1\/","title":{"rendered":"A1 del 2 Kursvecka #1"},"content":{"rendered":"<p>Hej b\u00e4sta student!<\/p>\n<p>Tack f\u00f6r ett bra m\u00f6te ig\u00e5r!<\/p>\n<p>Vi gjorde:<\/p>\n<ul>\n<li>Presentation av en kompis<\/li>\n<li>Vokaler i svenskan: <strong>a, e , i, o, u, y, \u00e5, \u00e4, \u00f6<\/strong><\/li>\n<li><strong>Sl\u00e4kttr\u00e4d<\/strong> i Rivstart TB s. 65<\/li>\n<li><strong>Felicias sl\u00e4kt<\/strong> i Rivstart s 64 . Minns du vad <em>sv\u00e4gerska<\/em> betyder?<\/li>\n<\/ul>\n<p><strong>L\u00e4xa till onsdag 11:e september<\/strong>:<\/p>\n<ul>\n<li><strong>Min faster \u00e4r Nobelpristagare\u00a0<\/strong>Rivstart TB s. 68\n<ul>\n<li>L\u00e4s texten tv\u00e5 g\u00e5nger<\/li>\n<li>Stryk under sv\u00e5ra ord<\/li>\n<li>\u00d6vers\u00e4tt till ditt\u00a0 spr\u00e5k<\/li>\n<\/ul>\n<\/li>\n<li>Grammatik: <strong>relativt pronomen- SOM <\/strong>Rivstart \u00d6B s. 73\n<ul>\n<li>Erik har en kompis. Hon \u00e4r fr\u00e5n England.<\/li>\n<li>Erik har en kompis <strong>som<\/strong> \u00e4r fr\u00e5n England.<\/li>\n<\/ul>\n<\/li>\n<li>Grammatik: <strong>possessiva pronomen<\/strong> Rivstart \u00d6B s. 74\n<ul>\n<li>Jag \u00e4lskar <strong>min<\/strong> pappa.<\/li>\n<li>Jag \u00e4lskar <strong>mitt<\/strong> barn.<\/li>\n<li>Jag \u00e4lskar<strong> mina<\/strong> v\u00e4nner.<\/li>\n<\/ul>\n<\/li>\n<\/ul>\n<p>Ses p\u00e5 onsdag kl. 18!<\/p>\n<p>&nbsp;<\/p>\n","protected":false},"excerpt":{"rendered":"<p>Hej b\u00e4sta student! Tack f\u00f6r ett bra m\u00f6te ig\u00e5r! Vi gjorde: Presentation av en kompis Vokaler i svenskan: a, e , i, o, u, y, \u00e5, \u00e4, \u00f6 Sl\u00e4kttr\u00e4d i Rivstart TB s. 65 Felicias sl\u00e4kt i Rivstart s 64 . Minns du vad sv\u00e4gerska betyder? L\u00e4xa till onsdag 11:e september: Min faster \u00e4r Nobelpristagare\u00a0Rivstart [&hellip;]<\/p>\n","protected":false},"author":947,"featured_media":0,"parent":0,"menu_order":0,"comment_status":"closed","ping_status":"closed","template":"","meta":{"footnotes":""},"class_list":["post-52","page","type-page","status-publish","hentry","post-preview"],"_links":{"self":[{"href":"https:\/\/blogg.folkuniversitetet.nu\/boswka\/wp-json\/wp\/v2\/pages\/52","targetHints":{"allow":["GET"]}}],"collection":[{"href":"https:\/\/blogg.folkuniversitetet.nu\/boswka\/wp-json\/wp\/v2\/pages"}],"about":[{"href":"https:\/\/blogg.folkuniversitetet.nu\/boswka\/wp-json\/wp\/v2\/types\/page"}],"author":[{"embeddable":true,"href":"https:\/\/blogg.folkuniversitetet.nu\/boswka\/wp-json\/wp\/v2\/users\/947"}],"replies":[{"embeddable":true,"href":"https:\/\/blogg.folkuniversitetet.nu\/boswka\/wp-json\/wp\/v2\/comments?post=52"}],"version-history":[{"count":5,"href":"https:\/\/blogg.folkuniversitetet.nu\/boswka\/wp-json\/wp\/v2\/pages\/52\/revisions"}],"predecessor-version":[{"id":65,"href":"https:\/\/blogg.folkuniversitetet.nu\/boswka\/wp-json\/wp\/v2\/pages\/52\/revisions\/65"}],"wp:attachment":[{"href":"https:\/\/blogg.folkuniversitetet.nu\/boswka\/wp-json\/wp\/v2\/media?parent=52"}],"curies":[{"name":"wp","href":"https:\/\/api.w.org\/{rel}","templated":true}]}}