{"id":45,"date":"2024-09-04T14:03:02","date_gmt":"2024-09-04T13:03:02","guid":{"rendered":"https:\/\/blogg.folkuniversitetet.nu\/boswka\/?page_id=45"},"modified":"2024-09-04T14:05:13","modified_gmt":"2024-09-04T13:05:13","slug":"a1-del-2-start-9-september","status":"publish","type":"page","link":"https:\/\/blogg.folkuniversitetet.nu\/boswka\/a1-del-2-start-9-september\/","title":{"rendered":"A1 del 2 Start 9 september"},"content":{"rendered":"<p>Hej!<\/p>\n<p>V\u00e4lkommen till v\u00e5r gemensamma sida. H\u00e4r hittar du <strong>l\u00e4xor,\u00a0 lektionsanteckningar och inspiration.<\/strong><\/p>\n<p><span style=\"color: #ff0000\">\/Katrina<\/span><\/p>\n","protected":false},"excerpt":{"rendered":"<p>Hej! V\u00e4lkommen till v\u00e5r gemensamma sida. H\u00e4r hittar du l\u00e4xor,\u00a0 lektionsanteckningar och inspiration. \/Katrina<\/p>\n","protected":false},"author":947,"featured_media":0,"parent":0,"menu_order":0,"comment_status":"closed","ping_status":"closed","template":"","meta":{"footnotes":""},"class_list":["post-45","page","type-page","status-publish","hentry","post-preview"],"_links":{"self":[{"href":"https:\/\/blogg.folkuniversitetet.nu\/boswka\/wp-json\/wp\/v2\/pages\/45","targetHints":{"allow":["GET"]}}],"collection":[{"href":"https:\/\/blogg.folkuniversitetet.nu\/boswka\/wp-json\/wp\/v2\/pages"}],"about":[{"href":"https:\/\/blogg.folkuniversitetet.nu\/boswka\/wp-json\/wp\/v2\/types\/page"}],"author":[{"embeddable":true,"href":"https:\/\/blogg.folkuniversitetet.nu\/boswka\/wp-json\/wp\/v2\/users\/947"}],"replies":[{"embeddable":true,"href":"https:\/\/blogg.folkuniversitetet.nu\/boswka\/wp-json\/wp\/v2\/comments?post=45"}],"version-history":[{"count":5,"href":"https:\/\/blogg.folkuniversitetet.nu\/boswka\/wp-json\/wp\/v2\/pages\/45\/revisions"}],"predecessor-version":[{"id":51,"href":"https:\/\/blogg.folkuniversitetet.nu\/boswka\/wp-json\/wp\/v2\/pages\/45\/revisions\/51"}],"wp:attachment":[{"href":"https:\/\/blogg.folkuniversitetet.nu\/boswka\/wp-json\/wp\/v2\/media?parent=45"}],"curies":[{"name":"wp","href":"https:\/\/api.w.org\/{rel}","templated":true}]}}