{"id":128,"date":"2024-10-03T14:13:22","date_gmt":"2024-10-03T13:13:22","guid":{"rendered":"https:\/\/blogg.folkuniversitetet.nu\/boswka\/?page_id=128"},"modified":"2024-10-05T05:06:42","modified_gmt":"2024-10-05T04:06:42","slug":"laxa-mandag-7-oktober","status":"publish","type":"page","link":"https:\/\/blogg.folkuniversitetet.nu\/boswka\/laxa-mandag-7-oktober\/","title":{"rendered":"L\u00e4xa m\u00e5ndag 7 oktober"},"content":{"rendered":"<p>Hej b\u00e4sta gruppen!<\/p>\n<p>Sista veckan att ses! L\u00e4xan till m\u00e5ndag \u00e4r:<\/p>\n<p><strong>TB s. 101-102<\/strong> <strong>Transporter<\/strong> s. 101-102 A och B<\/p>\n<p><strong>TB s. 105<\/strong> <strong>Hur kommer jag till&#8230;?\u00a0<\/strong>Skriv och ber\u00e4tta var banken, blomsterhandeln etc ligger.<\/p>\n<p><strong>\u00d6B s. 118-119\u00a0<\/strong> L\u00e4s om partikelverb och ordf\u00f6ljd p\u00e5 s. 118. Skriv meningar med partikelverben p\u00e5 s. 119. OBS! Meningarna ska b\u00f6rja med ordet som har STOR bokstav.<\/p>\n<p>Ses p\u00e5 m\u00e5ndag! Trevlig helg!<\/p>\n<p>\/Katrina<\/p>\n","protected":false},"excerpt":{"rendered":"<p>Hej b\u00e4sta gruppen! Sista veckan att ses! L\u00e4xan till m\u00e5ndag \u00e4r: TB s. 101-102 Transporter s. 101-102 A och B TB s. 105 Hur kommer jag till&#8230;?\u00a0Skriv och ber\u00e4tta var banken, blomsterhandeln etc ligger. \u00d6B s. 118-119\u00a0 L\u00e4s om partikelverb och ordf\u00f6ljd p\u00e5 s. 118. Skriv meningar med partikelverben p\u00e5 s. 119. OBS! Meningarna ska [&hellip;]<\/p>\n","protected":false},"author":947,"featured_media":0,"parent":0,"menu_order":0,"comment_status":"closed","ping_status":"closed","template":"","meta":{"footnotes":""},"class_list":["post-128","page","type-page","status-publish","hentry","post-preview"],"_links":{"self":[{"href":"https:\/\/blogg.folkuniversitetet.nu\/boswka\/wp-json\/wp\/v2\/pages\/128","targetHints":{"allow":["GET"]}}],"collection":[{"href":"https:\/\/blogg.folkuniversitetet.nu\/boswka\/wp-json\/wp\/v2\/pages"}],"about":[{"href":"https:\/\/blogg.folkuniversitetet.nu\/boswka\/wp-json\/wp\/v2\/types\/page"}],"author":[{"embeddable":true,"href":"https:\/\/blogg.folkuniversitetet.nu\/boswka\/wp-json\/wp\/v2\/users\/947"}],"replies":[{"embeddable":true,"href":"https:\/\/blogg.folkuniversitetet.nu\/boswka\/wp-json\/wp\/v2\/comments?post=128"}],"version-history":[{"count":1,"href":"https:\/\/blogg.folkuniversitetet.nu\/boswka\/wp-json\/wp\/v2\/pages\/128\/revisions"}],"predecessor-version":[{"id":130,"href":"https:\/\/blogg.folkuniversitetet.nu\/boswka\/wp-json\/wp\/v2\/pages\/128\/revisions\/130"}],"wp:attachment":[{"href":"https:\/\/blogg.folkuniversitetet.nu\/boswka\/wp-json\/wp\/v2\/media?parent=128"}],"curies":[{"name":"wp","href":"https:\/\/api.w.org\/{rel}","templated":true}]}}