{"id":119,"date":"2024-10-01T06:37:03","date_gmt":"2024-10-01T05:37:03","guid":{"rendered":"https:\/\/blogg.folkuniversitetet.nu\/boswka\/?page_id=119"},"modified":"2024-10-01T07:08:07","modified_gmt":"2024-10-01T06:08:07","slug":"laxa-till-onsdag-2-oktober","status":"publish","type":"page","link":"https:\/\/blogg.folkuniversitetet.nu\/boswka\/laxa-till-onsdag-2-oktober\/","title":{"rendered":"L\u00e4xa till onsdag 2 oktober"},"content":{"rendered":"<p>Hej!<\/p>\n<p>H\u00e4r kommer l\u00e4xan till p\u00e5 onsdag den 2 oktober. OBS! F\u00f6rsta uppgiften (skriva lista) kommer fr\u00e5n l\u00e4xan till i m\u00e5ndags.<\/p>\n<ul>\n<li>Din syster ska komma p\u00e5\u00a0<strong>bes\u00f6k<\/strong>\u00a0till<strong>\u00a0Stockholm<\/strong>. Skriv<strong>\u00a0en lista<\/strong>\u00a0p\u00e5 vad du vill att hon ska<strong>\u00a0se<\/strong>\u00a0och\u00a0<strong>g\u00f6ra<\/strong> i Sverige. OBS! Uppgiften (skriva lista) kommer fr\u00e5n l\u00e4xan till ig\u00e5r. Vi b\u00f6rjar lektionen med denna uppgift p\u00e5 onsdag!<\/li>\n<li><strong>TB s. 91 Karaoke, saltlakrits och annat<\/strong>. L\u00e4s och stryk under sv\u00e5ra ord. Arbeta g\u00e4rna med matriserna (spreadsheet) som jag har delat ut.<\/li>\n<li><strong>\u00d6B s. 104. \u00d6vning presens perfekt och preteritum<\/strong> Du hittar information om presens perfekt och preteritum h\u00e4r i bloggen &#8211;<strong> Information om perfekt.\u00a0<\/strong><\/li>\n<li><strong>\u00d6B s. 108-109 Hj\u00e4lpverb.\u00a0<\/strong>Fyll i r\u00e4tt hj\u00e4lpverb! Ibland kan flera hj\u00e4lpverb vara r\u00e4tt och ett\u00a0 hj\u00e4lpverb kan anv\u00e4ndas flera g\u00e5nger.<\/li>\n<\/ul>\n<p>&nbsp;<\/p>\n<p>N\u00e5gra fraser som vi pratade om:<\/p>\n<p>T\u00e4nda lampan<\/p>\n<p>Sl\u00e4cka lampan<\/p>\n<p>Solen g\u00e5r upp (ljust)<\/p>\n<p>Solen g\u00e5r ner (m\u00f6rkt)<\/p>\n<p>anglofil &#8211; en person som \u00e4lskar allt brittiskt<\/p>\n<p>&nbsp;<\/p>\n<p>Vi ses imorgon kv\u00e4ll! Ha det b\u00e4st!<\/p>\n<p>&nbsp;<\/p>\n<p>H\u00e4lsningar<\/p>\n<p>Katrina<\/p>\n","protected":false},"excerpt":{"rendered":"<p>Hej! H\u00e4r kommer l\u00e4xan till p\u00e5 onsdag den 2 oktober. OBS! F\u00f6rsta uppgiften (skriva lista) kommer fr\u00e5n l\u00e4xan till i m\u00e5ndags. Din syster ska komma p\u00e5\u00a0bes\u00f6k\u00a0till\u00a0Stockholm. Skriv\u00a0en lista\u00a0p\u00e5 vad du vill att hon ska\u00a0se\u00a0och\u00a0g\u00f6ra i Sverige. OBS! Uppgiften (skriva lista) kommer fr\u00e5n l\u00e4xan till ig\u00e5r. Vi b\u00f6rjar lektionen med denna uppgift p\u00e5 onsdag! TB s. [&hellip;]<\/p>\n","protected":false},"author":947,"featured_media":0,"parent":0,"menu_order":0,"comment_status":"closed","ping_status":"closed","template":"","meta":{"footnotes":""},"class_list":["post-119","page","type-page","status-publish","hentry","post-preview"],"_links":{"self":[{"href":"https:\/\/blogg.folkuniversitetet.nu\/boswka\/wp-json\/wp\/v2\/pages\/119","targetHints":{"allow":["GET"]}}],"collection":[{"href":"https:\/\/blogg.folkuniversitetet.nu\/boswka\/wp-json\/wp\/v2\/pages"}],"about":[{"href":"https:\/\/blogg.folkuniversitetet.nu\/boswka\/wp-json\/wp\/v2\/types\/page"}],"author":[{"embeddable":true,"href":"https:\/\/blogg.folkuniversitetet.nu\/boswka\/wp-json\/wp\/v2\/users\/947"}],"replies":[{"embeddable":true,"href":"https:\/\/blogg.folkuniversitetet.nu\/boswka\/wp-json\/wp\/v2\/comments?post=119"}],"version-history":[{"count":3,"href":"https:\/\/blogg.folkuniversitetet.nu\/boswka\/wp-json\/wp\/v2\/pages\/119\/revisions"}],"predecessor-version":[{"id":123,"href":"https:\/\/blogg.folkuniversitetet.nu\/boswka\/wp-json\/wp\/v2\/pages\/119\/revisions\/123"}],"wp:attachment":[{"href":"https:\/\/blogg.folkuniversitetet.nu\/boswka\/wp-json\/wp\/v2\/media?parent=119"}],"curies":[{"name":"wp","href":"https:\/\/api.w.org\/{rel}","templated":true}]}}