{"id":115,"date":"2024-10-01T05:42:13","date_gmt":"2024-10-01T04:42:13","guid":{"rendered":"https:\/\/blogg.folkuniversitetet.nu\/boswka\/?page_id=115"},"modified":"2024-10-01T06:22:18","modified_gmt":"2024-10-01T05:22:18","slug":"svensk-musik-tips-fran-gruppen-och-katrina","status":"publish","type":"page","link":"https:\/\/blogg.folkuniversitetet.nu\/boswka\/svensk-musik-tips-fran-gruppen-och-katrina\/","title":{"rendered":"Svensk musik &#8211; tips fr\u00e5n gruppen och Katrina"},"content":{"rendered":"<p>Hej!<\/p>\n<p>H\u00e4r kommer en lista p\u00e5 svenska artister som ni tipsade varandra om ig\u00e5r. I listan finns ocks\u00e5 tips fr\u00e5n mig!<\/p>\n<ul>\n<li>Sara Parkman<\/li>\n<li>The Knife<\/li>\n<li>Avicii<\/li>\n<li>H\u00e5kan Hellstr\u00f6m<\/li>\n<li>Kent<\/li>\n<li>Icona Pop<\/li>\n<li>Yung Lean<\/li>\n<li>Veronica Maggio<\/li>\n<li>Mats P\u00e5lsson<\/li>\n<\/ul>\n<p>&nbsp;<\/p>\n","protected":false},"excerpt":{"rendered":"<p>Hej! H\u00e4r kommer en lista p\u00e5 svenska artister som ni tipsade varandra om ig\u00e5r. I listan finns ocks\u00e5 tips fr\u00e5n mig! Sara Parkman The Knife Avicii H\u00e5kan Hellstr\u00f6m Kent Icona Pop Yung Lean Veronica Maggio Mats P\u00e5lsson &nbsp;<\/p>\n","protected":false},"author":947,"featured_media":0,"parent":0,"menu_order":0,"comment_status":"closed","ping_status":"closed","template":"","meta":{"footnotes":""},"class_list":["post-115","page","type-page","status-publish","hentry","post-preview"],"_links":{"self":[{"href":"https:\/\/blogg.folkuniversitetet.nu\/boswka\/wp-json\/wp\/v2\/pages\/115","targetHints":{"allow":["GET"]}}],"collection":[{"href":"https:\/\/blogg.folkuniversitetet.nu\/boswka\/wp-json\/wp\/v2\/pages"}],"about":[{"href":"https:\/\/blogg.folkuniversitetet.nu\/boswka\/wp-json\/wp\/v2\/types\/page"}],"author":[{"embeddable":true,"href":"https:\/\/blogg.folkuniversitetet.nu\/boswka\/wp-json\/wp\/v2\/users\/947"}],"replies":[{"embeddable":true,"href":"https:\/\/blogg.folkuniversitetet.nu\/boswka\/wp-json\/wp\/v2\/comments?post=115"}],"version-history":[{"count":2,"href":"https:\/\/blogg.folkuniversitetet.nu\/boswka\/wp-json\/wp\/v2\/pages\/115\/revisions"}],"predecessor-version":[{"id":118,"href":"https:\/\/blogg.folkuniversitetet.nu\/boswka\/wp-json\/wp\/v2\/pages\/115\/revisions\/118"}],"wp:attachment":[{"href":"https:\/\/blogg.folkuniversitetet.nu\/boswka\/wp-json\/wp\/v2\/media?parent=115"}],"curies":[{"name":"wp","href":"https:\/\/api.w.org\/{rel}","templated":true}]}}