{"id":108,"date":"2024-09-24T05:18:19","date_gmt":"2024-09-24T04:18:19","guid":{"rendered":"https:\/\/blogg.folkuniversitetet.nu\/boswka\/?page_id=108"},"modified":"2024-09-24T05:18:19","modified_gmt":"2024-09-24T04:18:19","slug":"laxa-onsdag-25-september","status":"publish","type":"page","link":"https:\/\/blogg.folkuniversitetet.nu\/boswka\/laxa-onsdag-25-september\/","title":{"rendered":"L\u00e4xa onsdag 25 september"},"content":{"rendered":"<p>Hej!<\/p>\n<p>Tack f\u00f6r ig\u00e5r &#8211; alltid j\u00e4ttekul att ses!<\/p>\n<p>Tips! N\u00e5gra hemsidor som jag tipsade om ig\u00e5r:<\/p>\n<p><strong>www.svenska.se<\/strong> visar ord i svenska spr\u00e5ket och information om, till exempel, ordklass och uttal<\/p>\n<p><strong>www.synonymer.se<\/strong> visar b\u00e5de synonymer och motsatser<\/p>\n<p>L\u00e4xa till onsdag \u00e4r:<\/p>\n<p><strong>TB s. 78-79 Dialoger<\/strong>. L\u00e4s dialogerna och arbeta med ord. Stryk under sv\u00e5ra ord, identifiera ordklass oh \u00f6vesr\u00e4tt orden till ditt spr\u00e5k. L\u00e4s g\u00e4rna dialogerna tillsammans med n\u00e5gon hemma.<\/p>\n<p><strong>TB s. 80-81<\/strong> <strong>A<\/strong> <strong>I aff\u00e4ren<\/strong>. Kombinera r\u00e4tt ord med r\u00e4tt kl\u00e4desplagg. Memorera f\u00e4rgerna i rutan p\u00e5 s. 81. Vilken ordklass \u00e4r f\u00e4rgerna?<\/p>\n<p><strong>TB s. 81 B<\/strong> <strong>Motsatser.\u00a0<\/strong>Exempel p\u00e5 motsats \u00e4r <strong>glad &#8211; ledsen<\/strong>. Titta g\u00e4rna p\u00e5 <strong>www.synonymer.se<\/strong> som ocks\u00e5 visar motsatser.<\/p>\n<p><strong>\u00d6B s. 89 A Skriv substantivets fyra former<\/strong><\/p>\n","protected":false},"excerpt":{"rendered":"<p>Hej! Tack f\u00f6r ig\u00e5r &#8211; alltid j\u00e4ttekul att ses! Tips! N\u00e5gra hemsidor som jag tipsade om ig\u00e5r: www.svenska.se visar ord i svenska spr\u00e5ket och information om, till exempel, ordklass och uttal www.synonymer.se visar b\u00e5de synonymer och motsatser L\u00e4xa till onsdag \u00e4r: TB s. 78-79 Dialoger. L\u00e4s dialogerna och arbeta med ord. Stryk under sv\u00e5ra ord, [&hellip;]<\/p>\n","protected":false},"author":947,"featured_media":0,"parent":0,"menu_order":0,"comment_status":"closed","ping_status":"closed","template":"","meta":{"footnotes":""},"class_list":["post-108","page","type-page","status-publish","hentry","post-preview"],"_links":{"self":[{"href":"https:\/\/blogg.folkuniversitetet.nu\/boswka\/wp-json\/wp\/v2\/pages\/108","targetHints":{"allow":["GET"]}}],"collection":[{"href":"https:\/\/blogg.folkuniversitetet.nu\/boswka\/wp-json\/wp\/v2\/pages"}],"about":[{"href":"https:\/\/blogg.folkuniversitetet.nu\/boswka\/wp-json\/wp\/v2\/types\/page"}],"author":[{"embeddable":true,"href":"https:\/\/blogg.folkuniversitetet.nu\/boswka\/wp-json\/wp\/v2\/users\/947"}],"replies":[{"embeddable":true,"href":"https:\/\/blogg.folkuniversitetet.nu\/boswka\/wp-json\/wp\/v2\/comments?post=108"}],"version-history":[{"count":1,"href":"https:\/\/blogg.folkuniversitetet.nu\/boswka\/wp-json\/wp\/v2\/pages\/108\/revisions"}],"predecessor-version":[{"id":110,"href":"https:\/\/blogg.folkuniversitetet.nu\/boswka\/wp-json\/wp\/v2\/pages\/108\/revisions\/110"}],"wp:attachment":[{"href":"https:\/\/blogg.folkuniversitetet.nu\/boswka\/wp-json\/wp\/v2\/media?parent=108"}],"curies":[{"name":"wp","href":"https:\/\/api.w.org\/{rel}","templated":true}]}}