{"id":86,"date":"2019-11-13T13:43:51","date_gmt":"2019-11-13T12:43:51","guid":{"rendered":"http:\/\/blogg.folkuniversitetet.nu\/bjorka\/?page_id=86"},"modified":"2019-12-22T18:52:07","modified_gmt":"2019-12-22T17:52:07","slug":"b1-del-1-start-19-november","status":"publish","type":"page","link":"https:\/\/blogg.folkuniversitetet.nu\/bjorka\/b1-del-1-start-19-november\/","title":{"rendered":"B1+ del 1 (start 19 november)"},"content":{"rendered":"<h6>TB = Textboken<\/h6>\n<h6>\u00d6B = \u00d6vningsboken<\/h6>\n<h3>17 december<\/h3>\n<p><strong>TACK<\/strong> s\u00e5 j\u00e4ttemycket f\u00f6r den h\u00e4r kursen.<br \/>\nNi har\u00a0<strong>utvecklats j\u00e4ttemycket<\/strong>\u00a0tycker jag och ni \u00e4r\u00a0<strong>v\u00e4ldigt duktiga.<\/strong><br \/>\nJag hoppas att jag tr\u00e4ffar n\u00e5gra av er i v\u00e5r igen!<\/p>\n<p>Dagens Powerpoint: <a href=\"http:\/\/blogg.folkuniversitetet.nu\/bjorka\/files\/2019\/12\/Sista-lektionen.pdf\">Sista lektionen<\/a><\/p>\n<h3>15 december<\/h3>\n<p>Vikarie: Hel\u00e9n Sj\u00f6gren<\/p>\n<h3>12 december<\/h3>\n<p>Dagens Powerpoint <a href=\"http:\/\/blogg.folkuniversitetet.nu\/bjorka\/files\/2019\/12\/A\u030attonde-lektionen.pdf\">A\u030attonde lektionen<\/a><\/p>\n<blockquote><p><strong>ORD<\/strong><br \/>\n\u00f6nska = be om, vilja ha. t. ex <em>jag \u00f6nskar mig en h\u00e4st i julklapp<\/em><br \/>\nf\u00f6rl\u00e5ta = n\u00e4r man s\u00e4ger att man inte \u00e4r arg \u00f6ver n\u00e5got elakt som n\u00e5gon gjort.<br \/>\nl\u00e5ta = n\u00e4r man s\u00e4ger att n\u00e5gon f\u00e5r g\u00f6ra n\u00e5got. <em>Mamma l\u00e5ter \u00e4ta godis p\u00e5 l\u00f6rdagar<\/em>.<br \/>\nunvika = avst\u00e5, h\u00e5lla sig undan fr\u00e5n, f\u00f6rs\u00f6ka att inte tr\u00e4ffa.<\/p><\/blockquote>\n<p><strong>L\u00c4XA<\/strong><\/p>\n<ul>\n<li>Titta p\u00e5 <strong>handledningen<\/strong> som finns l\u00e4nkad p\u00e5 bloggen om substantiv i best\u00e4mt och obest\u00e4md form.<br \/>\n<a href=\"https:\/\/www.youtube.com\/watch?v=bsUNUtzITso\">https:\/\/www.youtube.com\/watch?v=bsUNUtzITso<\/a> (Titta <strong>minst<\/strong> 2 g\u00e5nger!)<\/li>\n<li>F\u00f6rbered en presentation av en <strong>hobby<\/strong> du har (cirka 3 minuter)<\/li>\n<li>Skriv <strong>5<\/strong> fr\u00e5gor med verben fr\u00e5n verbgrupp 4.<\/li>\n<\/ul>\n<h3>10 december<\/h3>\n<p>Dagens Powerpoint <a href=\"http:\/\/blogg.folkuniversitetet.nu\/bjorka\/files\/2019\/12\/Sjunde-lektionen.pdf\">Sjunde lektionen<\/a><\/p>\n<blockquote><p><strong>ORD<br \/>\n<\/strong>h\u00e4lsosam = nyttig, sund, bra f\u00f6r en.<br \/>\nv\u00e4luppfostrad = artig, sn\u00e4ll, lydig<br \/>\nhurtig = aktiv<br \/>\nsj\u00e4lvdisciplin = sj\u00e4lvkontroll, kan kontrollera sig sj\u00e4lv<br \/>\ng\u00f6ra sluta = avbryta en relation<br \/>\n\u00f6verkurs = n\u00e4r man g\u00f6r f\u00f6r mycket eller g\u00f6r n\u00e5got som \u00e4r f\u00f6r avancerat<br \/>\nskygg = r\u00e4dd, blyg, modest<br \/>\nslask = sn\u00f6 som tinat p\u00e5 marken, bl\u00f6tt.<br \/>\nmulet = v\u00e4dret, n\u00e4r himlen \u00e4r gr\u00e5 och t\u00e4ckt av moln<\/p><\/blockquote>\n<p>&nbsp;<\/p>\n<p><strong>L\u00c4XA<\/strong><\/p>\n<p>Orden till kapitel 9<br \/>\n<a href=\"http:\/\/blogg.folkuniversitetet.nu\/bjorka\/files\/2019\/10\/Ordkort.pdf\">Ordkort<\/a> (s. 19-20)<\/p>\n<h3>5 december<\/h3>\n<p>Vad roligt att ni uppskattade h\u00f6r\u00f6vningen idag, jag tycker ni jobbade p\u00e5 v\u00e4ldigt bra.<br \/>\nJag hoppas att ni kommer anv\u00e4nda uttrycken som ni l\u00e4rde er idag.<br \/>\nH\u00e4r har ni en PDF med uttrycken och beskrivningarna om ni vill tr\u00e4na hemma: <a href=\"http:\/\/blogg.folkuniversitetet.nu\/bjorka\/files\/2019\/12\/Svenska-uttryck-II.pdf\">Svenska uttryck II<\/a><\/p>\n<p><strong>Svenska skolan<\/strong><br \/>\nF\u00f6rskola = innan \u00e5rskurs 1<br \/>\n\u00c5rskurs 1-3 = l\u00e5gstadiet<br \/>\n\u00c5rskurs 4-6 = mellanstadiet<br \/>\n\u00c5rskurs 7-9 = h\u00f6gstadiet<br \/>\nEfter h\u00f6gstadiet = gymnasiet (<strong>frivilligt<\/strong>)<\/p>\n<p><em>&#8211;&gt; Dagens Powerpoint: <strong><a href=\"http:\/\/blogg.folkuniversitetet.nu\/bjorka\/files\/2019\/12\/Sja\u0308tte-lektionen.pdf\">Sja\u0308tte lektionen<\/a> <\/strong>&lt;&#8211;<\/em><\/p>\n<blockquote><p><strong>ORD<br \/>\n<\/strong>f\u00f6rvirrande = n\u00e4r man inte f\u00f6rst\u00e5r, <em>n\u00e5got \u00e4r f\u00f6rvirrande<br \/>\n<\/em>avundsjuk = Man vill ha n\u00e5got som n\u00e5gon annan har, t ex pengar. Kan man vara p\u00e5 vem som helst.<br \/>\nsvartsjuk = Samma som avundsjuk men mer intensivt. N\u00e5got som man \u00e4r p\u00e5 en partner eller en v\u00e4n.<br \/>\nst\u00e4lla sig bakom = st\u00f6dja, st\u00f6tta n\u00e5got\/n\u00e5gon<br \/>\nbeg\u00e4ra = kr\u00e4va, be att f\u00e5<\/p><\/blockquote>\n<p><strong>TIPS<br \/>\n<\/strong><em>Poddar<\/em><br \/>\n&#8211; Omni<br \/>\n&#8211; Radio Sweden<\/p>\n<p><em>SVT Play<\/em> (www.svtplay.se)<br \/>\n&#8211; Rapport<br \/>\n&#8211; Nyheter p\u00e5 l\u00e4tt svenska<\/p>\n<p><strong>L\u00c4XA<\/strong><\/p>\n<ul>\n<li>\u00f6vn. 7A s. 86 i \u00d6B<\/li>\n<li>Skriv <strong>tre<\/strong> egna meningar d\u00e4r du anv\u00e4nder minst ett <em>tidsuttryck<\/em> och <em>allt + komparativ<\/em>.<\/li>\n<li>Hitta en eller tv\u00e5 faktoider eller skr\u00f6nor att presentera till tisdag.<\/li>\n<\/ul>\n<h3>3 december<\/h3>\n<p>Tack s\u00e5 mycket f\u00f6r er feedback i tisdags, den hj\u00e4lper verkligen!<\/p>\n<p>Det var roligt att h\u00f6ra om era sanningar och l\u00f6gner och era tidsskistor.<\/p>\n<blockquote><p><strong>ORD<\/strong><br \/>\nstrikt = noggrann, korrekt, str\u00e4ng. h\u00e5rda regler.<br \/>\nvikbar = n\u00e5got som g\u00e5r att vika<br \/>\nvattent\u00e4t = sl\u00e4pper inte in vatten<br \/>\nuppf\u00f6ljare = en historia som ber\u00e4ttare vidare p\u00e5 en gammal historia<br \/>\nv\u00e4rldsk\u00e4nd = k\u00e4nd \u00f6ver hela v\u00e4rlden<br \/>\ntvinga = forcera n\u00e5gon\/n\u00e5got, pressa, kr\u00e4va<br \/>\nhugga ved =<br \/>\n<img decoding=\"async\" src=\"https:\/\/media.giphy.com\/media\/UtcPnyRPWtvwAn2Hfa\/giphy.gif\" \/><\/p><\/blockquote>\n<p><strong>L\u00c4XA<\/strong><\/p>\n<ul>\n<li>Skriv 10-15 meningar om en historisk person fr\u00e5n ert hemland.<\/li>\n<li>\u00d6B s.82-84<\/li>\n<\/ul>\n<h3>28 november<\/h3>\n<p>Jag tycker att ni jobbar p\u00e5 v\u00e4ldigt bra. Grammatiken \u00e4r <em>sv\u00e5r<\/em>, men ni g\u00f6r ett <em>fantastiskt<\/em> jobb!<\/p>\n<p>Vi lyssnade p\u00e5 Mando Diaos version av Gustaf Fr\u00f6ding&#8217;s visa Str\u00f6vt\u00e5g till Hembygden<br \/>\nL\u00e5ten: <a href=\"https:\/\/youtu.be\/gExrIe-uLdo\">https:\/\/youtu.be\/gExrIe-uLdo<\/a><br \/>\nTexten: <a href=\"http:\/\/blogg.folkuniversitetet.nu\/bjorka\/files\/2019\/11\/Visa-FACIT.pdf\">Visa FACIT<\/a><\/p>\n<p>Som alltid gjorde ni ett v\u00e4ldigt bra jobb med l\u00e4xan om verbet <em>k\u00e4nna, <\/em>och \u00e4ven med l\u00e4xan om Sveriges historia.<br \/>\nEra uttal \u00e4r j\u00e4ttebra! Det som \u00e4r sv\u00e5rt \u00e4r n\u00e4r <strong>g<\/strong> uttalas som<strong> j <\/strong>(ex. arbetsgivare)<strong>,<\/strong> <strong>k<\/strong> uttalas som <strong>sch <\/strong>(Norrk\u00f6ping), och s\u00e5 vidare.<br \/>\nGl\u00f6m inte att \u00f6va hemma! <a href=\"https:\/\/youtu.be\/9PZJZrYu72Y\">https:\/\/youtu.be\/9PZJZrYu72Y<\/a><\/p>\n<p><strong>Idag arbetade ni p\u00e5 j\u00e4ttebra med tempus. Det kan vara frustrerande, f\u00f6rvirrande och sv\u00e5rt i b\u00f6rjan men ni \u00e4r p\u00e5 god v\u00e4g, tro mig!<\/strong><\/p>\n<blockquote><p><strong>ORD<br \/>\n<\/strong>hembygd = platsen d\u00e4r man \u00e4r uppv\u00e4xt<br \/>\nsorl = ett ljud som kommer fr\u00e5n vatten. synonymer: vattenbrus, surr<br \/>\ngavel = kortsidan av ett hus<br \/>\nvaggs\u00e5ng = en s\u00e5ng man sjunger\/spelar f\u00f6r yngre barn n\u00e4r de ska sova<br \/>\nmyndig = n\u00e4r man \u00e4r \u00f6ver 18 \u00e5r gammal<br \/>\nh\u00e4ngig = man har ingen energi<\/p><\/blockquote>\n<p>&nbsp;<\/p>\n<p><strong>L\u00c4XA<\/strong><\/p>\n<ul>\n<li>skriv ner tv\u00e5 l\u00f6gner och en sanning om dig sj\u00e4lv och ta med till klassen.<\/li>\n<li>l\u00e4s om v\u00e5ra kvinnliga regenter i TB s. 105-109. <strong>OBS! Om du inte var p\u00e5 lektionen, maila mig s\u00e5 f\u00e5r du en siffra!<\/strong><br \/>\nDe som fick siffra 1 ska l\u00e4sa om Drottning Margareta<br \/>\nDe som fick siffra 2 ska l\u00e4sa om Drottning Kristina<br \/>\nDe som fick siffra 3 ska l\u00e4sa om Drottning Ulrika Eleonora<br \/>\nDe som fick siffra 4 ska l\u00e4sa om Kronprinsessan Victoria<\/li>\n<li>\u00f6vn. 1C &amp; D i \u00d6B s. 79<br \/>\n&#8211; meningarna 1-5 p\u00e5 s. 79 st\u00e5r i olika tempus f\u00f6r att visa att aktionerna h\u00e4nder vid olika tillf\u00e4llen. T. ex Erik <span style=\"text-decoration: underline\">l\u00e4ser<\/span> tidningen n\u00e4r han <span style=\"text-decoration: underline\">har \u00e4tit<\/span> frukost.<br \/>\n&#8211; i \u00f6vning C ska ni \u00e4ndra meningarna med hj\u00e4lp av subjunktionen <em>innan\u00a0<\/em>s\u00e5 att verben kan ha <em>samma tempus<\/em> igenom hela meningen.<br \/>\n<em>Erik l\u00e4ser tidningen n\u00e4r han har \u00e4tit frukost (olika tempus p\u00e5 verben) &gt; Erik \u00e4ter frukost innan han l\u00e4ser tidningen (samma tempus)<br \/>\n<\/em>&#8211; i \u00f6vning D ska ni \u00e4ndra meningarna med hj\u00e4lp av ordet <em>n\u00e4r\u00a0<\/em> s\u00e5 att aktionerna i meningen h\u00e4nder samtidigt, allts\u00e5 vid exakt samma tid. Verben i meningen ska ocks\u00e5 ha samma tempus!<br \/>\n<em>Erik l\u00e4ser tidningen n\u00e4r han har \u00e4tit frukost (sker vid olika tider) &gt; Erik l\u00e4ser tidningen n\u00e4r han \u00e4ter frukost. (b\u00e5da aktionerna sker samtidigt)<\/em><\/li>\n<\/ul>\n<h3>26 november<\/h3>\n<p>Super jobb med presentationerna av era landskap! T\u00e4nk p\u00e5 uttalet av <em>sj\u00f6<\/em> och <em>kyrka<\/em> \ud83d\ude42<\/p>\n<p>H\u00e4r \u00e4r Powerpointen fr\u00e5n lektionen <a href=\"http:\/\/blogg.folkuniversitetet.nu\/bjorka\/files\/2019\/11\/Tredje-lektionen.pdf\">Tredje lektionen<\/a><\/p>\n<blockquote><p><strong>ORD<br \/>\n<\/strong>naturreservat = ett omr\u00e5de i naturen som skyddas av en myndighet eller privat mark\u00e4gare<br \/>\nvandringsled = en v\u00e4g\/stig skapad i naturen som \u00e4r gjord f\u00f6r vandring och motion<br \/>\nfornl\u00e4mning = ett sp\u00e5r eller en kvarleva fr\u00e5n m\u00e4nniskor som levde under tider som inte l\u00e4ngre existerar.<br \/>\nrunor\/runskrift = skrivtecken som existerade e.K. (efter Kristus).<br \/>\noavsett = oberoende, trots. n\u00e5got som inte beh\u00f6ver diskuteras<br \/>\nuppfyllt = n\u00e4r man f\u00f6rverkligar n\u00e5got, t ex ett m\u00e5l i livet eller ett l\u00f6fte<br \/>\nn\u00e5gonsin = n\u00e5gon g\u00e5ng, \u00f6verhuvudtaget, alls<\/p><\/blockquote>\n<p><strong>L\u00c4XA<\/strong><\/p>\n<ul>\n<li>\u00f6vn. 1B i TB s. 101-103 (ni kan <strong>lyssna<\/strong> p\u00e5 texten om ni vill p\u00e5 nok.se\/rivstart)<\/li>\n<li>\u00f6vn.\u00a0 4A &amp; B i \u00d6B s. 72-73<\/li>\n<li>avsluta \u00f6vn. 5 i \u00d6B s. 75<\/li>\n<\/ul>\n<h3>21 november<\/h3>\n<p>Ni k\u00e4mpade p\u00e5 bra med <em>perfekt particip<\/em> idag.\u00a0 Det <span style=\"text-decoration: underline\">\u00e4r<\/span> sv\u00e5rt, men ni har gjort alla \u00f6vningar superbra.<\/p>\n<p><strong>Partikelverb &gt; Perfekt Particip<br \/>\n<\/strong>&#8211;\u00a0 flytta partikeln <span style=\"text-decoration: underline\">framf\u00f6r<\/span> verbet<br \/>\n&#8211; g\u00f6r de <span style=\"text-decoration: underline\">tv\u00e5<\/span> orden till <span style=\"text-decoration: underline\">ett<\/span><br \/>\n&#8211; b\u00f6j verbet efter perfekt particip<br \/>\n<strong>OBS!<\/strong> Alla partikelverb kan inte g\u00f6ras till perfekt particip!<\/p>\n<p>&#8212;<\/p>\n<p class=\"p1\"><b>FR\u00c5GA<\/b><\/p>\n<p class=\"p1\">Varf\u00f6r s\u00e4ger man: <i>Den h\u00e4r blusen \u00e4r <\/i><span style=\"text-decoration: underline\"><span class=\"s1\"><i>sydd<\/i><\/span><\/span><i> av min bror<\/i><\/p>\n<p class=\"p1\">och inte: <i>Den h\u00e4r blusen \u00e4r <\/i><span style=\"text-decoration: underline\"><span class=\"s1\"><i>sydda<\/i><\/span><\/span><i> av min bror<\/i><\/p>\n<p class=\"p1\"><strong>Det \u00e4r f\u00f6r att meningen \u00e4r i <i>passiv form, <\/i>vilket betyder att<i> <\/i>subjektet i meningen \u00e4r inte den som utf\u00f6rt uppgift. D\u00e5 anv\u00e4nder man obest\u00e4md form efter verbet.<\/strong><\/p>\n<p>&#8212;<\/p>\n<p>Jag tycker att ni hade v\u00e4ldigt bra diskussioner om era filmer, att t\u00e4nka p\u00e5 \u00e4r ordf\u00f6ljd n\u00e4r ni pratar och artikeln den\/det.<br \/>\n&#8211; Har ordet artikeln <span style=\"text-decoration: underline\">ett<\/span> i obest\u00e4md form s\u00e5 har den artikeln <span style=\"text-decoration: underline\">det<\/span> i best\u00e4md form.<br \/>\n&#8211; Har ordet artikeln <span style=\"text-decoration: underline\">en<\/span> i obest\u00e4md form s\u00e5 har den artikeln <span style=\"text-decoration: underline\">den<\/span> i best\u00e4md form.<\/p>\n<blockquote><p><strong>ORD<\/strong><br \/>\nundertext = textremsan nedtill i TV:n som \u00f6vers\u00e4tter texten<br \/>\navsnitt = en del av en serie. synonym: episod<br \/>\nmedlidande = att k\u00e4nna sympati\/empati f\u00f6r n\u00e5gon<br \/>\ndejt (att dejta) = att st\u00e4mma tr\u00e4ff med n\u00e5gon<br \/>\nfriluftsliv = aktiviteter som du g\u00f6r utomhus i naturen<br \/>\nl\u00e4ngdskidor = \u00e5ka skidor p\u00e5 platt mark, till skillnad som slalom d\u00e4r du \u00e5ker nerf\u00f6r.<br \/>\nf\u00e4stning = en stor byggnad som \u00e4r skapad f\u00f6r att skydda en speciell plats.<\/p><\/blockquote>\n<p><strong>Historia<\/strong><br \/>\nSom ni kanske m\u00e4rkte \u00e4r jag inte j\u00e4ttebra p\u00e5 historia, <strong>men<\/strong> jag tog reda p\u00e5 varf\u00f6r J\u00e4mtland blev svenskt efter att det varit norskt och danskt. Efter <strong>Torstensons krig<\/strong> (ett krig mellan Sverige och Danmark-Norge 1643-1645), s\u00e5 kom <strong>Freden i Br\u00f6msebro<\/strong> 1645. Under fredsf\u00f6rhandlingarna s\u00e5 fick Sverige J\u00e4mtland, H\u00e4rjedalen och \u00f6arna Gotland och \u00d6sel.<br \/>\nDet var en mycket kort och v\u00e4ldigt sammanfattad f\u00f6rklaring, vill ni veta mer s\u00e5 finns alltid Google :)!<\/p>\n<p><strong>L\u00c4XA<\/strong><\/p>\n<ul>\n<li>Maila <strong>5<\/strong> meningar d\u00e4r ni anv\u00e4nder perfekt particip till mig.<\/li>\n<li>F\u00f6rbered en <strong>kort<\/strong> presentation om ert landskap, ca 3 minuter.<\/li>\n<li>L\u00e4r er och <strong>f\u00f6rst\u00e5<\/strong> orden till kapitel 7.<\/li>\n<\/ul>\n<h3>19 November<\/h3>\n<p>Vad kul det var att tr\u00e4ffa er idag! Ni verkar vara en j\u00e4ttetrevlig grupp och det ska bli kul att jobba med er de kommande fem veckorna.<\/p>\n<p>Idag fick ni <em>intervjua<\/em> varandra och sedan presentera era partners f\u00f6r mig. Sedan pratade vi lite om <em>smultronst\u00e4llen<\/em>, och <em>Ingemar Bergman<\/em>. Vi tittade p\u00e5 ett klipp fr\u00e5n <em>Det sjunde inseglet<\/em> och diskuterade hans filmer.<\/p>\n<p>Sedan jobbade vi med <em>perfekt particip<\/em> (s. 68-70 i \u00d6B). Jag f\u00f6rst\u00e5r om det \u00e4r lite kr\u00e5ngligt i b\u00f6rjan, men det kommer bli l\u00e4ttare med tiden, mycket bra jobbat idag!<\/p>\n<blockquote><p><strong>ORD<\/strong><br \/>\nSl\u00e4ktkr\u00f6nika = En ber\u00e4ttelse om en sl\u00e4kt<br \/>\nBer\u00f6md = K\u00e4nd<br \/>\nBergmansk = Ingemar Bergmansk efternamn som blivit ett adjektiv<br \/>\nPj\u00e4s = Ett \u00e4ldre ord f\u00f6r teater. Kan \u00e4ven betyda <em>en sak<br \/>\n<\/em>\u00c5ngest = En r\u00e4dsla eller oro som man k\u00e4nner i kroppen, kommer ofta n\u00e4r man \u00e4r stressad\/orolig.<\/p><\/blockquote>\n<p>Dagens Powerpoint: <a href=\"http:\/\/blogg.folkuniversitetet.nu\/bjorka\/files\/2019\/11\/B1-del-1-lektion-1.pdf\">B1+ del 1, lektion 1<\/a><\/p>\n<p><strong>L\u00c4XA<\/strong><\/p>\n<ul>\n<li>\u00d6vn. 2B i \u00d6B s. 69-70.<\/li>\n<li>Se en <em>svensk film<\/em> och f\u00f6rbered er f\u00f6r en diskussion. Det \u00e4r okej med undertexter (<span style=\"text-decoration: underline\">p\u00e5 svenska<\/span>)! Ni ska kunna svara p\u00e5 fr\u00e5gor som; <em>vad handlar filmen om<\/em>, <em>n\u00e4r gjordes den<\/em>, <em>var den bra\/d\u00e5lig<\/em>, <em>varf\u00f6r<\/em> osv.<br \/>\n<span style=\"text-decoration: underline\"><br \/>\nFilmtips<\/span><br \/>\n\u2013 Ondskan<br \/>\n\u2013 The Square<br \/>\n\u2013 S\u00e5som i himmelen<br \/>\n\u2013 Kopps<br \/>\n\u2013 Snabba Cash (1,2,3)<br \/>\n\u2013 Smala Sussie<br \/>\n\u2013 \u00c4nglag\u00e5rden<br \/>\n\u2013 Jalla Jalla<br \/>\n\u2013 Ted<br \/>\n\u2013 M\u00e4n som hatar kvinnor<br \/>\n\u2013 Flickan som lekte med elden<br \/>\n\u2013 Luftslottet som spr\u00e4ngdes<br \/>\n\u2013 Sameblod<br \/>\n\u2013 Till det som \u00e4r vackert<br \/>\n\u2013 Mitt liv som hund<br \/>\n\u2013 Monica Z<br \/>\n\u2013 En man som heter Ove<br \/>\n\u2013 I rymden finns inga k\u00e4nslor<br \/>\n\u2013 J\u00f6nsonligan<\/li>\n<\/ul>\n<h5><em><strong>Tack f\u00f6r idag, vi ses p\u00e5 torsdag!<\/strong><\/em><\/h5>\n","protected":false},"excerpt":{"rendered":"<p>TB = Textboken \u00d6B = \u00d6vningsboken 17 december TACK s\u00e5 j\u00e4ttemycket f\u00f6r den h\u00e4r kursen. Ni har\u00a0utvecklats j\u00e4ttemycket\u00a0tycker jag och ni \u00e4r\u00a0v\u00e4ldigt duktiga. Jag hoppas att jag tr\u00e4ffar n\u00e5gra av er i v\u00e5r igen! Dagens Powerpoint: Sista lektionen 15 december Vikarie: Hel\u00e9n Sj\u00f6gren 12 december Dagens Powerpoint A\u030attonde lektionen ORD \u00f6nska = be om, vilja [&hellip;]<\/p>\n","protected":false},"author":790,"featured_media":0,"parent":0,"menu_order":0,"comment_status":"closed","ping_status":"closed","template":"","meta":{"footnotes":""},"class_list":["post-86","page","type-page","status-publish","hentry","post-preview"],"_links":{"self":[{"href":"https:\/\/blogg.folkuniversitetet.nu\/bjorka\/wp-json\/wp\/v2\/pages\/86","targetHints":{"allow":["GET"]}}],"collection":[{"href":"https:\/\/blogg.folkuniversitetet.nu\/bjorka\/wp-json\/wp\/v2\/pages"}],"about":[{"href":"https:\/\/blogg.folkuniversitetet.nu\/bjorka\/wp-json\/wp\/v2\/types\/page"}],"author":[{"embeddable":true,"href":"https:\/\/blogg.folkuniversitetet.nu\/bjorka\/wp-json\/wp\/v2\/users\/790"}],"replies":[{"embeddable":true,"href":"https:\/\/blogg.folkuniversitetet.nu\/bjorka\/wp-json\/wp\/v2\/comments?post=86"}],"version-history":[{"count":30,"href":"https:\/\/blogg.folkuniversitetet.nu\/bjorka\/wp-json\/wp\/v2\/pages\/86\/revisions"}],"predecessor-version":[{"id":134,"href":"https:\/\/blogg.folkuniversitetet.nu\/bjorka\/wp-json\/wp\/v2\/pages\/86\/revisions\/134"}],"wp:attachment":[{"href":"https:\/\/blogg.folkuniversitetet.nu\/bjorka\/wp-json\/wp\/v2\/media?parent=86"}],"curies":[{"name":"wp","href":"https:\/\/api.w.org\/{rel}","templated":true}]}}