{"id":39,"date":"2019-10-10T17:35:07","date_gmt":"2019-10-10T15:35:07","guid":{"rendered":"http:\/\/blogg.folkuniversitetet.nu\/bjorka\/?page_id=39"},"modified":"2019-10-26T12:24:35","modified_gmt":"2019-10-26T10:24:35","slug":"lankar","status":"publish","type":"page","link":"https:\/\/blogg.folkuniversitetet.nu\/bjorka\/lankar\/","title":{"rendered":"L\u00e4nkar"},"content":{"rendered":"<p>Natur &amp; Kultur Rivstart<\/p>\n<p><a href=\"https:\/\/www.nok.se\/rivstart\">https:\/\/www.nok.se\/rivstart<\/a><\/p>\n<p>Folkuniversitetet<\/p>\n<p><a href=\"http:\/\/www.folkuniversitetet.se\">http:\/\/www.folkuniversitetet.se<\/a><\/p>\n<p>Ordkort<\/p>\n<p><a href=\"http:\/\/blogg.folkuniversitetet.nu\/bjorka\/files\/2019\/10\/Ordkort.pdf\">Ordkort<\/a><\/p>\n<p><em>(uppe i det h\u00f6gra h\u00f6rnet ser ni vilket kapitel orden tillh\u00f6r)<\/em><\/p>\n","protected":false},"excerpt":{"rendered":"<p>Natur &amp; Kultur Rivstart https:\/\/www.nok.se\/rivstart Folkuniversitetet http:\/\/www.folkuniversitetet.se Ordkort Ordkort (uppe i det h\u00f6gra h\u00f6rnet ser ni vilket kapitel orden tillh\u00f6r)<\/p>\n","protected":false},"author":790,"featured_media":0,"parent":0,"menu_order":0,"comment_status":"closed","ping_status":"closed","template":"","meta":{"footnotes":""},"class_list":["post-39","page","type-page","status-publish","hentry","post-preview"],"_links":{"self":[{"href":"https:\/\/blogg.folkuniversitetet.nu\/bjorka\/wp-json\/wp\/v2\/pages\/39","targetHints":{"allow":["GET"]}}],"collection":[{"href":"https:\/\/blogg.folkuniversitetet.nu\/bjorka\/wp-json\/wp\/v2\/pages"}],"about":[{"href":"https:\/\/blogg.folkuniversitetet.nu\/bjorka\/wp-json\/wp\/v2\/types\/page"}],"author":[{"embeddable":true,"href":"https:\/\/blogg.folkuniversitetet.nu\/bjorka\/wp-json\/wp\/v2\/users\/790"}],"replies":[{"embeddable":true,"href":"https:\/\/blogg.folkuniversitetet.nu\/bjorka\/wp-json\/wp\/v2\/comments?post=39"}],"version-history":[{"count":6,"href":"https:\/\/blogg.folkuniversitetet.nu\/bjorka\/wp-json\/wp\/v2\/pages\/39\/revisions"}],"predecessor-version":[{"id":76,"href":"https:\/\/blogg.folkuniversitetet.nu\/bjorka\/wp-json\/wp\/v2\/pages\/39\/revisions\/76"}],"wp:attachment":[{"href":"https:\/\/blogg.folkuniversitetet.nu\/bjorka\/wp-json\/wp\/v2\/media?parent=39"}],"curies":[{"name":"wp","href":"https:\/\/api.w.org\/{rel}","templated":true}]}}