{"id":264,"date":"2020-06-29T19:20:18","date_gmt":"2020-06-29T17:20:18","guid":{"rendered":"http:\/\/blogg.folkuniversitetet.nu\/bjorka\/?page_id=264"},"modified":"2020-07-16T23:43:07","modified_gmt":"2020-07-16T21:43:07","slug":"b2-del-1-via-zoom-start-29-juni","status":"publish","type":"page","link":"https:\/\/blogg.folkuniversitetet.nu\/bjorka\/b2-del-1-via-zoom-start-29-juni\/","title":{"rendered":"B2- del 1 via Zoom (start 29 juni)"},"content":{"rendered":"<h6>TB = Textboken<br \/>\n\u00d6B = \u00d6vningsboken<\/h6>\n<h3>16 JULI<\/h3>\n<p>Tack s\u00e5 mycket f\u00f6r den h\u00e4r kursen, ni har varit otroligt duktiga och roliga att jobba med.<\/p>\n<p>Nu tackar jag f\u00f6r mig p\u00e5 Folkuniversitetet och forts\u00e4tter p\u00e5 nya \u00e4ventyr som h\u00f6gstadiel\u00e4rare!<\/p>\n<p><img decoding=\"async\" src=\"https:\/\/memecrunch.com\/meme\/BN7J3\/hej-da\/image.gif?w=400&amp;c=1\" alt=\"HEJ D\u00c5!!\" \/><\/p>\n<h3>14 JULI<\/h3>\n<p><strong>L\u00c4XA<\/strong><\/p>\n<ul>\n<li>Orden till kapitel 15<\/li>\n<li>Framg\u00e5ngstest 5 (r\u00e4tta hemma)<br \/>\n<a href=\"http:\/\/blogg.folkuniversitetet.nu\/bjorka\/files\/2020\/05\/Framstegstester.pdf\">Framstegstester<\/a><br \/>\n<a href=\"http:\/\/blogg.folkuniversitetet.nu\/bjorka\/files\/2020\/05\/Facit-Framstegstester.pdf\">Facit Framstegstester<\/a><\/li>\n<\/ul>\n<h3>13 JULI<\/h3>\n<p>Dagens Powerpoint <a href=\"http:\/\/blogg.folkuniversitetet.nu\/bjorka\/files\/2020\/07\/Adjektiv-och-particip-som-substantiv.pdf\">Adjektiv och particip som substantiv<\/a><\/p>\n<h3>9 JULI<\/h3>\n<p>Bra jobbat idag!<\/p>\n<p><strong>L\u00c4XA<\/strong>:<\/p>\n<ul>\n<li>Orden till kapitel 14<\/li>\n<li>\u00d6B s.146 \u00f6vn. C (<strong>maila<\/strong> meningarna till mig!)<\/li>\n<li>Repetition (i \u00d6B):<br \/>\ns. 147 \u00f6vn. 6 (se tidigare \u00f6vning: s. 120-121 i \u00d6B)<br \/>\ns. 148 \u00f6vn. 9. (se tidigare \u00f6vning: s. 123-125 i \u00d6B)<\/li>\n<\/ul>\n<p>Ses p\u00e5 m\u00e5ndag!<\/p>\n<h3>29 JUNI<\/h3>\n<p>Det var j\u00e4ttekul att tr\u00e4ffa er idag, jag tror vi kommer ha superkul under dessa veckor.<\/p>\n<p>Dagens Powerpoint: <a href=\"http:\/\/blogg.folkuniversitetet.nu\/bjorka\/files\/2020\/06\/Fo\u0308rsta-lektionen.pdf\">Fo\u0308rsta lektionen<\/a><\/p>\n<p>Till torsdag har ni orden till kapitel 13 i l\u00e4xa. <a href=\"http:\/\/blogg.folkuniversitetet.nu\/bjorka\/files\/2019\/10\/Ordkort.pdf\">Ordkort<\/a><\/p>\n<p>Vi ses imorgon!<\/p>\n<p><iframe loading=\"lazy\" title=\"Hipp Hipp!: Svenska f\u00f6r nyb\u00f6rjare\" width=\"676\" height=\"380\" src=\"https:\/\/www.youtube.com\/embed\/9PZJZrYu72Y?feature=oembed\" frameborder=\"0\" allow=\"accelerometer; autoplay; encrypted-media; gyroscope; picture-in-picture\" allowfullscreen><\/iframe><\/p>\n","protected":false},"excerpt":{"rendered":"<p>TB = Textboken \u00d6B = \u00d6vningsboken 16 JULI Tack s\u00e5 mycket f\u00f6r den h\u00e4r kursen, ni har varit otroligt duktiga och roliga att jobba med. Nu tackar jag f\u00f6r mig p\u00e5 Folkuniversitetet och forts\u00e4tter p\u00e5 nya \u00e4ventyr som h\u00f6gstadiel\u00e4rare! 14 JULI L\u00c4XA Orden till kapitel 15 Framg\u00e5ngstest 5 (r\u00e4tta hemma) Framstegstester Facit Framstegstester 13 JULI [&hellip;]<\/p>\n","protected":false},"author":790,"featured_media":0,"parent":0,"menu_order":0,"comment_status":"closed","ping_status":"closed","template":"","meta":{"footnotes":""},"class_list":["post-264","page","type-page","status-publish","hentry","post-preview"],"_links":{"self":[{"href":"https:\/\/blogg.folkuniversitetet.nu\/bjorka\/wp-json\/wp\/v2\/pages\/264","targetHints":{"allow":["GET"]}}],"collection":[{"href":"https:\/\/blogg.folkuniversitetet.nu\/bjorka\/wp-json\/wp\/v2\/pages"}],"about":[{"href":"https:\/\/blogg.folkuniversitetet.nu\/bjorka\/wp-json\/wp\/v2\/types\/page"}],"author":[{"embeddable":true,"href":"https:\/\/blogg.folkuniversitetet.nu\/bjorka\/wp-json\/wp\/v2\/users\/790"}],"replies":[{"embeddable":true,"href":"https:\/\/blogg.folkuniversitetet.nu\/bjorka\/wp-json\/wp\/v2\/comments?post=264"}],"version-history":[{"count":8,"href":"https:\/\/blogg.folkuniversitetet.nu\/bjorka\/wp-json\/wp\/v2\/pages\/264\/revisions"}],"predecessor-version":[{"id":277,"href":"https:\/\/blogg.folkuniversitetet.nu\/bjorka\/wp-json\/wp\/v2\/pages\/264\/revisions\/277"}],"wp:attachment":[{"href":"https:\/\/blogg.folkuniversitetet.nu\/bjorka\/wp-json\/wp\/v2\/media?parent=264"}],"curies":[{"name":"wp","href":"https:\/\/api.w.org\/{rel}","templated":true}]}}