{"id":25,"date":"2019-10-10T16:56:26","date_gmt":"2019-10-10T14:56:26","guid":{"rendered":"http:\/\/blogg.folkuniversitetet.nu\/bjorka\/?page_id=25"},"modified":"2019-10-11T00:28:41","modified_gmt":"2019-10-10T22:28:41","slug":"kontakt","status":"publish","type":"page","link":"https:\/\/blogg.folkuniversitetet.nu\/bjorka\/kontakt\/","title":{"rendered":"Kontakt"},"content":{"rendered":"<p>Om du har n\u00e5gra fr\u00e5gor eller funderingar kan du maila mig p\u00e5 katarina.bjorklund@folkuniversitetet.se<\/p>\n","protected":false},"excerpt":{"rendered":"<p>Om du har n\u00e5gra fr\u00e5gor eller funderingar kan du maila mig p\u00e5 katarina.bjorklund@folkuniversitetet.se<\/p>\n","protected":false},"author":790,"featured_media":0,"parent":0,"menu_order":0,"comment_status":"closed","ping_status":"closed","template":"","meta":{"footnotes":""},"class_list":["post-25","page","type-page","status-publish","hentry","post-preview"],"_links":{"self":[{"href":"https:\/\/blogg.folkuniversitetet.nu\/bjorka\/wp-json\/wp\/v2\/pages\/25","targetHints":{"allow":["GET"]}}],"collection":[{"href":"https:\/\/blogg.folkuniversitetet.nu\/bjorka\/wp-json\/wp\/v2\/pages"}],"about":[{"href":"https:\/\/blogg.folkuniversitetet.nu\/bjorka\/wp-json\/wp\/v2\/types\/page"}],"author":[{"embeddable":true,"href":"https:\/\/blogg.folkuniversitetet.nu\/bjorka\/wp-json\/wp\/v2\/users\/790"}],"replies":[{"embeddable":true,"href":"https:\/\/blogg.folkuniversitetet.nu\/bjorka\/wp-json\/wp\/v2\/comments?post=25"}],"version-history":[{"count":3,"href":"https:\/\/blogg.folkuniversitetet.nu\/bjorka\/wp-json\/wp\/v2\/pages\/25\/revisions"}],"predecessor-version":[{"id":55,"href":"https:\/\/blogg.folkuniversitetet.nu\/bjorka\/wp-json\/wp\/v2\/pages\/25\/revisions\/55"}],"wp:attachment":[{"href":"https:\/\/blogg.folkuniversitetet.nu\/bjorka\/wp-json\/wp\/v2\/media?parent=25"}],"curies":[{"name":"wp","href":"https:\/\/api.w.org\/{rel}","templated":true}]}}