{"id":227,"date":"2020-05-19T20:31:34","date_gmt":"2020-05-19T18:31:34","guid":{"rendered":"http:\/\/blogg.folkuniversitetet.nu\/bjorka\/?page_id=227"},"modified":"2020-06-23T20:27:54","modified_gmt":"2020-06-23T18:27:54","slug":"b1-del-2-via-zoom","status":"publish","type":"page","link":"https:\/\/blogg.folkuniversitetet.nu\/bjorka\/b1-del-2-via-zoom\/","title":{"rendered":"B1+ del 2 via Zoom (start 19 maj)"},"content":{"rendered":"<h6>TB = Textboken<br \/>\n\u00d6B = \u00d6vningsboken<\/h6>\n<h3>23 juni<\/h3>\n<p>Bra jobbat idag!<\/p>\n<p>&#8211; H\u00e4r \u00e4r facit till prepositions\u00f6vningen<\/p>\n<p><a href=\"http:\/\/blogg.folkuniversitetet.nu\/bjorka\/files\/2020\/06\/IMG_2897.jpg\"><img loading=\"lazy\" decoding=\"async\" class=\"alignnone size-medium wp-image-259\" src=\"http:\/\/blogg.folkuniversitetet.nu\/bjorka\/files\/2020\/06\/IMG_2897-219x300.jpg\" alt=\"\" width=\"219\" height=\"300\" srcset=\"https:\/\/blogg.folkuniversitetet.nu\/bjorka\/files\/2020\/06\/IMG_2897-219x300.jpg 219w, https:\/\/blogg.folkuniversitetet.nu\/bjorka\/files\/2020\/06\/IMG_2897-747x1024.jpg 747w, https:\/\/blogg.folkuniversitetet.nu\/bjorka\/files\/2020\/06\/IMG_2897-768x1053.jpg 768w, https:\/\/blogg.folkuniversitetet.nu\/bjorka\/files\/2020\/06\/IMG_2897-676x927.jpg 676w, https:\/\/blogg.folkuniversitetet.nu\/bjorka\/files\/2020\/06\/IMG_2897.jpg 828w\" sizes=\"auto, (max-width: 219px) 100vw, 219px\" \/><\/a><\/p>\n<p>H\u00e4r \u00e4r dagens Powerpoints <a href=\"http:\/\/blogg.folkuniversitetet.nu\/bjorka\/files\/2020\/06\/Ja\u0308mfo\u0308rande-ord.pdf\">Ja\u0308mfo\u0308rande ord<\/a> &amp; <a href=\"http:\/\/blogg.folkuniversitetet.nu\/bjorka\/files\/2020\/06\/Nionde-lektionen.pdf\">Nionde lektionen<\/a><\/p>\n<p><strong>L\u00c4XA<\/strong><\/p>\n<ul>\n<li>Framstegstest 4 (s. 126) <a href=\"http:\/\/blogg.folkuniversitetet.nu\/bjorka\/files\/2020\/05\/Framstegstester.pdf\">Framstegstester<\/a><\/li>\n<\/ul>\n<h3>16 juni<\/h3>\n<p>Dagens Powerpoint: <a href=\"http:\/\/blogg.folkuniversitetet.nu\/bjorka\/files\/2020\/06\/Presens-perfekt-fo\u0308r-framtid.pdf\">Presens perfekt fo\u0308r framtid<\/a><\/p>\n<p><strong>L\u00c4XA<\/strong><\/p>\n<ul>\n<li>Orden till kapitel 12<\/li>\n<li>Skriv en lista p\u00e5 tre positiva saker och tre negativa saker g\u00e4llande er flytt till Sverige.<\/li>\n<li>\u00d6vn. 3A, s. 122-123 i \u00d6B<\/li>\n<\/ul>\n<p>Glad midsommar!<\/p>\n<p><a href=\"http:\/\/blogg.folkuniversitetet.nu\/bjorka\/files\/2020\/06\/Ska\u0308rmavbild-2020-06-17-kl.-00.35.04.png\"><img loading=\"lazy\" decoding=\"async\" class=\"alignnone size-medium wp-image-255\" src=\"http:\/\/blogg.folkuniversitetet.nu\/bjorka\/files\/2020\/06\/Ska\u0308rmavbild-2020-06-17-kl.-00.35.04-300x258.png\" alt=\"\" width=\"300\" height=\"258\" srcset=\"https:\/\/blogg.folkuniversitetet.nu\/bjorka\/files\/2020\/06\/Ska\u0308rmavbild-2020-06-17-kl.-00.35.04-300x258.png 300w, https:\/\/blogg.folkuniversitetet.nu\/bjorka\/files\/2020\/06\/Ska\u0308rmavbild-2020-06-17-kl.-00.35.04-768x661.png 768w, https:\/\/blogg.folkuniversitetet.nu\/bjorka\/files\/2020\/06\/Ska\u0308rmavbild-2020-06-17-kl.-00.35.04-676x581.png 676w, https:\/\/blogg.folkuniversitetet.nu\/bjorka\/files\/2020\/06\/Ska\u0308rmavbild-2020-06-17-kl.-00.35.04.png 858w\" sizes=\"auto, (max-width: 300px) 100vw, 300px\" \/><\/a><\/p>\n<h3>11 juni<\/h3>\n<p><em>Idag har vi..<\/em><\/p>\n<ul>\n<li>Presenterat <strong>modiga<\/strong> saker som vi gjort i v\u00e5ra liv<\/li>\n<li>Lyssnat, l\u00e4st och pratat om <strong>kulturchock<\/strong> (s.163-164 i TB)<\/li>\n<li>\u00d6vat p\u00e5 satsadverben <strong>nog<\/strong>, <strong>v\u00e4l<\/strong> och <strong>ju<\/strong> (se Powerpoint nedan)<br \/>\nvi gjorde \u00f6vn 1A (s.120-121 i \u00d6B)<\/li>\n<li>Spelat kahoot om orden till <strong>kapitel 11<\/strong><\/li>\n<\/ul>\n<p>Powerpoint om satsadverben: <a href=\"http:\/\/blogg.folkuniversitetet.nu\/bjorka\/files\/2020\/06\/Nog-va\u0308l-ju.pdf\">Nog, va\u0308l, ju<\/a><\/p>\n<p><strong>TIPS!<\/strong> Om ni \u00e4r os\u00e4kra p\u00e5 ordf\u00f6ljden, titta p\u00e5 s. 269-270 i TB!<\/p>\n<p>&#8212;<\/p>\n<p><strong>L\u00c4XA<\/strong><\/p>\n<ul>\n<li>\u00f6vn. 1B (s.121 i \u00d6B)<\/li>\n<li>L\u00e4s och f\u00f6rst\u00e5 texten om en sv\u00e5r situation p\u00e5 s.165 i TB.<\/li>\n<\/ul>\n<p>Vi ses p\u00e5 tisdag, trevlig helg!<\/p>\n<p><img decoding=\"async\" src=\"http:\/\/www.humordev.com\/imgs\/gifs\/00\/09\/07\/08\/BclziMo1453980379.gif\" alt=\"Gif Cuando me preguntan si he sido yo el que ha puesto el huevo de pascua\" \/><\/p>\n<h3>9 juni<\/h3>\n<p><em>Idag har vi..<\/em><\/p>\n<ul>\n<li>Diskuterat kriminalitet och tidningsrubriker p\u00e5 <strong>s. 149-151 i TB.<\/strong><\/li>\n<li>Tittat p\u00e5 dagens <strong>nyheter<\/strong> och sammanfattat i grupper.<\/li>\n<li>\u00d6vat p\u00e5 ett nytt tempus: <strong>konditionalis<\/strong><\/li>\n<li>Spelat <strong>tabu<\/strong> om orden till kapitel 11.<\/li>\n<\/ul>\n<p>Powerpoint om konditionalis: <a href=\"http:\/\/blogg.folkuniversitetet.nu\/bjorka\/files\/2020\/06\/Konditionalis.pdf\">Konditionalis<\/a><\/p>\n<p><strong>L\u00c4XA<\/strong><\/p>\n<ul>\n<li>F\u00f6rbered att presentera <strong>det modigaste<\/strong> eller <strong>n\u00e5got modigt<\/strong> som ni gjort.<\/li>\n<\/ul>\n<h3>4 juni<\/h3>\n<p><strong>L\u00c4XA<\/strong><\/p>\n<ul>\n<li>Orden till kapitel 11<\/li>\n<li>Skriv ett klagobrev till ett flygbolag.<\/li>\n<\/ul>\n<h3>2 juni<\/h3>\n<p><strong>Idag..<\/strong><\/p>\n<p>.. presenterade vi kriminella personer fr\u00e5n v\u00e5ra heml\u00e4nder.<\/p>\n<p>.. gjorde s. 144-145 i TB om brott.<\/p>\n<p>.. gjorde s. 112 i \u00d6B om verben \u00e4r\/blir framf\u00f6r perfekt particip.<\/p>\n<p>.. kahoot om orden till kapitel 10<\/p>\n<p>&nbsp;<\/p>\n<p><strong>FACIT<\/strong> till \u00f6vningen om verbgrupp 2: <a href=\"http:\/\/blogg.folkuniversitetet.nu\/bjorka\/files\/2020\/06\/Verbgrupp-2.pdf\">Verbgrupp 2<\/a><\/p>\n<p>&nbsp;<\/p>\n<p><strong>L\u00c4XA<\/strong><\/p>\n<ul>\n<li>s. 110-111 i \u00d6B om personliga, possessiva och reflexiva possessiva pronomen.<\/li>\n<li>Om ni vill, b\u00f6rja \u00f6va p\u00e5 orden till kapitel 11 (det \u00e4r l\u00e4xa till tisdag).<\/li>\n<\/ul>\n<h3>28 maj<\/h3>\n<p><strong>L\u00c4XA<\/strong><\/p>\n<ul>\n<li>s. 106 i \u00d6B, \u00f6vn A<\/li>\n<li>F\u00f6rbered en presentation av en k\u00e4nd kriminell person fr\u00e5n ditt hemland.<\/li>\n<\/ul>\n<h3>26 maj<\/h3>\n<p>Dagens Powerpoint <a href=\"http:\/\/blogg.folkuniversitetet.nu\/bjorka\/files\/2020\/05\/Andra-lektionen.pdf\">Andra lektionen<\/a><\/p>\n<p><strong>L\u00c4XA<\/strong><\/p>\n<ul>\n<li>Orden till kapitel 10\u00a0<a href=\"https:\/\/blogg.folkuniversitetet.nu\/bjorka\/files\/2019\/10\/Ordkort.pdf\">Ordkort<\/a><\/li>\n<li><a href=\"https:\/\/glosor.eu\/ovning\/ova-pa-svenska-prepositioner.7760094.html\">\u00d6vning: prepositioner<\/a><\/li>\n<\/ul>\n<h3>19 maj<\/h3>\n<p>Vad kul att tr\u00e4ffa er idag!<br \/>\nM\u00e5nga av er har jag tr\u00e4ffat f\u00f6rut, men det \u00e4r alltid kul med nya elever och att forts\u00e4tta se er utveckling.<\/p>\n<p>Dagens Powerpoint: <a href=\"http:\/\/blogg.folkuniversitetet.nu\/bjorka\/files\/2020\/05\/Fo\u0308rsta-lektionen.pdf\">Fo\u0308rsta lektionen<\/a><\/p>\n<p><strong>L\u00c4XA<\/strong><\/p>\n<ul>\n<li class=\"p1\">Skriv tre meningar i b\u00e5da aktiv och s-passiv form. Anv\u00e4nd verben p\u00e5 s. 99. <strong>Maila meningarna till mig<\/strong>!<\/li>\n<li class=\"p1\">L\u00e4s och f\u00f6rst\u00e5 texten om Deckare (s. 135 i TB) och f\u00f6rbered att ge tips p\u00e5 en bok (g\u00e4rna deckare, g\u00e4rna svensk)!<\/li>\n<li class=\"p1\">G\u00f6r \u00f6vn. C i \u00d6B, s. 99<\/li>\n<\/ul>\n<p><img decoding=\"async\" src=\"https:\/\/i.gifer.com\/JUsE.gif\" alt=\"Swedish GIF - Find on GIFER\" \/><\/p>\n<p>Glad Kristi Himmelsf\u00e4rd!<\/p>\n","protected":false},"excerpt":{"rendered":"<p>TB = Textboken \u00d6B = \u00d6vningsboken 23 juni Bra jobbat idag! &#8211; H\u00e4r \u00e4r facit till prepositions\u00f6vningen H\u00e4r \u00e4r dagens Powerpoints Ja\u0308mfo\u0308rande ord &amp; Nionde lektionen L\u00c4XA Framstegstest 4 (s. 126) Framstegstester 16 juni Dagens Powerpoint: Presens perfekt fo\u0308r framtid L\u00c4XA Orden till kapitel 12 Skriv en lista p\u00e5 tre positiva saker och tre negativa [&hellip;]<\/p>\n","protected":false},"author":790,"featured_media":0,"parent":0,"menu_order":0,"comment_status":"closed","ping_status":"closed","template":"","meta":{"footnotes":""},"class_list":["post-227","page","type-page","status-publish","hentry","post-preview"],"_links":{"self":[{"href":"https:\/\/blogg.folkuniversitetet.nu\/bjorka\/wp-json\/wp\/v2\/pages\/227","targetHints":{"allow":["GET"]}}],"collection":[{"href":"https:\/\/blogg.folkuniversitetet.nu\/bjorka\/wp-json\/wp\/v2\/pages"}],"about":[{"href":"https:\/\/blogg.folkuniversitetet.nu\/bjorka\/wp-json\/wp\/v2\/types\/page"}],"author":[{"embeddable":true,"href":"https:\/\/blogg.folkuniversitetet.nu\/bjorka\/wp-json\/wp\/v2\/users\/790"}],"replies":[{"embeddable":true,"href":"https:\/\/blogg.folkuniversitetet.nu\/bjorka\/wp-json\/wp\/v2\/comments?post=227"}],"version-history":[{"count":20,"href":"https:\/\/blogg.folkuniversitetet.nu\/bjorka\/wp-json\/wp\/v2\/pages\/227\/revisions"}],"predecessor-version":[{"id":262,"href":"https:\/\/blogg.folkuniversitetet.nu\/bjorka\/wp-json\/wp\/v2\/pages\/227\/revisions\/262"}],"wp:attachment":[{"href":"https:\/\/blogg.folkuniversitetet.nu\/bjorka\/wp-json\/wp\/v2\/media?parent=227"}],"curies":[{"name":"wp","href":"https:\/\/api.w.org\/{rel}","templated":true}]}}