{"id":136,"date":"2020-01-14T20:59:01","date_gmt":"2020-01-14T19:59:01","guid":{"rendered":"http:\/\/blogg.folkuniversitetet.nu\/bjorka\/?page_id=136"},"modified":"2020-02-18T20:31:06","modified_gmt":"2020-02-18T19:31:06","slug":"b1-del-1-start-21-januari","status":"publish","type":"page","link":"https:\/\/blogg.folkuniversitetet.nu\/bjorka\/b1-del-1-start-21-januari\/","title":{"rendered":"B1+ del 1 (start 21 januari)"},"content":{"rendered":"<h6>\u00d6B = \u00d6vningsboken<br \/>\nTB = Textboken<\/h6>\n<h3>18 februari<\/h3>\n<p>Dagens Powerpoint <a href=\"http:\/\/blogg.folkuniversitetet.nu\/bjorka\/files\/2020\/02\/Nionde-lektionen.pdf\">Nionde lektionen<\/a><\/p>\n<p><strong>L\u00c4XA<\/strong><br \/>\n&#8211; Forts\u00e4tt med orden till kapitel 9<br \/>\n&#8211; F\u00f6rbered att ber\u00e4tta om n\u00e5got som \u00e4r typiskt svenskt.<br \/>\n&#8211; \u00d6vn. 3 i \u00d6B s. 91<\/p>\n<h3>13 februari<\/h3>\n<p>Dagens Powerpoint <a href=\"http:\/\/blogg.folkuniversitetet.nu\/bjorka\/files\/2020\/02\/A\u030attonde-lektionen.pdf\">A\u030attonde lektionen<\/a><\/p>\n<p><strong>L\u00c4XA<br \/>\n<\/strong>&#8211; G\u00f6r framstegstest 3, <strong>r\u00e4tta inte.<\/strong><\/p>\n<p>&#8211; Orden till kapitel 9.<\/p>\n<h3>11 februari<\/h3>\n<p>Dagens Powerpoint <a href=\"http:\/\/blogg.folkuniversitetet.nu\/bjorka\/files\/2020\/02\/Sjunde-lektionen.pdf\">Sjunde lektionen<\/a><\/p>\n<p><strong>L\u00c4XA<br \/>\n<\/strong>&#8211; Hitta p\u00e5 tv\u00e5 l\u00f6gner och en sanning om dig sj\u00e4lv.<\/p>\n<p>&#8211; Skriv en dialog med substantiv i best\u00e4md och obest\u00e4md form (minst 6 meningar).<\/p>\n<h3>6 februari<\/h3>\n<p><span style=\"text-decoration: underline\">Skillnaden mellan mer och fler:<br \/>\n<\/span><em>mer<\/em> anv\u00e4nds n\u00e4r du pratar om m\u00e4ngd.<br \/>\nex. Jag vill ha <em>mer<\/em> kaffe<\/p>\n<p><em>fler<\/em> anv\u00e4nds n\u00e4r du pratar om antal.<br \/>\nex. Vill du ha <em>fler<\/em> barn?<\/p>\n<p><span style=\"text-decoration: underline\">Skillnaden mellan v\u00e4rre och s\u00e4mre:<\/span><strong><br \/>\n<\/strong><em>s\u00e4mre<\/em> anv\u00e4nds n\u00e4r du pratar om n\u00e5got som varit <span style=\"text-decoration: underline\">bra<br \/>\n<\/span>ex. Vintern i \u00e5r \u00e4r <em>s\u00e4mre<\/em> \u00e4n f\u00f6rra \u00e5ret.<\/p>\n<p><em>v\u00e4rre<\/em> anv\u00e4nds n\u00e4r du pratar om n\u00e5got som varit d\u00e5ligt hela tiden.<br \/>\nex. Sjukdomen har blivit <em>v\u00e4rre<\/em>.<\/p>\n<p>&#8211;<\/p>\n<p>Dagens Powerpoint: <a href=\"http:\/\/blogg.folkuniversitetet.nu\/bjorka\/files\/2020\/02\/Sja\u0308tte-lektionen.pdf\">Sja\u0308tte lektionen<\/a><\/p>\n<p><strong>L\u00c4XA<br \/>\n<\/strong><\/p>\n<p>&#8211; Orden till kap. 8<br \/>\n&#8211; S. 86 i \u00d6B, \u00f6vn 7<br \/>\n&#8211; Hitta en eller tv\u00e5 faktoider eller skr\u00f6nor att presentera p\u00e5 tisdag.<\/p>\n<h3>4 februari<\/h3>\n<p>Dagens Powerpoint: <a href=\"http:\/\/blogg.folkuniversitetet.nu\/bjorka\/files\/2020\/02\/Femte-lektionen.pdf\">Femte lektionen<\/a><\/p>\n<p><strong>L\u00c4XA<\/strong><\/p>\n<p>&#8211; S. 82-84 i \u00d6B<br \/>\n&#8211; Skriv 10-15 meningar om en historisk person fr\u00e5n ditt hemland och <strong>maila<\/strong> den till mig.<\/p>\n<h3>30 januari<\/h3>\n<p>Superbra jobbat idag, som alltid. \ud83d\ude42<\/p>\n<p>H\u00e4r kommer dagens Powerpoint\u00a0<a href=\"http:\/\/blogg.folkuniversitetet.nu\/bjorka\/files\/2020\/01\/Fja\u0308rde-lektionen.pdf\">Fja\u0308rde lektionen<\/a><\/p>\n<p><strong>L\u00c4XA<\/strong><\/p>\n<p>&#8211; L\u00e4s om en av regenterna p\u00e5 s. 106-109 i TB.<\/p>\n<p>Shufan \u2013 Drottning Margareta<\/p>\n<p>Ivana \u2013 Drottning Kristina<\/p>\n<p>Barbora \u2013 Drottning Ulrika Eleonora<\/p>\n<p>Alexandra \u2013 Kronprinsessan Victoria<\/p>\n<p>Soufyane \u2013 Drottning Margareta<\/p>\n<p>David \u2013 Drottning Kristina<\/p>\n<p>&#8211; \u00d6vn. B, C &amp; D i \u00d6B s. 79. (<em>Vi kommer att g\u00e5 igenom detta noggrannt p\u00e5 tisdag<\/em>)<\/p>\n<p>&#8211; Skriv tre fr\u00e5gor med verbet\u00a0<i>k\u00e4nna.\u00a0<\/i>(<em>om ni inte kommer p\u00e5 tisdag, maila mig fr\u00e5gorna<\/em>)<\/p>\n<p>&nbsp;<\/p>\n<h5 style=\"line-height: 21.12px\">Trevlig helg!<\/h5>\n<p><iframe loading=\"lazy\" title=\"Hipp Hipp!: Svenska f\u00f6r nyb\u00f6rjare\" width=\"676\" height=\"380\" src=\"https:\/\/www.youtube.com\/embed\/9PZJZrYu72Y?feature=oembed\" frameborder=\"0\" allow=\"accelerometer; autoplay; encrypted-media; gyroscope; picture-in-picture\" allowfullscreen><\/iframe><\/p>\n<p>&nbsp;<\/p>\n<h3>28 januari<\/h3>\n<p>Dagens Powerpoint <a href=\"http:\/\/blogg.folkuniversitetet.nu\/bjorka\/files\/2020\/01\/Tredje-lektionen.pdf\">Tredje lektionen<\/a><\/p>\n<p><strong>L\u00c4XA<\/strong><\/p>\n<p>&#8211; \u00f6vn. 1B i TB s. 101-103<br \/>\n&#8211;\u00a0 \u00f6vn. 5 i \u00d6B s. 74<\/p>\n<h3>23 januari<\/h3>\n<p>Fantastiskt bra jobbat idag! Perfekt particip \u00e4r sv\u00e5rt, men ni g\u00f6r det bra.<\/p>\n<p>Dagens Powerpoint <a href=\"http:\/\/blogg.folkuniversitetet.nu\/bjorka\/files\/2020\/01\/Andra-lektionen.pdf\">Andra lektionen<\/a><\/p>\n<blockquote><p><strong>ORD<\/strong><\/p>\n<p>stj\u00e4la = ta n\u00e5got, olaglig handling<br \/>\np\u00e5verka = influera, g\u00f6ra intryck p\u00e5 n\u00e5gon\/n\u00e5got<br \/>\nnyligen = nyss, f\u00f6r en kort tid sen<br \/>\nsk\u00e5despelare = manlig akt\u00f6r i film, TV eller teater<br \/>\nsk\u00e5despelerska = kvinnlig aktris i film, TV eller teater<br \/>\nlandskap = del av ett land, region<br \/>\nv\u00e4nligt = sn\u00e4llt, god, hj\u00e4lpsamt<\/p><\/blockquote>\n<p><strong>L\u00c4XA<\/strong><\/p>\n<p>&#8211; Skriv 5 meningar med perfekt particip och maila till mig. (katarina.bjorklund@folkuniversitetet.se)<br \/>\n&#8211; F\u00f6rbered en 3 minuter l\u00e5ng presentation om ert landskap.<br \/>\n&#8211; L\u00e4r er orden till kapitel 7.<\/p>\n<h3>21 januari<\/h3>\n<p>Vad kul att tr\u00e4ffa er idag! Jag tycker att ni var j\u00e4tteduktiga och jag ser fram emot att jobba med er.<\/p>\n<p>Dagens Powerpoint: <a href=\"http:\/\/blogg.folkuniversitetet.nu\/bjorka\/files\/2020\/01\/Fo\u0308rsta-lektionen.pdf\">Fo\u0308rsta lektionen<\/a><\/p>\n<blockquote><p><strong>ORD<\/strong><\/p>\n<p>l\u00e4kemedel = medicin<br \/>\nkry = frisk, inte sjuk<br \/>\nnorrsken = <em>aurora borealis<\/em> , ljusfenomen som skapar ett gr\u00f6nt ljus p\u00e5 himlen<br \/>\nsk\u00e4rg\u00e5rd = en grupp \u00f6ar n\u00e4ra en kust, t ex Stockholms sk\u00e4rg\u00e5rd<br \/>\nfj\u00e4ll = ett l\u00e4gre berg<br \/>\ng\u00f6md = dold, syns inte<br \/>\nklippa = en lite brant del av ett berg<br \/>\nhj\u00e4rta =<span class=\"emoji\">\u2764\ufe0f<\/span><\/p><\/blockquote>\n<p><strong>GL\u00d6M EJ!<\/strong><\/p>\n<ul>\n<li>Ord som stavar <strong>hj<\/strong>(\u00e4lp), <strong>dj<\/strong>(ur) och <strong>lj<\/strong>(us) uttalas [j\u00e4lp], [jur] och [jus].<\/li>\n<\/ul>\n<p><strong>L\u00c4XA<\/strong><\/p>\n<p>&#8211; Se en svensk film och var f\u00f6rberedd att diskutera den.<br \/>\n&#8211; \u00d6vn. 2B i \u00d6B s. 69-70<\/p>\n<p><em>Filmtips<\/em><br \/>\n\u2013 Ondskan<br \/>\n\u2013 The Square<br \/>\n\u2013 S\u00e5som i himmelen<br \/>\n\u2013 Kopps<br \/>\n\u2013 Snabba Cash (1,2,3)<br \/>\n\u2013 Smala Sussie<br \/>\n\u2013 \u00c4nglag\u00e5rden<br \/>\n\u2013 Jalla Jalla<br \/>\n\u2013 Ted<br \/>\n\u2013 M\u00e4n som hatar kvinnor<br \/>\n\u2013 Flickan som lekte med elden<br \/>\n\u2013 Luftslottet som spr\u00e4ngdes<br \/>\n\u2013 Sameblod<br \/>\n\u2013 Till det som \u00e4r vackert<br \/>\n\u2013 Mitt liv som hund<br \/>\n\u2013 Monica Z<br \/>\n\u2013 En man som heter Ove<br \/>\n\u2013 I rymden finns inga k\u00e4nslor<br \/>\n\u2013 J\u00f6nsonligan<\/p>\n","protected":false},"excerpt":{"rendered":"<p>\u00d6B = \u00d6vningsboken TB = Textboken 18 februari Dagens Powerpoint Nionde lektionen L\u00c4XA &#8211; Forts\u00e4tt med orden till kapitel 9 &#8211; F\u00f6rbered att ber\u00e4tta om n\u00e5got som \u00e4r typiskt svenskt. &#8211; \u00d6vn. 3 i \u00d6B s. 91 13 februari Dagens Powerpoint A\u030attonde lektionen L\u00c4XA &#8211; G\u00f6r framstegstest 3, r\u00e4tta inte. &#8211; Orden till kapitel 9. [&hellip;]<\/p>\n","protected":false},"author":790,"featured_media":0,"parent":0,"menu_order":0,"comment_status":"closed","ping_status":"closed","template":"","meta":{"footnotes":""},"class_list":["post-136","page","type-page","status-publish","hentry","post-preview"],"_links":{"self":[{"href":"https:\/\/blogg.folkuniversitetet.nu\/bjorka\/wp-json\/wp\/v2\/pages\/136","targetHints":{"allow":["GET"]}}],"collection":[{"href":"https:\/\/blogg.folkuniversitetet.nu\/bjorka\/wp-json\/wp\/v2\/pages"}],"about":[{"href":"https:\/\/blogg.folkuniversitetet.nu\/bjorka\/wp-json\/wp\/v2\/types\/page"}],"author":[{"embeddable":true,"href":"https:\/\/blogg.folkuniversitetet.nu\/bjorka\/wp-json\/wp\/v2\/users\/790"}],"replies":[{"embeddable":true,"href":"https:\/\/blogg.folkuniversitetet.nu\/bjorka\/wp-json\/wp\/v2\/comments?post=136"}],"version-history":[{"count":14,"href":"https:\/\/blogg.folkuniversitetet.nu\/bjorka\/wp-json\/wp\/v2\/pages\/136\/revisions"}],"predecessor-version":[{"id":165,"href":"https:\/\/blogg.folkuniversitetet.nu\/bjorka\/wp-json\/wp\/v2\/pages\/136\/revisions\/165"}],"wp:attachment":[{"href":"https:\/\/blogg.folkuniversitetet.nu\/bjorka\/wp-json\/wp\/v2\/media?parent=136"}],"curies":[{"name":"wp","href":"https:\/\/api.w.org\/{rel}","templated":true}]}}