{"id":99,"date":"2020-04-28T09:25:28","date_gmt":"2020-04-28T07:25:28","guid":{"rendered":"http:\/\/blogg.folkuniversitetet.nu\/birnju\/?page_id=99"},"modified":"2020-04-28T17:23:59","modified_gmt":"2020-04-28T15:23:59","slug":"islandska-a1-del-1-v-10","status":"publish","type":"page","link":"https:\/\/blogg.folkuniversitetet.nu\/birnju\/islandska-a1-del-1-v-10\/","title":{"rendered":"Isl\u00e4ndska &#8211; A1 del 1, v. 10"},"content":{"rendered":"<p>Nu ligger ppt f\u00f6r v. 10 h\u00e4r:<\/p>\n<p><a href=\"http:\/\/blogg.folkuniversitetet.nu\/birnju\/files\/2020\/04\/Tionde-lektion.pdf\">Tionde lektion<\/a><\/p>\n","protected":false},"excerpt":{"rendered":"<p>Nu ligger ppt f\u00f6r v. 10 h\u00e4r: Tionde lektion<\/p>\n","protected":false},"author":811,"featured_media":0,"parent":0,"menu_order":0,"comment_status":"closed","ping_status":"closed","template":"","meta":{"footnotes":""},"class_list":["post-99","page","type-page","status-publish","hentry"],"_links":{"self":[{"href":"https:\/\/blogg.folkuniversitetet.nu\/birnju\/wp-json\/wp\/v2\/pages\/99","targetHints":{"allow":["GET"]}}],"collection":[{"href":"https:\/\/blogg.folkuniversitetet.nu\/birnju\/wp-json\/wp\/v2\/pages"}],"about":[{"href":"https:\/\/blogg.folkuniversitetet.nu\/birnju\/wp-json\/wp\/v2\/types\/page"}],"author":[{"embeddable":true,"href":"https:\/\/blogg.folkuniversitetet.nu\/birnju\/wp-json\/wp\/v2\/users\/811"}],"replies":[{"embeddable":true,"href":"https:\/\/blogg.folkuniversitetet.nu\/birnju\/wp-json\/wp\/v2\/comments?post=99"}],"version-history":[{"count":3,"href":"https:\/\/blogg.folkuniversitetet.nu\/birnju\/wp-json\/wp\/v2\/pages\/99\/revisions"}],"predecessor-version":[{"id":105,"href":"https:\/\/blogg.folkuniversitetet.nu\/birnju\/wp-json\/wp\/v2\/pages\/99\/revisions\/105"}],"wp:attachment":[{"href":"https:\/\/blogg.folkuniversitetet.nu\/birnju\/wp-json\/wp\/v2\/media?parent=99"}],"curies":[{"name":"wp","href":"https:\/\/api.w.org\/{rel}","templated":true}]}}