{"id":94,"date":"2020-04-21T16:43:37","date_gmt":"2020-04-21T14:43:37","guid":{"rendered":"http:\/\/blogg.folkuniversitetet.nu\/birnju\/?page_id=94"},"modified":"2020-04-21T16:43:37","modified_gmt":"2020-04-21T14:43:37","slug":"islandska-a1-del-1-v-9","status":"publish","type":"page","link":"https:\/\/blogg.folkuniversitetet.nu\/birnju\/islandska-a1-del-1-v-9\/","title":{"rendered":"Isl\u00e4ndska A1 del 1, v. 9"},"content":{"rendered":"<p>H\u00e4r finns l\u00e4nk till nionde lektionen:<\/p>\n<p><a href=\"http:\/\/blogg.folkuniversitetet.nu\/birnju\/files\/2020\/04\/Nionde-lektion.pdf\">Nionde lektion<\/a><\/p>\n","protected":false},"excerpt":{"rendered":"<p>H\u00e4r finns l\u00e4nk till nionde lektionen: Nionde lektion<\/p>\n","protected":false},"author":811,"featured_media":0,"parent":0,"menu_order":0,"comment_status":"closed","ping_status":"closed","template":"","meta":{"footnotes":""},"class_list":["post-94","page","type-page","status-publish","hentry"],"_links":{"self":[{"href":"https:\/\/blogg.folkuniversitetet.nu\/birnju\/wp-json\/wp\/v2\/pages\/94","targetHints":{"allow":["GET"]}}],"collection":[{"href":"https:\/\/blogg.folkuniversitetet.nu\/birnju\/wp-json\/wp\/v2\/pages"}],"about":[{"href":"https:\/\/blogg.folkuniversitetet.nu\/birnju\/wp-json\/wp\/v2\/types\/page"}],"author":[{"embeddable":true,"href":"https:\/\/blogg.folkuniversitetet.nu\/birnju\/wp-json\/wp\/v2\/users\/811"}],"replies":[{"embeddable":true,"href":"https:\/\/blogg.folkuniversitetet.nu\/birnju\/wp-json\/wp\/v2\/comments?post=94"}],"version-history":[{"count":1,"href":"https:\/\/blogg.folkuniversitetet.nu\/birnju\/wp-json\/wp\/v2\/pages\/94\/revisions"}],"predecessor-version":[{"id":97,"href":"https:\/\/blogg.folkuniversitetet.nu\/birnju\/wp-json\/wp\/v2\/pages\/94\/revisions\/97"}],"wp:attachment":[{"href":"https:\/\/blogg.folkuniversitetet.nu\/birnju\/wp-json\/wp\/v2\/media?parent=94"}],"curies":[{"name":"wp","href":"https:\/\/api.w.org\/{rel}","templated":true}]}}