{"id":9,"date":"2020-02-24T10:46:24","date_gmt":"2020-02-24T09:46:24","guid":{"rendered":"http:\/\/blogg.folkuniversitetet.nu\/birnju\/?page_id=9"},"modified":"2020-02-24T15:58:54","modified_gmt":"2020-02-24T14:58:54","slug":"vem-ar-julia","status":"publish","type":"page","link":"https:\/\/blogg.folkuniversitetet.nu\/birnju\/vem-ar-julia\/","title":{"rendered":"Vem \u00e4r J\u00fal\u00eda? &#8211; Hver er J\u00fal\u00eda?"},"content":{"rendered":"<p data-wp-editing=\"1\">Hej!<\/p>\n<p data-wp-editing=\"1\">Jag heter J\u00fal\u00eda och kommer fr\u00e5n Island.<\/p>\n<p data-wp-editing=\"1\"><u><span style=\"background-color: #bfe6ff;color: #004000\"><a href=\"http:\/\/blogg.folkuniversitetet.nu\/birnju\/files\/2020\/02\/husavik-3654390_1920.jpg\"><img loading=\"lazy\" decoding=\"async\" class=\"alignnone size-medium wp-image-40\" src=\"http:\/\/blogg.folkuniversitetet.nu\/birnju\/files\/2020\/02\/husavik-3654390_1920-300x200.jpg\" alt=\"\" width=\"300\" height=\"200\" srcset=\"https:\/\/blogg.folkuniversitetet.nu\/birnju\/files\/2020\/02\/husavik-3654390_1920-300x200.jpg 300w, https:\/\/blogg.folkuniversitetet.nu\/birnju\/files\/2020\/02\/husavik-3654390_1920-1024x683.jpg 1024w, https:\/\/blogg.folkuniversitetet.nu\/birnju\/files\/2020\/02\/husavik-3654390_1920-768x512.jpg 768w, https:\/\/blogg.folkuniversitetet.nu\/birnju\/files\/2020\/02\/husavik-3654390_1920-1536x1024.jpg 1536w, https:\/\/blogg.folkuniversitetet.nu\/birnju\/files\/2020\/02\/husavik-3654390_1920.jpg 1920w\" sizes=\"auto, (max-width: 300px) 100vw, 300px\" \/><\/a><\/span><\/u><\/p>\n<p>Just nu bor jag i Sverige tillsammans med min man, mina tre barn och min hund. Vi har bott h\u00e4r sedan sommaren 2015 och t\u00e4nker stanna n\u00e5gra \u00e5r till.<\/p>\n<p><a href=\"http:\/\/blogg.folkuniversitetet.nu\/birnju\/files\/2020\/02\/IMG_4027-1.jpg\"><img loading=\"lazy\" decoding=\"async\" class=\"alignnone size-medium wp-image-39\" src=\"http:\/\/blogg.folkuniversitetet.nu\/birnju\/files\/2020\/02\/IMG_4027-1-225x300.jpg\" alt=\"\" width=\"225\" height=\"300\" srcset=\"https:\/\/blogg.folkuniversitetet.nu\/birnju\/files\/2020\/02\/IMG_4027-1-225x300.jpg 225w, https:\/\/blogg.folkuniversitetet.nu\/birnju\/files\/2020\/02\/IMG_4027-1.jpg 480w\" sizes=\"auto, (max-width: 225px) 100vw, 225px\" \/><\/a><\/p>\n<p>Jag jobbar som l\u00e4rare h\u00e4r p\u00e5 Folkuniversitetet och \u00e4ven som l\u00e4rare p\u00e5 h\u00f6gstadiet. Jag \u00e4r utbildad social antropolog med l\u00e4rarlegitimation.<\/p>\n<p>P\u00e5 fritiden tycker jag om att umg\u00e5s med familjen och spela och lyssna p\u00e5 musik. Jag tycker om att kl\u00e4ttra, springa, sticka och virka.<\/p>\n<p>V\u00e4lkommen till min blogg, vi ses p\u00e5 lektionen!<\/p>\n","protected":false},"excerpt":{"rendered":"<p>Hej! Jag heter J\u00fal\u00eda och kommer fr\u00e5n Island. Just nu bor jag i Sverige tillsammans med min man, mina tre barn och min hund. Vi har bott h\u00e4r sedan sommaren 2015 och t\u00e4nker stanna n\u00e5gra \u00e5r till. Jag jobbar som l\u00e4rare h\u00e4r p\u00e5 Folkuniversitetet och \u00e4ven som l\u00e4rare p\u00e5 h\u00f6gstadiet. Jag \u00e4r utbildad social antropolog &hellip; <a href=\"https:\/\/blogg.folkuniversitetet.nu\/birnju\/vem-ar-julia\/\" class=\"more-link\">Forts\u00e4tt l\u00e4sa <span class=\"screen-reader-text\">Vem \u00e4r J\u00fal\u00eda? &#8211; Hver er J\u00fal\u00eda?<\/span> <span class=\"meta-nav\">&rarr;<\/span><\/a><\/p>\n","protected":false},"author":811,"featured_media":0,"parent":0,"menu_order":0,"comment_status":"closed","ping_status":"closed","template":"","meta":{"footnotes":""},"class_list":["post-9","page","type-page","status-publish","hentry"],"_links":{"self":[{"href":"https:\/\/blogg.folkuniversitetet.nu\/birnju\/wp-json\/wp\/v2\/pages\/9","targetHints":{"allow":["GET"]}}],"collection":[{"href":"https:\/\/blogg.folkuniversitetet.nu\/birnju\/wp-json\/wp\/v2\/pages"}],"about":[{"href":"https:\/\/blogg.folkuniversitetet.nu\/birnju\/wp-json\/wp\/v2\/types\/page"}],"author":[{"embeddable":true,"href":"https:\/\/blogg.folkuniversitetet.nu\/birnju\/wp-json\/wp\/v2\/users\/811"}],"replies":[{"embeddable":true,"href":"https:\/\/blogg.folkuniversitetet.nu\/birnju\/wp-json\/wp\/v2\/comments?post=9"}],"version-history":[{"count":4,"href":"https:\/\/blogg.folkuniversitetet.nu\/birnju\/wp-json\/wp\/v2\/pages\/9\/revisions"}],"predecessor-version":[{"id":42,"href":"https:\/\/blogg.folkuniversitetet.nu\/birnju\/wp-json\/wp\/v2\/pages\/9\/revisions\/42"}],"wp:attachment":[{"href":"https:\/\/blogg.folkuniversitetet.nu\/birnju\/wp-json\/wp\/v2\/media?parent=9"}],"curies":[{"name":"wp","href":"https:\/\/api.w.org\/{rel}","templated":true}]}}