{"id":86,"date":"2020-04-14T13:22:27","date_gmt":"2020-04-14T11:22:27","guid":{"rendered":"http:\/\/blogg.folkuniversitetet.nu\/birnju\/?page_id=86"},"modified":"2020-04-21T16:50:25","modified_gmt":"2020-04-21T14:50:25","slug":"islandska-a1-del-1-attonde-lektion","status":"publish","type":"page","link":"https:\/\/blogg.folkuniversitetet.nu\/birnju\/islandska-a1-del-1-attonde-lektion\/","title":{"rendered":"Isl\u00e4ndska A1 del 1, v. 8"},"content":{"rendered":"<p>H\u00e4r hittar du ppt f\u00f6r \u00e5ttonde lektion:<\/p>\n<p><a href=\"http:\/\/blogg.folkuniversitetet.nu\/birnju\/files\/2020\/04\/\u00c5ttonde-lektion-1.pdf\">\u00c5ttonde lektion (1)<\/a><\/p>\n","protected":false},"excerpt":{"rendered":"<p>H\u00e4r hittar du ppt f\u00f6r \u00e5ttonde lektion: \u00c5ttonde lektion (1)<\/p>\n","protected":false},"author":811,"featured_media":0,"parent":0,"menu_order":0,"comment_status":"closed","ping_status":"closed","template":"","meta":{"footnotes":""},"class_list":["post-86","page","type-page","status-publish","hentry"],"_links":{"self":[{"href":"https:\/\/blogg.folkuniversitetet.nu\/birnju\/wp-json\/wp\/v2\/pages\/86","targetHints":{"allow":["GET"]}}],"collection":[{"href":"https:\/\/blogg.folkuniversitetet.nu\/birnju\/wp-json\/wp\/v2\/pages"}],"about":[{"href":"https:\/\/blogg.folkuniversitetet.nu\/birnju\/wp-json\/wp\/v2\/types\/page"}],"author":[{"embeddable":true,"href":"https:\/\/blogg.folkuniversitetet.nu\/birnju\/wp-json\/wp\/v2\/users\/811"}],"replies":[{"embeddable":true,"href":"https:\/\/blogg.folkuniversitetet.nu\/birnju\/wp-json\/wp\/v2\/comments?post=86"}],"version-history":[{"count":4,"href":"https:\/\/blogg.folkuniversitetet.nu\/birnju\/wp-json\/wp\/v2\/pages\/86\/revisions"}],"predecessor-version":[{"id":98,"href":"https:\/\/blogg.folkuniversitetet.nu\/birnju\/wp-json\/wp\/v2\/pages\/86\/revisions\/98"}],"wp:attachment":[{"href":"https:\/\/blogg.folkuniversitetet.nu\/birnju\/wp-json\/wp\/v2\/media?parent=86"}],"curies":[{"name":"wp","href":"https:\/\/api.w.org\/{rel}","templated":true}]}}