{"id":69,"date":"2020-03-24T17:31:07","date_gmt":"2020-03-24T16:31:07","guid":{"rendered":"http:\/\/blogg.folkuniversitetet.nu\/birnju\/?page_id=69"},"modified":"2020-03-27T15:23:28","modified_gmt":"2020-03-27T14:23:28","slug":"distansundervisning-fran-och-med-24-3-via-skype","status":"publish","type":"page","link":"https:\/\/blogg.folkuniversitetet.nu\/birnju\/distansundervisning-fran-och-med-24-3-via-skype\/","title":{"rendered":"Distansundervisning fr\u00e5n och med 31\/3 via Zoom"},"content":{"rendered":"<p dir=\"ltr\">Hej p\u00e5 er.<\/p>\n<p dir=\"ltr\">Vi kommer att byta fr\u00e5n Skype till Zoom tisdagen den 31\/3. Instruktioner kommer b\u00e5de fr\u00e5n mig och \u00e4mnesansvarig hos Folkuniversitetet via mejl.<\/p>\n<p dir=\"ltr\">Vi ses p\u00e5 tisdag 31\/3 via Zoom.<\/p>\n<p dir=\"ltr\">B\u00e4sta h\u00e4lsningar,<\/p>\n<p dir=\"ltr\">J\u00fal\u00eda.<\/p>\n<div class=\"page\" data-loaded=\"true\" data-page-number=\"1\"><\/div>\n<p dir=\"ltr\">\n","protected":false},"excerpt":{"rendered":"<p>Hej p\u00e5 er. Vi kommer att byta fr\u00e5n Skype till Zoom tisdagen den 31\/3. Instruktioner kommer b\u00e5de fr\u00e5n mig och \u00e4mnesansvarig hos Folkuniversitetet via mejl. Vi ses p\u00e5 tisdag 31\/3 via Zoom. B\u00e4sta h\u00e4lsningar, J\u00fal\u00eda.<\/p>\n","protected":false},"author":811,"featured_media":0,"parent":0,"menu_order":0,"comment_status":"closed","ping_status":"closed","template":"","meta":{"footnotes":""},"class_list":["post-69","page","type-page","status-publish","hentry"],"_links":{"self":[{"href":"https:\/\/blogg.folkuniversitetet.nu\/birnju\/wp-json\/wp\/v2\/pages\/69","targetHints":{"allow":["GET"]}}],"collection":[{"href":"https:\/\/blogg.folkuniversitetet.nu\/birnju\/wp-json\/wp\/v2\/pages"}],"about":[{"href":"https:\/\/blogg.folkuniversitetet.nu\/birnju\/wp-json\/wp\/v2\/types\/page"}],"author":[{"embeddable":true,"href":"https:\/\/blogg.folkuniversitetet.nu\/birnju\/wp-json\/wp\/v2\/users\/811"}],"replies":[{"embeddable":true,"href":"https:\/\/blogg.folkuniversitetet.nu\/birnju\/wp-json\/wp\/v2\/comments?post=69"}],"version-history":[{"count":3,"href":"https:\/\/blogg.folkuniversitetet.nu\/birnju\/wp-json\/wp\/v2\/pages\/69\/revisions"}],"predecessor-version":[{"id":79,"href":"https:\/\/blogg.folkuniversitetet.nu\/birnju\/wp-json\/wp\/v2\/pages\/69\/revisions\/79"}],"wp:attachment":[{"href":"https:\/\/blogg.folkuniversitetet.nu\/birnju\/wp-json\/wp\/v2\/media?parent=69"}],"curies":[{"name":"wp","href":"https:\/\/api.w.org\/{rel}","templated":true}]}}