{"id":51,"date":"2020-03-02T10:39:43","date_gmt":"2020-03-02T09:39:43","guid":{"rendered":"http:\/\/blogg.folkuniversitetet.nu\/birnju\/?page_id=51"},"modified":"2020-03-02T10:39:43","modified_gmt":"2020-03-02T09:39:43","slug":"islandska-a1-del-1-v-3","status":"publish","type":"page","link":"https:\/\/blogg.folkuniversitetet.nu\/birnju\/islandska-a1-del-1-v-3\/","title":{"rendered":"Isl\u00e4ndska A1 del 1 &#8211; v. 3"},"content":{"rendered":"<p>H\u00e4r finns ppt f\u00f6r tredje lektionen:<\/p>\n<p><a href=\"http:\/\/blogg.folkuniversitetet.nu\/birnju\/files\/2020\/03\/Tredje-lektion.pdf\">Tredje lektion<\/a><\/p>\n","protected":false},"excerpt":{"rendered":"<p>H\u00e4r finns ppt f\u00f6r tredje lektionen: Tredje lektion<\/p>\n","protected":false},"author":811,"featured_media":0,"parent":0,"menu_order":0,"comment_status":"closed","ping_status":"closed","template":"","meta":{"footnotes":""},"class_list":["post-51","page","type-page","status-publish","hentry"],"_links":{"self":[{"href":"https:\/\/blogg.folkuniversitetet.nu\/birnju\/wp-json\/wp\/v2\/pages\/51","targetHints":{"allow":["GET"]}}],"collection":[{"href":"https:\/\/blogg.folkuniversitetet.nu\/birnju\/wp-json\/wp\/v2\/pages"}],"about":[{"href":"https:\/\/blogg.folkuniversitetet.nu\/birnju\/wp-json\/wp\/v2\/types\/page"}],"author":[{"embeddable":true,"href":"https:\/\/blogg.folkuniversitetet.nu\/birnju\/wp-json\/wp\/v2\/users\/811"}],"replies":[{"embeddable":true,"href":"https:\/\/blogg.folkuniversitetet.nu\/birnju\/wp-json\/wp\/v2\/comments?post=51"}],"version-history":[{"count":1,"href":"https:\/\/blogg.folkuniversitetet.nu\/birnju\/wp-json\/wp\/v2\/pages\/51\/revisions"}],"predecessor-version":[{"id":54,"href":"https:\/\/blogg.folkuniversitetet.nu\/birnju\/wp-json\/wp\/v2\/pages\/51\/revisions\/54"}],"wp:attachment":[{"href":"https:\/\/blogg.folkuniversitetet.nu\/birnju\/wp-json\/wp\/v2\/media?parent=51"}],"curies":[{"name":"wp","href":"https:\/\/api.w.org\/{rel}","templated":true}]}}