{"id":19,"date":"2020-02-24T10:55:56","date_gmt":"2020-02-24T09:55:56","guid":{"rendered":"http:\/\/blogg.folkuniversitetet.nu\/birnju\/?page_id=19"},"modified":"2020-02-24T16:48:06","modified_gmt":"2020-02-24T15:48:06","slug":"islandska-a1-del-1-v-1","status":"publish","type":"page","link":"https:\/\/blogg.folkuniversitetet.nu\/birnju\/islandska-a1-del-1-v-1\/","title":{"rendered":"Isl\u00e4ndska A1 del 1, v. 1"},"content":{"rendered":"<p>H\u00e4r kan du se vad vi gjorde f\u00f6rsta lektionen:<\/p>\n<p><a href=\"http:\/\/blogg.folkuniversitetet.nu\/birnju\/files\/2020\/02\/Isl\u00e4ndska-A1-del-1-F\u00f6rsta-lektion.pdf\">Isl\u00e4ndska A1 del 1 &#8211; F\u00f6rsta lektion<\/a><\/p>\n","protected":false},"excerpt":{"rendered":"<p>H\u00e4r kan du se vad vi gjorde f\u00f6rsta lektionen: Isl\u00e4ndska A1 del 1 &#8211; F\u00f6rsta lektion<\/p>\n","protected":false},"author":811,"featured_media":0,"parent":0,"menu_order":0,"comment_status":"closed","ping_status":"closed","template":"","meta":{"footnotes":""},"class_list":["post-19","page","type-page","status-publish","hentry"],"_links":{"self":[{"href":"https:\/\/blogg.folkuniversitetet.nu\/birnju\/wp-json\/wp\/v2\/pages\/19","targetHints":{"allow":["GET"]}}],"collection":[{"href":"https:\/\/blogg.folkuniversitetet.nu\/birnju\/wp-json\/wp\/v2\/pages"}],"about":[{"href":"https:\/\/blogg.folkuniversitetet.nu\/birnju\/wp-json\/wp\/v2\/types\/page"}],"author":[{"embeddable":true,"href":"https:\/\/blogg.folkuniversitetet.nu\/birnju\/wp-json\/wp\/v2\/users\/811"}],"replies":[{"embeddable":true,"href":"https:\/\/blogg.folkuniversitetet.nu\/birnju\/wp-json\/wp\/v2\/comments?post=19"}],"version-history":[{"count":4,"href":"https:\/\/blogg.folkuniversitetet.nu\/birnju\/wp-json\/wp\/v2\/pages\/19\/revisions"}],"predecessor-version":[{"id":50,"href":"https:\/\/blogg.folkuniversitetet.nu\/birnju\/wp-json\/wp\/v2\/pages\/19\/revisions\/50"}],"wp:attachment":[{"href":"https:\/\/blogg.folkuniversitetet.nu\/birnju\/wp-json\/wp\/v2\/media?parent=19"}],"curies":[{"name":"wp","href":"https:\/\/api.w.org\/{rel}","templated":true}]}}