{"id":11,"date":"2020-02-24T10:48:45","date_gmt":"2020-02-24T09:48:45","guid":{"rendered":"http:\/\/blogg.folkuniversitetet.nu\/birnju\/?page_id=11"},"modified":"2020-03-03T21:04:24","modified_gmt":"2020-03-03T20:04:24","slug":"lankar-hlekkir","status":"publish","type":"page","link":"https:\/\/blogg.folkuniversitetet.nu\/birnju\/lankar-hlekkir\/","title":{"rendered":"L\u00e4nkar &#8211; Hlekkir"},"content":{"rendered":"<p><a href=\"http:\/\/tungumalatorg.is\/ifa\/\">Digital version av kurslitteratur<\/a><\/p>\n<p><a href=\"https:\/\/islex.arnastofnun.is\/is\/\">Isl\u00e4ndsk ordbok<\/a><\/p>\n<p><a href=\"https:\/\/sigsig.blog.is\/blog\/sigsig\/entry\/2163374\/\">Isl\u00e4ndska ord om vind och sn\u00f6<\/a><\/p>\n<p><a href=\"https:\/\/web.archive.org\/web\/20041011050551\/http:\/\/www.sigur-ros.co.uk\/band\/pronunci.html\">Isl\u00e4ndskt uttal f\u00f6rklarat p\u00e5 engelska<\/a><\/p>\n<p><a href=\"https:\/\/mms.is\/krakkavefir\">Isl\u00e4ndska f\u00f6r barn<\/a><\/p>\n<p><a href=\"https:\/\/www.linguashop.com\/isl\u00e4ndska-spr\u00e5kl\u00e4ra\">Isl\u00e4ndska p\u00e5 linguashop<\/a><\/p>\n<p><a href=\"https:\/\/bin.arnastofnun.is\/malfraedi\/\">Isl\u00e4ndsk grammatik<\/a><\/p>\n<p><a href=\"http:\/\/tungumalatorg.is\/viltu_laera_islensku\/en\">L\u00e4r dig isl\u00e4ndska fr\u00e5n korta filmer<\/a><\/p>\n<p><a href=\"https:\/\/www.ruv.is\/utvarp\/\">Isl\u00e4ndskt radio<\/a><\/p>\n<p><a href=\"https:\/\/www.ruv.is\/sjonvarp\">Isl\u00e4ndskt tv<\/a><\/p>\n<p><a href=\"https:\/\/spraktidningen.se\/tags\/islandska\">Isl\u00e4ndska i spr\u00e5ktidningen<\/a><\/p>\n<p><a href=\"http:\/\/www.islandsbloggen.com\/\">Islandsbloggen<\/a><\/p>\n<p><a href=\"https:\/\/portal.research.lu.se\/portal\/sv\/publications\/icelandic-inflections--islandsk-substantivboejning(5b6b935e-9250-44c4-8dec-ea0ecf53b857).html\">&#8221;Isl\u00e4ndsk substantivb\u00f6jning&#8221; av Halld\u00f3r \u00c1rmann Sigur\u00f0sson<\/a><\/p>\n<p>H\u00e4r kan du titta p\u00e5 en barnbok uppl\u00e4st p\u00e5 isl\u00e4ndska:<\/p>\n<p><iframe loading=\"lazy\" title=\"Lesi\u00f0 upph\u00e1tt fyrir b\u00f6rn - Kisuafm\u00e6li\" width=\"604\" height=\"340\" src=\"https:\/\/www.youtube.com\/embed\/l2qHl1CE6ZQ?feature=oembed\" frameborder=\"0\" allow=\"accelerometer; autoplay; clipboard-write; encrypted-media; gyroscope; picture-in-picture; web-share\" referrerpolicy=\"strict-origin-when-cross-origin\" allowfullscreen><\/iframe><\/p>\n<p>H\u00e4r finns lite info fr\u00e5n ett svenskt blogg om isl\u00e4ndska spr\u00e5ket:<\/p>\n<blockquote class=\"wp-embedded-content\" data-secret=\"fsxhni6Jq3\"><p><a href=\"https:\/\/www.freedomtravel.se\/2012\/09\/det-islandska-spraket\/\">Det isl\u00e4ndska spr\u00e5ket<\/a><\/p><\/blockquote>\n<p><iframe loading=\"lazy\" class=\"wp-embedded-content\" sandbox=\"allow-scripts\" security=\"restricted\" style=\"position: absolute; clip: rect(1px, 1px, 1px, 1px);\" title=\"\u201dDet isl\u00e4ndska spr\u00e5ket\u201d &ndash; FREEDOMtravel - Resemagasin med massor av resm\u00e5l och inspiration\" src=\"https:\/\/www.freedomtravel.se\/2012\/09\/det-islandska-spraket\/embed\/#?secret=rZuQl8OdCU#?secret=fsxhni6Jq3\" data-secret=\"fsxhni6Jq3\" width=\"600\" height=\"338\" frameborder=\"0\" marginwidth=\"0\" marginheight=\"0\" scrolling=\"no\"><\/iframe><\/p>\n","protected":false},"excerpt":{"rendered":"<p>Digital version av kurslitteratur Isl\u00e4ndsk ordbok Isl\u00e4ndska ord om vind och sn\u00f6 Isl\u00e4ndskt uttal f\u00f6rklarat p\u00e5 engelska Isl\u00e4ndska f\u00f6r barn Isl\u00e4ndska p\u00e5 linguashop Isl\u00e4ndsk grammatik L\u00e4r dig isl\u00e4ndska fr\u00e5n korta filmer Isl\u00e4ndskt radio Isl\u00e4ndskt tv Isl\u00e4ndska i spr\u00e5ktidningen Islandsbloggen &#8221;Isl\u00e4ndsk substantivb\u00f6jning&#8221; av Halld\u00f3r \u00c1rmann Sigur\u00f0sson H\u00e4r kan du titta p\u00e5 en barnbok uppl\u00e4st p\u00e5 isl\u00e4ndska: &hellip; <a href=\"https:\/\/blogg.folkuniversitetet.nu\/birnju\/lankar-hlekkir\/\" class=\"more-link\">Forts\u00e4tt l\u00e4sa <span class=\"screen-reader-text\">L\u00e4nkar &#8211; Hlekkir<\/span> <span class=\"meta-nav\">&rarr;<\/span><\/a><\/p>\n","protected":false},"author":811,"featured_media":0,"parent":0,"menu_order":0,"comment_status":"closed","ping_status":"closed","template":"","meta":{"footnotes":""},"class_list":["post-11","page","type-page","status-publish","hentry"],"_links":{"self":[{"href":"https:\/\/blogg.folkuniversitetet.nu\/birnju\/wp-json\/wp\/v2\/pages\/11","targetHints":{"allow":["GET"]}}],"collection":[{"href":"https:\/\/blogg.folkuniversitetet.nu\/birnju\/wp-json\/wp\/v2\/pages"}],"about":[{"href":"https:\/\/blogg.folkuniversitetet.nu\/birnju\/wp-json\/wp\/v2\/types\/page"}],"author":[{"embeddable":true,"href":"https:\/\/blogg.folkuniversitetet.nu\/birnju\/wp-json\/wp\/v2\/users\/811"}],"replies":[{"embeddable":true,"href":"https:\/\/blogg.folkuniversitetet.nu\/birnju\/wp-json\/wp\/v2\/comments?post=11"}],"version-history":[{"count":10,"href":"https:\/\/blogg.folkuniversitetet.nu\/birnju\/wp-json\/wp\/v2\/pages\/11\/revisions"}],"predecessor-version":[{"id":57,"href":"https:\/\/blogg.folkuniversitetet.nu\/birnju\/wp-json\/wp\/v2\/pages\/11\/revisions\/57"}],"wp:attachment":[{"href":"https:\/\/blogg.folkuniversitetet.nu\/birnju\/wp-json\/wp\/v2\/media?parent=11"}],"curies":[{"name":"wp","href":"https:\/\/api.w.org\/{rel}","templated":true}]}}