{"id":157,"date":"2023-02-07T11:31:46","date_gmt":"2023-02-07T10:31:46","guid":{"rendered":"https:\/\/blogg.folkuniversitetet.nu\/bergli\/?page_id=157"},"modified":"2023-02-26T20:12:26","modified_gmt":"2023-02-26T19:12:26","slug":"a1-del-1-kursvecka-2-2","status":"publish","type":"page","link":"https:\/\/blogg.folkuniversitetet.nu\/bergli\/a1-del-1-kursvecka-2-2\/","title":{"rendered":"Kursvecka 3 (A1 Del 1)"},"content":{"rendered":"<h2><span style=\"text-decoration: underline\">Lektion 5<\/span><\/h2>\n<p>&nbsp;<\/p>\n<p>R\u00e4kna: Textboken sida 223<\/p>\n<h3>En eller ett<\/h3>\n<p>En pl\u00e5nbok<\/p>\n<p>Ett pass<\/p>\n<p>Ett ID kort<\/p>\n<p>En vattenflaska<\/p>\n<p>En matl\u00e5da<\/p>\n<p>En laptop<\/p>\n<p>En dator<\/p>\n<p>En blyertspenna<\/p>\n<p>En bl\u00e4ckpenna<\/p>\n<p>En tuschpenna<\/p>\n<p>En m\u00f6ssa<\/p>\n<p>Ett par handskar<\/p>\n<p>Ett par vantar<\/p>\n<p>Ett par glas\u00f6gon<\/p>\n<p>Ett par solglas\u00f6gon<\/p>\n<p>En nyckel<\/p>\n<p>&nbsp;<\/p>\n<hr \/>\n<h2><\/h2>\n<h2><span style=\"text-decoration: underline\">Lektion 6<\/span><\/h2>\n<p>&nbsp;<\/p>\n<h3>Klockan<\/h3>\n<p class=\"x_p3\">Vad \u00e4r klockan?<span class=\"x_Apple-converted-space\">\u00a0<\/span><\/p>\n<p class=\"x_p3\">Hur mycket \u00e4r klockan?<span class=\"x_Apple-converted-space\">\u00a0<\/span><\/p>\n<p class=\"x_p3\">(Klockan \u00e4r) tolv<\/p>\n<p class=\"x_p3\">(Den \u00e4r) tolv<\/p>\n<p class=\"x_p2\"><span class=\"x_Apple-converted-space\">\u00a0<\/span><\/p>\n<p class=\"x_p3\">12.00 \u201ctolv\u201d<span class=\"x_Apple-converted-space\">\u00a0 <\/span>eller \u201ctolv noll noll\u201d<span class=\"x_Apple-converted-space\">\u00a0<\/span><\/p>\n<p class=\"x_p3\">12.10 \u201ctolv tio\u201d<\/p>\n<p class=\"x_p3\">12.15 \u201ckvart <b>\u00f6ver<\/b> ett\u201d<\/p>\n<p class=\"x_p3\">12.30 \u201chalv ett\u201d<\/p>\n<p class=\"x_p3\">12.45 \u201ckvart<b> i<\/b> ett\u201d<\/p>\n<p>&nbsp;<\/p>\n<p class=\"x_p3\"><span class=\"x_s1\"><b>\u201cTv\u00e5 special:\u201d<span class=\"x_Apple-converted-space\">\u00a0<\/span><\/b><\/span><\/p>\n<p class=\"x_p3\"><b>\u201c12.25\u201d &#8211; \u201cfem i halv<\/b> (ett)\u201d<\/p>\n<p class=\"x_p3\"><b>\u201c12.35\u201d &#8211; \u201cfem \u00f6ver halv<\/b> (ett)\u201d<\/p>\n<p>&nbsp;<\/p>\n<p class=\"x_p3\">En sekund<\/p>\n<p class=\"x_p3\">En minut<\/p>\n<p class=\"x_p3\">En kvart<\/p>\n<p class=\"x_p3\">En halvtimme<\/p>\n<p class=\"x_p3\">En timme<span class=\"x_Apple-converted-space\">\u00a0<\/span><\/p>\n<p>&nbsp;<\/p>\n<h3 class=\"x_p1\"><span class=\"x_s1\"><b>Ordf\u00f6ljd<\/b><\/span>: Position av subjekt och verb<\/h3>\n<p class=\"x_p1\">Svenska har tv\u00e5 typer<span class=\"x_Apple-converted-space\">\u00a0<\/span><\/p>\n<h4 class=\"x_p1\" style=\"text-align: left;padding-left: 40px\"><span class=\"x_s1\">Typ 1: Basstruktur (rak ordf\u00f6ljd): <\/span>Subjekt + Verb<\/h4>\n<p class=\"x_p1\" style=\"text-align: left;padding-left: 80px\"><strong><span class=\"x_s1\">ALLTID KORREKT!!<\/span><\/strong><\/p>\n<p class=\"x_p1\" style=\"padding-left: 80px\">Till exempel: \u201cEva vaknar klockan sju\u201d. \u201cVi studerar svenska p\u00e5 Folkuniversitetet\u201d<span class=\"x_Apple-converted-space\">\u00a0<\/span><\/p>\n<p style=\"padding-left: 40px\">\n<h3 style=\"padding-left: 40px\"><span style=\"text-decoration: underline\"><span class=\"x_s1\">Typ 2: Omv\u00e4nd ordf\u00f6ljd (inversion): <\/span>Verb + Subjekt<\/span><\/h3>\n<p class=\"x_p1\" style=\"text-align: left;padding-left: 80px\"><strong><span class=\"x_s1\">KORREKT <i>IBLAND (correct sometimes)<\/i><\/span><\/strong><\/p>\n<p class=\"x_p1\" style=\"padding-left: 80px\"><b>Korrekt i tv\u00e5 situationer:\u00a0<\/b><\/p>\n<p class=\"x_p1\" style=\"padding-left: 120px\"><strong>1) Fr\u00e5ga (typ ett och tv\u00e5)<\/strong><\/p>\n<p class=\"x_p1\" style=\"padding-left: 120px\">Till exempel:<\/p>\n<p class=\"x_p1\" style=\"padding-left: 120px\">Var bor du ? Pratar du svenska?<span class=\"x_Apple-converted-space\">\u00a0<\/span><\/p>\n<p style=\"padding-left: 120px\">\n<p class=\"x_p1\" style=\"padding-left: 120px\"><strong>2) P\u00e5st\u00e5ende (\u201cstatement\u201d)<span class=\"x_Apple-converted-space\">\u00a0 <\/span>som b\u00f6rjar med TID eller PLATS.<span class=\"x_Apple-converted-space\">\u00a0<\/span><\/strong><\/p>\n<p class=\"x_p1\" style=\"padding-left: 120px\">Till exempel:<span class=\"x_Apple-converted-space\">\u00a0<\/span><\/p>\n<p class=\"x_p1\" style=\"padding-left: 120px\">TID: \u201c<b>Klockan sju<\/b> vaknar Eva\u201d. \u201c<b>Efter jobbet<\/b> g\u00e5r jag hem\u201d, \u201c<b>Sedan<\/b> \u00e4ter jag middag\u201d<span class=\"x_Apple-converted-space\">\u00a0<\/span><\/p>\n<p class=\"x_p1\" style=\"padding-left: 120px\">PLATS : \u201c<b>P\u00e5 Folkuniversitetet<\/b> studerar vi svenska<\/p>\n","protected":false},"excerpt":{"rendered":"<p>Lektion 5 &nbsp; R\u00e4kna: Textboken sida 223 En eller ett En pl\u00e5nbok Ett pass Ett ID kort En vattenflaska En matl\u00e5da En laptop En dator En blyertspenna En bl\u00e4ckpenna En tuschpenna En m\u00f6ssa Ett par handskar Ett par vantar Ett par glas\u00f6gon Ett par solglas\u00f6gon En nyckel &nbsp; Lektion 6 &nbsp; Klockan Vad \u00e4r klockan?\u00a0 [&hellip;]<\/p>\n","protected":false},"author":891,"featured_media":0,"parent":0,"menu_order":0,"comment_status":"closed","ping_status":"closed","template":"","meta":{"footnotes":""},"class_list":["post-157","page","type-page","status-publish","hentry","post-preview"],"_links":{"self":[{"href":"https:\/\/blogg.folkuniversitetet.nu\/bergli\/wp-json\/wp\/v2\/pages\/157","targetHints":{"allow":["GET"]}}],"collection":[{"href":"https:\/\/blogg.folkuniversitetet.nu\/bergli\/wp-json\/wp\/v2\/pages"}],"about":[{"href":"https:\/\/blogg.folkuniversitetet.nu\/bergli\/wp-json\/wp\/v2\/types\/page"}],"author":[{"embeddable":true,"href":"https:\/\/blogg.folkuniversitetet.nu\/bergli\/wp-json\/wp\/v2\/users\/891"}],"replies":[{"embeddable":true,"href":"https:\/\/blogg.folkuniversitetet.nu\/bergli\/wp-json\/wp\/v2\/comments?post=157"}],"version-history":[{"count":7,"href":"https:\/\/blogg.folkuniversitetet.nu\/bergli\/wp-json\/wp\/v2\/pages\/157\/revisions"}],"predecessor-version":[{"id":267,"href":"https:\/\/blogg.folkuniversitetet.nu\/bergli\/wp-json\/wp\/v2\/pages\/157\/revisions\/267"}],"wp:attachment":[{"href":"https:\/\/blogg.folkuniversitetet.nu\/bergli\/wp-json\/wp\/v2\/media?parent=157"}],"curies":[{"name":"wp","href":"https:\/\/api.w.org\/{rel}","templated":true}]}}