{"id":1132,"date":"2024-12-09T16:25:30","date_gmt":"2024-12-09T15:25:30","guid":{"rendered":"https:\/\/blogg.folkuniversitetet.nu\/bergli\/?page_id=1132"},"modified":"2026-04-18T17:38:57","modified_gmt":"2026-04-18T15:38:57","slug":"b2-del1-distans","status":"publish","type":"page","link":"https:\/\/blogg.folkuniversitetet.nu\/bergli\/b2-del1-distans\/","title":{"rendered":"B2- del 1 (Distans"},"content":{"rendered":"<h2 style=\"text-align: center\">Mars<\/h2>\n<h2>L\u00f6rdag 7\/3<\/h2>\n<h3>Anteckningar<\/h3>\n<p><a href=\"http:\/\/blogg.folkuniversitetet.nu\/bergli\/files\/2026\/03\/kapitel-13-1.pdf\">kapitel 13 1<\/a><\/p>\n<h3>L\u00e4xa<\/h3>\n<p class=\"p1\">Textboken:<\/p>\n<ol class=\"ol1\">\n<li class=\"li1\">L\u00e4s texten om h\u00e4xor och p\u00e5skk\u00e4rringar p\u00e5 sidorna 206-207 i Textboken.<\/li>\n<li class=\"li1\">G\u00f6r Textboken s. 207 (D). G\u00f6r research om n\u00e5gon folktro fr\u00e5n ett annat land \u00e4n Sverige. Har den folktron f\u00e5tt n\u00e5gra positiva eller negativa konsekvenser? Presentera din research n\u00e4sta vecka.<\/li>\n<\/ol>\n<p class=\"p1\">\u00d6vningsboken: s. 186-189.<\/p>\n<h2>L\u00f6rdag 14\/3<\/h2>\n<h3>Anteckningar<\/h3>\n<p><a href=\"http:\/\/blogg.folkuniversitetet.nu\/bergli\/files\/2026\/03\/Konditionalis-2.pdf\">Konditionalis 2<\/a><\/p>\n<p><a href=\"http:\/\/blogg.folkuniversitetet.nu\/bergli\/files\/2026\/03\/kapitel-13-2.pdf\">kapitel 13 2<\/a><\/p>\n<h3>L\u00e4xa<\/h3>\n<p>\u00d6vningsboken s. 190-191, 195 och 197-198<\/p>\n<h2>L\u00f6rdag 21\/3<\/h2>\n<h3>Anteckningar<\/h3>\n<p>&nbsp;<\/p>\n<p><a href=\"http:\/\/blogg.folkuniversitetet.nu\/bergli\/files\/2026\/03\/Svenska-dikter.pdf\">Svenska dikter<\/a><\/p>\n<p><a href=\"http:\/\/blogg.folkuniversitetet.nu\/bergli\/files\/2026\/03\/Kapitel-14-B1.pdf\">Kapitel 14 B1<\/a><\/p>\n<p><a href=\"http:\/\/blogg.folkuniversitetet.nu\/bergli\/files\/2026\/03\/kapitel-13-3.pdf\">kapitel 13 3<\/a><\/p>\n<h3>L\u00e4xa<\/h3>\n<p class=\"p1\">Textboken s. 222-223 \u201cL\u00e4r av pessimisterna\u201d.<\/p>\n<p class=\"p1\">L\u00e4s texten och markera saker som du tycker \u00e4r speciellt intressanta, och finns det n\u00e5gra nya ord som du vill l\u00e4ra dig?<\/p>\n<p class=\"p1\">\u00d6vningsboken s. 192-193 (A och B), s. 194, 201-202 (A, B och C)<\/p>\n<h2>L\u00f6rdag 28\/3<\/h2>\n<h3>Anteckningar<\/h3>\n<p><a href=\"http:\/\/blogg.folkuniversitetet.nu\/bergli\/files\/2026\/03\/Partikelverb-Ob-14.pdf\">Partikelverb \u00d6b 14<\/a><\/p>\n<p><a href=\"http:\/\/blogg.folkuniversitetet.nu\/bergli\/files\/2026\/03\/14-2.pdf\">14 2<\/a><\/p>\n<h3>L\u00e4xa<\/h3>\n<p class=\"p1\">Skriv! Titta p\u00e5, eller l\u00e4s, n\u00e5got p\u00e5 svenska! Skriv en recension. Vad gjorde du? Vad handlade det om? Vad tyckte du? Rekommenderar du det? Var det sv\u00e5rt att f\u00f6rst\u00e5? Skriv ocks\u00e5 3 nya ord som du vill l\u00e4ra dig!<\/p>\n<p class=\"p1\">\u00d6vningsboken: s. 206-209<\/p>\n<h2 style=\"text-align: center\">April<\/h2>\n<h2><span style=\"text-decoration: underline\"><strong><em>Vi har ingen lektion 4\/4!<\/em><\/strong><\/span><\/h2>\n<h2><\/h2>\n<h2>L\u00f6rdag 11\/4<\/h2>\n<h3>Anteckningar<\/h3>\n<p><a href=\"http:\/\/blogg.folkuniversitetet.nu\/bergli\/files\/2026\/04\/Reduktioner-summering.pdf\">Reduktioner summering<\/a><\/p>\n<p><a href=\"http:\/\/blogg.folkuniversitetet.nu\/bergli\/files\/2026\/04\/Anteckning-9-apr.-2026.pdf\">Anteckning 9 apr. 2026<\/a><\/p>\n<p><a href=\"http:\/\/blogg.folkuniversitetet.nu\/bergli\/files\/2026\/04\/Kapitel-14-3.pdf\">Kapitel 14 3<\/a><\/p>\n<h3>L\u00e4xa<\/h3>\n<p class=\"p1\">Textboken s. 232 (E)<\/p>\n<p class=\"p1\">\u00d6vningsboken s. 202-205 (Intransitiva och transitiva verb) och 210-211 (byter, f\u00f6r\u00e4ndrar, v\u00e4xlar, \u00e4ndrar sig)<\/p>\n<h2 style=\"text-align: center\"><\/h2>\n<h2>L\u00f6rdag 18\/4<\/h2>\n<h3>Anteckningar<\/h3>\n<p><a href=\"http:\/\/blogg.folkuniversitetet.nu\/bergli\/files\/2026\/04\/20-och-7-ljuden.pdf\">20-och-7-ljuden<\/a><\/p>\n<p><a href=\"http:\/\/blogg.folkuniversitetet.nu\/bergli\/files\/2026\/04\/Kapitel-151.pdf\">Kapitel 151<\/a><\/p>\n<p><a href=\"http:\/\/blogg.folkuniversitetet.nu\/bergli\/files\/2026\/04\/Anteckning-18-apr.-2026.pdf\">Anteckning 18 apr. 2026<\/a><\/p>\n<h3>L\u00e4xa<\/h3>\n<p class=\"p1\">textboken s. 246-249<\/p>\n<p class=\"p1\">\u00f6vningsboken s. 214-215 (demonstrativa pronomen) och 221 (prepositioner).<br \/>\nDu kan ocks\u00e5 \u00f6va p\u00e5 verbets och substantivets former (s. 222) om du vill.<\/p>\n<h2>L\u00f6rdag 25\/4<\/h2>\n<h3>Anteckningar<\/h3>\n<p>&nbsp;<\/p>\n<h3>Tack f\u00f6r den h\u00e4r kursen! &lt;3<\/h3>\n<p>&nbsp;<\/p>\n<p>&nbsp;<\/p>\n<p>&nbsp;<\/p>\n","protected":false},"excerpt":{"rendered":"<p>Mars L\u00f6rdag 7\/3 Anteckningar kapitel 13 1 L\u00e4xa Textboken: L\u00e4s texten om h\u00e4xor och p\u00e5skk\u00e4rringar p\u00e5 sidorna 206-207 i Textboken. G\u00f6r Textboken s. 207 (D). G\u00f6r research om n\u00e5gon folktro fr\u00e5n ett annat land \u00e4n Sverige. Har den folktron f\u00e5tt n\u00e5gra positiva eller negativa konsekvenser? Presentera din research n\u00e4sta vecka. \u00d6vningsboken: s. 186-189. L\u00f6rdag 14\/3 [&hellip;]<\/p>\n","protected":false},"author":891,"featured_media":0,"parent":0,"menu_order":0,"comment_status":"closed","ping_status":"closed","template":"","meta":{"footnotes":""},"class_list":["post-1132","page","type-page","status-publish","hentry","post-preview"],"_links":{"self":[{"href":"https:\/\/blogg.folkuniversitetet.nu\/bergli\/wp-json\/wp\/v2\/pages\/1132","targetHints":{"allow":["GET"]}}],"collection":[{"href":"https:\/\/blogg.folkuniversitetet.nu\/bergli\/wp-json\/wp\/v2\/pages"}],"about":[{"href":"https:\/\/blogg.folkuniversitetet.nu\/bergli\/wp-json\/wp\/v2\/types\/page"}],"author":[{"embeddable":true,"href":"https:\/\/blogg.folkuniversitetet.nu\/bergli\/wp-json\/wp\/v2\/users\/891"}],"replies":[{"embeddable":true,"href":"https:\/\/blogg.folkuniversitetet.nu\/bergli\/wp-json\/wp\/v2\/comments?post=1132"}],"version-history":[{"count":149,"href":"https:\/\/blogg.folkuniversitetet.nu\/bergli\/wp-json\/wp\/v2\/pages\/1132\/revisions"}],"predecessor-version":[{"id":1912,"href":"https:\/\/blogg.folkuniversitetet.nu\/bergli\/wp-json\/wp\/v2\/pages\/1132\/revisions\/1912"}],"wp:attachment":[{"href":"https:\/\/blogg.folkuniversitetet.nu\/bergli\/wp-json\/wp\/v2\/media?parent=1132"}],"curies":[{"name":"wp","href":"https:\/\/api.w.org\/{rel}","templated":true}]}}