{"id":10,"date":"2022-11-09T13:04:09","date_gmt":"2022-11-09T12:04:09","guid":{"rendered":"https:\/\/blogg.folkuniversitetet.nu\/bergli\/?page_id=10"},"modified":"2025-07-18T22:28:21","modified_gmt":"2025-07-18T20:28:21","slug":"vem-ar-linnea","status":"publish","type":"page","link":"https:\/\/blogg.folkuniversitetet.nu\/bergli\/vem-ar-linnea\/","title":{"rendered":"Vem \u00e4r Linnea?"},"content":{"rendered":"<h2><strong>Hej!<\/strong><\/h2>\n<p>&nbsp;<\/p>\n<p><a href=\"http:\/\/blogg.folkuniversitetet.nu\/bergli\/files\/2022\/11\/314997128_656870539318217_6822007497444019174_n.jpeg\"><img loading=\"lazy\" decoding=\"async\" class=\"size-medium wp-image-50 alignright\" src=\"http:\/\/blogg.folkuniversitetet.nu\/bergli\/files\/2022\/11\/314997128_656870539318217_6822007497444019174_n-207x300.jpeg\" alt=\"\" width=\"207\" height=\"300\" srcset=\"https:\/\/blogg.folkuniversitetet.nu\/bergli\/files\/2022\/11\/314997128_656870539318217_6822007497444019174_n-207x300.jpeg 207w, https:\/\/blogg.folkuniversitetet.nu\/bergli\/files\/2022\/11\/314997128_656870539318217_6822007497444019174_n-706x1024.jpeg 706w, https:\/\/blogg.folkuniversitetet.nu\/bergli\/files\/2022\/11\/314997128_656870539318217_6822007497444019174_n-768x1114.jpeg 768w, https:\/\/blogg.folkuniversitetet.nu\/bergli\/files\/2022\/11\/314997128_656870539318217_6822007497444019174_n-676x981.jpeg 676w, https:\/\/blogg.folkuniversitetet.nu\/bergli\/files\/2022\/11\/314997128_656870539318217_6822007497444019174_n.jpeg 1007w\" sizes=\"auto, (max-width: 207px) 100vw, 207px\" \/><\/a>Jag heter Linnea och jag arbetar som l\u00e4rare i svenska!<\/p>\n<p>Jag \u00e4lskar kaffe och fika. Jag talar svenska, engelska och lite japanska.<\/p>\n<p>Mina intressen \u00e4r att rita, spela schack, lyssna p\u00e5 musik, spela gitarr, l\u00e4sa filosofi och studera spr\u00e5k.<\/p>\n<p>&nbsp;<\/p>\n","protected":false},"excerpt":{"rendered":"<p>Hej! &nbsp; Jag heter Linnea och jag arbetar som l\u00e4rare i svenska! Jag \u00e4lskar kaffe och fika. Jag talar svenska, engelska och lite japanska. Mina intressen \u00e4r att rita, spela schack, lyssna p\u00e5 musik, spela gitarr, l\u00e4sa filosofi och studera spr\u00e5k. &nbsp;<\/p>\n","protected":false},"author":107,"featured_media":0,"parent":0,"menu_order":0,"comment_status":"closed","ping_status":"closed","template":"","meta":{"footnotes":""},"class_list":["post-10","page","type-page","status-publish","hentry","post-preview"],"_links":{"self":[{"href":"https:\/\/blogg.folkuniversitetet.nu\/bergli\/wp-json\/wp\/v2\/pages\/10","targetHints":{"allow":["GET"]}}],"collection":[{"href":"https:\/\/blogg.folkuniversitetet.nu\/bergli\/wp-json\/wp\/v2\/pages"}],"about":[{"href":"https:\/\/blogg.folkuniversitetet.nu\/bergli\/wp-json\/wp\/v2\/types\/page"}],"author":[{"embeddable":true,"href":"https:\/\/blogg.folkuniversitetet.nu\/bergli\/wp-json\/wp\/v2\/users\/107"}],"replies":[{"embeddable":true,"href":"https:\/\/blogg.folkuniversitetet.nu\/bergli\/wp-json\/wp\/v2\/comments?post=10"}],"version-history":[{"count":7,"href":"https:\/\/blogg.folkuniversitetet.nu\/bergli\/wp-json\/wp\/v2\/pages\/10\/revisions"}],"predecessor-version":[{"id":1556,"href":"https:\/\/blogg.folkuniversitetet.nu\/bergli\/wp-json\/wp\/v2\/pages\/10\/revisions\/1556"}],"wp:attachment":[{"href":"https:\/\/blogg.folkuniversitetet.nu\/bergli\/wp-json\/wp\/v2\/media?parent=10"}],"curies":[{"name":"wp","href":"https:\/\/api.w.org\/{rel}","templated":true}]}}