{"id":2,"date":"2018-10-09T08:47:14","date_gmt":"2018-10-09T08:47:14","guid":{"rendered":"http:\/\/blogg.folkuniversitetet.nu\/bengan\/?page_id=2"},"modified":"2020-01-09T15:28:01","modified_gmt":"2020-01-09T15:28:01","slug":"sample-page","status":"publish","type":"page","link":"https:\/\/blogg.folkuniversitetet.nu\/bengan\/","title":{"rendered":"V\u00e4lkommen till Anton Bengtssons blogg!"},"content":{"rendered":"<h1><\/h1>\n<div class=\"entry-content\">\n<p><strong>H\u00e4r hittar du lektionsinformation, l\u00e4nkar, l\u00e4xor, etc.<\/strong><\/p>\n<p><b>P\u00e5 fliken ovan hittar du din kurs!\u00a0<\/b><\/p>\n<p><strong>Under &#8221;<a href=\"https:\/\/blogg.folkuniversitetet.nu\/bengan\/category\/anvandbara-lankar\/\">anv\u00e4ndbara l\u00e4nkar<\/a>&#8221; hittar du bra extramaterial f\u00f6r dina studier.\u00a0<\/strong><\/p>\n<p><b>Gamla kurser flyttas till &#8221;<a href=\"https:\/\/blogg.folkuniversitetet.nu\/bengan\/category\/arkiv\/\">Arkiv<\/a>&#8221; efter kursens slut.<\/b><\/p>\n<p>Gl\u00f6m inte att Folkuniversitet finns p\u00e5 sociala medier!<\/p>\n<ul>\n<li>Folkuniversitetets <a href=\"https:\/\/www.instagram.com\/folkuniversitetetstockholm\/?hl=sv\">Instagram<\/a><\/li>\n<li>Folkuniversitetets <a href=\"https:\/\/www.facebook.com\/folkuniversitetetstockholm\/\">Facebooksida<\/a><\/li>\n<\/ul>\n<p>V\u00e4nligen,<br \/>\nAnton Bengtsson<\/p>\n<\/div>\n","protected":false},"excerpt":{"rendered":"<p>H\u00e4r hittar du lektionsinformation, l\u00e4nkar, l\u00e4xor, etc. P\u00e5 fliken ovan hittar du din kurs!\u00a0 Under &#8221;anv\u00e4ndbara l\u00e4nkar&#8221; hittar du bra extramaterial f\u00f6r dina studier.\u00a0 Gamla kurser flyttas till &#8221;Arkiv&#8221; efter kursens slut. Gl\u00f6m inte att Folkuniversitet finns p\u00e5 sociala medier! Folkuniversitetets Instagram Folkuniversitetets Facebooksida V\u00e4nligen, Anton Bengtsson<\/p>\n","protected":false},"author":752,"featured_media":0,"parent":0,"menu_order":0,"comment_status":"closed","ping_status":"open","template":"","meta":{"footnotes":""},"class_list":["post-2","page","type-page","status-publish","hentry"],"_links":{"self":[{"href":"https:\/\/blogg.folkuniversitetet.nu\/bengan\/wp-json\/wp\/v2\/pages\/2","targetHints":{"allow":["GET"]}}],"collection":[{"href":"https:\/\/blogg.folkuniversitetet.nu\/bengan\/wp-json\/wp\/v2\/pages"}],"about":[{"href":"https:\/\/blogg.folkuniversitetet.nu\/bengan\/wp-json\/wp\/v2\/types\/page"}],"author":[{"embeddable":true,"href":"https:\/\/blogg.folkuniversitetet.nu\/bengan\/wp-json\/wp\/v2\/users\/752"}],"replies":[{"embeddable":true,"href":"https:\/\/blogg.folkuniversitetet.nu\/bengan\/wp-json\/wp\/v2\/comments?post=2"}],"version-history":[{"count":15,"href":"https:\/\/blogg.folkuniversitetet.nu\/bengan\/wp-json\/wp\/v2\/pages\/2\/revisions"}],"predecessor-version":[{"id":888,"href":"https:\/\/blogg.folkuniversitetet.nu\/bengan\/wp-json\/wp\/v2\/pages\/2\/revisions\/888"}],"wp:attachment":[{"href":"https:\/\/blogg.folkuniversitetet.nu\/bengan\/wp-json\/wp\/v2\/media?parent=2"}],"curies":[{"name":"wp","href":"https:\/\/api.w.org\/{rel}","templated":true}]}}