{"id":992,"date":"2026-03-24T19:31:02","date_gmt":"2026-03-24T18:31:02","guid":{"rendered":"https:\/\/blogg.folkuniversitetet.nu\/barkgr\/?page_id=992"},"modified":"2026-03-26T21:13:51","modified_gmt":"2026-03-26T20:13:51","slug":"vecka-5","status":"publish","type":"page","link":"https:\/\/blogg.folkuniversitetet.nu\/barkgr\/b1-del-2-februari-mars\/vecka-5\/","title":{"rendered":"Vecka 5"},"content":{"rendered":"<h2>Tisdag, den 24:e mars<\/h2>\n<p><a href=\"https:\/\/drive.google.com\/file\/d\/1CCvxFfgdPY2Ju8qYlzMSUGOaG08oExsS\/view?usp=sharing\">Anteckningar<\/a><\/p>\n<h4>L\u00e4xa:<\/h4>\n<ul>\n<li>TB s. 97-98, l\u00e4s texterna, kontrollera orden<\/li>\n<li>Arbeta med ordkort fr\u00e5n kapitel 6<\/li>\n<\/ul>\n<h2>Torsdag, den 26:e mars<\/h2>\n<p><a href=\"https:\/\/drive.google.com\/file\/d\/1VcUmuU3oZehO2dDoMGWblSXyvxrfnEVr\/view?usp=sharing\">Anteckningar<\/a><\/p>\n","protected":false},"excerpt":{"rendered":"<p>Tisdag, den 24:e mars Anteckningar L\u00e4xa: TB s. 97-98, l\u00e4s texterna, kontrollera orden Arbeta med ordkort fr\u00e5n kapitel 6 Torsdag, den 26:e mars Anteckningar<\/p>\n","protected":false},"author":929,"featured_media":0,"parent":960,"menu_order":5,"comment_status":"closed","ping_status":"closed","template":"","meta":{"footnotes":""},"class_list":["post-992","page","type-page","status-publish","hentry","post-preview"],"_links":{"self":[{"href":"https:\/\/blogg.folkuniversitetet.nu\/barkgr\/wp-json\/wp\/v2\/pages\/992","targetHints":{"allow":["GET"]}}],"collection":[{"href":"https:\/\/blogg.folkuniversitetet.nu\/barkgr\/wp-json\/wp\/v2\/pages"}],"about":[{"href":"https:\/\/blogg.folkuniversitetet.nu\/barkgr\/wp-json\/wp\/v2\/types\/page"}],"author":[{"embeddable":true,"href":"https:\/\/blogg.folkuniversitetet.nu\/barkgr\/wp-json\/wp\/v2\/users\/929"}],"replies":[{"embeddable":true,"href":"https:\/\/blogg.folkuniversitetet.nu\/barkgr\/wp-json\/wp\/v2\/comments?post=992"}],"version-history":[{"count":3,"href":"https:\/\/blogg.folkuniversitetet.nu\/barkgr\/wp-json\/wp\/v2\/pages\/992\/revisions"}],"predecessor-version":[{"id":995,"href":"https:\/\/blogg.folkuniversitetet.nu\/barkgr\/wp-json\/wp\/v2\/pages\/992\/revisions\/995"}],"up":[{"embeddable":true,"href":"https:\/\/blogg.folkuniversitetet.nu\/barkgr\/wp-json\/wp\/v2\/pages\/960"}],"wp:attachment":[{"href":"https:\/\/blogg.folkuniversitetet.nu\/barkgr\/wp-json\/wp\/v2\/media?parent=992"}],"curies":[{"name":"wp","href":"https:\/\/api.w.org\/{rel}","templated":true}]}}