{"id":986,"date":"2026-03-17T21:50:25","date_gmt":"2026-03-17T20:50:25","guid":{"rendered":"https:\/\/blogg.folkuniversitetet.nu\/barkgr\/?page_id=986"},"modified":"2026-03-19T21:28:59","modified_gmt":"2026-03-19T20:28:59","slug":"vecka-4-2","status":"publish","type":"page","link":"https:\/\/blogg.folkuniversitetet.nu\/barkgr\/b1-del-2-februari-mars\/vecka-4-2\/","title":{"rendered":"Vecka 4"},"content":{"rendered":"<h2>Tisdag, den 17:e mars<\/h2>\n<p><a href=\"https:\/\/drive.google.com\/file\/d\/1I3TIKjDQENr8iQcpiErlctcjfoO40PWN\/view?usp=sharing\">Anteckningar<\/a><\/p>\n<p><a href=\"https:\/\/www.sverigesradio.se\/avsnitt\/barnradion-mordet-pa-anna-lindh\">Podden om Anna Lindh<\/a><\/p>\n<h4>L\u00e4xa:<\/h4>\n<ul>\n<li>TB s. 90-92, l\u00e4s texterna, kontrollera orden. Skriv ner 5-7 ord eller fraser som du vill l\u00e4ra dig. Var redo att presentera kort det politiska systemet i ditt land.<\/li>\n<\/ul>\n<h2>Torsdag, den 19:e mars<\/h2>\n<p><a href=\"https:\/\/drive.google.com\/file\/d\/1RKprJNEuPN9KCg4ZAz1F3ezaAFeHnxdj\/view?usp=sharing\">Anteckningar<\/a><\/p>\n<p><a href=\"https:\/\/www.youtube.com\/watch?v=a6MCRuE6tx8\">Arvingarna &#8221;Eloise&#8221;<\/a><\/p>\n<h4>L\u00e4xa:<\/h4>\n<ul>\n<li>Titta p\u00e5 ett avsnitt om Sveriges grundlagar fr\u00e5n programmet Nyfiken p\u00e5 Sverige (<a href=\"https:\/\/urplay.se\/program\/206204-nyfiken-pa-sverige-grundlagarna\">l\u00e4nken<\/a>). G\u00f6r anteckningar f\u00f6r att kunna f\u00f6rklara vilka de grundlagarna \u00e4r.<\/li>\n<li>\u00d6B s. 88-92<\/li>\n<\/ul>\n","protected":false},"excerpt":{"rendered":"<p>Tisdag, den 17:e mars Anteckningar Podden om Anna Lindh L\u00e4xa: TB s. 90-92, l\u00e4s texterna, kontrollera orden. Skriv ner 5-7 ord eller fraser som du vill l\u00e4ra dig. Var redo att presentera kort det politiska systemet i ditt land. Torsdag, den 19:e mars Anteckningar Arvingarna &#8221;Eloise&#8221; L\u00e4xa: Titta p\u00e5 ett avsnitt om Sveriges grundlagar fr\u00e5n [&hellip;]<\/p>\n","protected":false},"author":929,"featured_media":0,"parent":960,"menu_order":4,"comment_status":"closed","ping_status":"closed","template":"","meta":{"footnotes":""},"class_list":["post-986","page","type-page","status-publish","hentry","post-preview"],"_links":{"self":[{"href":"https:\/\/blogg.folkuniversitetet.nu\/barkgr\/wp-json\/wp\/v2\/pages\/986","targetHints":{"allow":["GET"]}}],"collection":[{"href":"https:\/\/blogg.folkuniversitetet.nu\/barkgr\/wp-json\/wp\/v2\/pages"}],"about":[{"href":"https:\/\/blogg.folkuniversitetet.nu\/barkgr\/wp-json\/wp\/v2\/types\/page"}],"author":[{"embeddable":true,"href":"https:\/\/blogg.folkuniversitetet.nu\/barkgr\/wp-json\/wp\/v2\/users\/929"}],"replies":[{"embeddable":true,"href":"https:\/\/blogg.folkuniversitetet.nu\/barkgr\/wp-json\/wp\/v2\/comments?post=986"}],"version-history":[{"count":3,"href":"https:\/\/blogg.folkuniversitetet.nu\/barkgr\/wp-json\/wp\/v2\/pages\/986\/revisions"}],"predecessor-version":[{"id":989,"href":"https:\/\/blogg.folkuniversitetet.nu\/barkgr\/wp-json\/wp\/v2\/pages\/986\/revisions\/989"}],"up":[{"embeddable":true,"href":"https:\/\/blogg.folkuniversitetet.nu\/barkgr\/wp-json\/wp\/v2\/pages\/960"}],"wp:attachment":[{"href":"https:\/\/blogg.folkuniversitetet.nu\/barkgr\/wp-json\/wp\/v2\/media?parent=986"}],"curies":[{"name":"wp","href":"https:\/\/api.w.org\/{rel}","templated":true}]}}