{"id":971,"date":"2026-03-04T10:44:31","date_gmt":"2026-03-04T09:44:31","guid":{"rendered":"https:\/\/blogg.folkuniversitetet.nu\/barkgr\/?page_id=971"},"modified":"2026-03-05T21:41:39","modified_gmt":"2026-03-05T20:41:39","slug":"vecka-2","status":"publish","type":"page","link":"https:\/\/blogg.folkuniversitetet.nu\/barkgr\/b1-del-2-februari-mars\/vecka-2\/","title":{"rendered":"Vecka 2"},"content":{"rendered":"<h2>Tisdag, den 3:e mars<\/h2>\n<p><a href=\"https:\/\/drive.google.com\/file\/d\/1WI4XPGdcqS23Jd7J68oNlbbOoVKkqGJX\/view?usp=sharing\">Anteckningar<\/a><\/p>\n<h4>L\u00e4xa:<\/h4>\n<ul>\n<li>G\u00e5 igenom ordkort som g\u00e4ller kapitel 4 (du kan hitta ordkorten vid fliken &#8221;Rivstart&#8221; -&gt; B1 och B2<\/li>\n<li>TB s. 68-69, l\u00e4s texten, skriv ner 5-7 ord eller fraser som du vill l\u00e4ra dig.<\/li>\n<li>TB s. 71, l\u00e4s dialogen, plocka 4-6 ord eller fraser som du vill l\u00e4ra dig.<\/li>\n<\/ul>\n<h2>Torsdag, den 5:e mars<\/h2>\n<p><a href=\"https:\/\/drive.google.com\/file\/d\/15rk4zbl2Nkh67Y1pPi8v5eU3HWQEu_Zz\/view?usp=sharing\">Anteckningar<\/a><\/p>\n<h4>L\u00e4xa:<\/h4>\n<ul>\n<li>TB s. 72-73, l\u00e4s dialogerna, kontrollera orden. Plocka 5-7 fraser eller ord som du vill l\u00e4ra dig.<\/li>\n<li>Subjunktioner: TB s. 75 uppgift I och s. 76 uppgift J.<\/li>\n<li>TB s. 76 &#8211; l\u00e4s texten om vanor och ovanor.<\/li>\n<li>\u00d6B s. 71-76 (kolla hemma med facit, anteckna om du har n\u00e5gra fr\u00e5gor).<\/li>\n<li>Arbeta med ordkort fr\u00e5n kapitel 4<\/li>\n<\/ul>\n<p>&nbsp;<\/p>\n","protected":false},"excerpt":{"rendered":"<p>Tisdag, den 3:e mars Anteckningar L\u00e4xa: G\u00e5 igenom ordkort som g\u00e4ller kapitel 4 (du kan hitta ordkorten vid fliken &#8221;Rivstart&#8221; -&gt; B1 och B2 TB s. 68-69, l\u00e4s texten, skriv ner 5-7 ord eller fraser som du vill l\u00e4ra dig. TB s. 71, l\u00e4s dialogen, plocka 4-6 ord eller fraser som du vill l\u00e4ra dig. [&hellip;]<\/p>\n","protected":false},"author":929,"featured_media":0,"parent":960,"menu_order":2,"comment_status":"closed","ping_status":"closed","template":"","meta":{"footnotes":""},"class_list":["post-971","page","type-page","status-publish","hentry","post-preview"],"_links":{"self":[{"href":"https:\/\/blogg.folkuniversitetet.nu\/barkgr\/wp-json\/wp\/v2\/pages\/971","targetHints":{"allow":["GET"]}}],"collection":[{"href":"https:\/\/blogg.folkuniversitetet.nu\/barkgr\/wp-json\/wp\/v2\/pages"}],"about":[{"href":"https:\/\/blogg.folkuniversitetet.nu\/barkgr\/wp-json\/wp\/v2\/types\/page"}],"author":[{"embeddable":true,"href":"https:\/\/blogg.folkuniversitetet.nu\/barkgr\/wp-json\/wp\/v2\/users\/929"}],"replies":[{"embeddable":true,"href":"https:\/\/blogg.folkuniversitetet.nu\/barkgr\/wp-json\/wp\/v2\/comments?post=971"}],"version-history":[{"count":3,"href":"https:\/\/blogg.folkuniversitetet.nu\/barkgr\/wp-json\/wp\/v2\/pages\/971\/revisions"}],"predecessor-version":[{"id":975,"href":"https:\/\/blogg.folkuniversitetet.nu\/barkgr\/wp-json\/wp\/v2\/pages\/971\/revisions\/975"}],"up":[{"embeddable":true,"href":"https:\/\/blogg.folkuniversitetet.nu\/barkgr\/wp-json\/wp\/v2\/pages\/960"}],"wp:attachment":[{"href":"https:\/\/blogg.folkuniversitetet.nu\/barkgr\/wp-json\/wp\/v2\/media?parent=971"}],"curies":[{"name":"wp","href":"https:\/\/api.w.org\/{rel}","templated":true}]}}