{"id":968,"date":"2026-03-02T15:20:38","date_gmt":"2026-03-02T14:20:38","guid":{"rendered":"https:\/\/blogg.folkuniversitetet.nu\/barkgr\/?page_id=968"},"modified":"2026-04-18T12:38:32","modified_gmt":"2026-04-18T11:38:32","slug":"a2-del-1-lordagar","status":"publish","type":"page","link":"https:\/\/blogg.folkuniversitetet.nu\/barkgr\/a2-del-1-lordagar\/","title":{"rendered":"A2 del 1 l\u00f6rdagar"},"content":{"rendered":"<h2>7:e mars<\/h2>\n<p><a href=\"https:\/\/drive.google.com\/file\/d\/1fx0u51kO84EflJVr8WlrRfmpWuxN1NvG\/view?usp=sharing\">Anteckningar<\/a><\/p>\n<h4>L\u00e4xa:<\/h4>\n<ul>\n<li>TB s. 125, l\u00e4s texterna, kontrollera orden. Var redo att diskutera vilken kille passar Anna b\u00e4st.<\/li>\n<li>\u00d6B s. 134-137 (kolla svaren med facit (du hittar allt under fliken &#8221;Rivstart&#8221;) och skriv ner fr\u00e5gor som du har efter att ha arbetat med \u00d6B).<\/li>\n<\/ul>\n<h2>14:e mars<\/h2>\n<p><a href=\"https:\/\/docs.google.com\/document\/d\/1bSDmaoJpI74JU9c_KY6DnkHfKPH0ZIJO\/edit?usp=sharing&amp;ouid=103954713746294545831&amp;rtpof=true&amp;sd=true\">Anteckningar<\/a><\/p>\n<h4>L\u00e4xa:<\/h4>\n<ul>\n<li>TB s. 129-131<\/li>\n<li>\u00d6B s. 143<\/li>\n<li>\u00d6B s. 146<\/li>\n<\/ul>\n<h2>21:a mars<\/h2>\n<p><a href=\"https:\/\/drive.google.com\/file\/d\/1dTNm_rId-1xP8B0xH-8Zy71dnmHn1vTC\/view?usp=sharing\">Anteckningar<\/a><\/p>\n<h4>L\u00e4xa:<\/h4>\n<ul>\n<li>\u00d6B s. 149-158<\/li>\n<li>TB s. 144-145, l\u00e4s dialogerna, kontrollera orden, plocka och skriv ner 5-7 fraser\/ord som du vill l\u00e4ra dig.<\/li>\n<li>TB s. 139-140\n<ul>\n<li>Natalie, Endrina, Subbu, Carina och Despina l\u00e4ser s. 139 och f\u00f6rbereder sig att presentera muntligt sill, potatis och r\u00e5g<\/li>\n<li>Merve, Claire, Yunhan, Iuliia, Sara l\u00e4ser s. 140 och f\u00f6rbereder sig att presentera muntligt \u00e4lg, lingon och jordgubbar<\/li>\n<\/ul>\n<\/li>\n<\/ul>\n<h2>28:e mars<\/h2>\n<p><a href=\"https:\/\/drive.google.com\/file\/d\/1X6fB4CszV5GRcmsXrwZta4Umbm6qaf1S\/view?usp=sharing\">Anteckningar<\/a><\/p>\n<h4>L\u00e4xa:<\/h4>\n<ul>\n<li>G\u00e5 till webbtidningen 8sidor. se, v\u00e4lj n\u00e5gon artikel, l\u00e4s den, kontrollera orden och var redo att presentera den artikeln f\u00f6r dina klasskompisar.<\/li>\n<li>\u00d6B s. 159-160<\/li>\n<li>\u00d6B s. 165-169<\/li>\n<li>TB s. 150, l\u00e4s texten, skriv 5 fr\u00e5gor till texten.<\/li>\n<li>TB s. 154-155, g\u00e5 igenom texterna och ord i kapitlet &#8221;Vilket jobb passar?&#8221;. Var redo att diskutera vilka jobb som passar Richard, Isabelle, Sixten och Maria i \u00f6vning C.<\/li>\n<\/ul>\n<h2>11:e april<\/h2>\n<p><a href=\"https:\/\/drive.google.com\/file\/d\/15yD4fvDbXOKgy_KtPaEdhEMUwmSorcnN\/view?usp=sharing\">Anteckningar<\/a><\/p>\n<h4>L\u00e4xa:<\/h4>\n<ul>\n<li>TB s. 164-165, l\u00e4s och lyssna p\u00e5 texterna. Kontrollera orden<\/li>\n<li>TB s. s. 171 L\u00e4s texten, kontrollera orden<\/li>\n<li>\u00d6B s. 170-171<\/li>\n<li>\u00d6B s. 175-176 (till nr. 2 Relativa bisatser)<\/li>\n<\/ul>\n<h2>18:e april<\/h2>\n<p><a href=\"https:\/\/drive.google.com\/file\/d\/1fFdRufk3eGWHLGA5y036M0uQb0qPVihz\/view?usp=sharing\">Anteckningar<\/a><\/p>\n<h4>L\u00e4xa:<\/h4>\n<ul>\n<li>L\u00e4s n\u00e5gon nyhet fr\u00e5n webbtidningen 8sidor.se och var redo att presentera den artikeln till de andra i gruppen.<\/li>\n<li>TB s. 168-169, v\u00e4lj 5 ord\/fraser som du vill l\u00e4ra dig.<\/li>\n<li>TB s. 176-177, l\u00e4s texten, kontrollera orden.<\/li>\n<li>\u00d6B s. 177-180<\/li>\n<\/ul>\n<h4>Sj\u00e4lvstudier:<\/h4>\n<ul>\n<li>TB s. 172-173<\/li>\n<li>\u00d6B s. 181-185<\/li>\n<\/ul>\n","protected":false},"excerpt":{"rendered":"<p>7:e mars Anteckningar L\u00e4xa: TB s. 125, l\u00e4s texterna, kontrollera orden. Var redo att diskutera vilken kille passar Anna b\u00e4st. \u00d6B s. 134-137 (kolla svaren med facit (du hittar allt under fliken &#8221;Rivstart&#8221;) och skriv ner fr\u00e5gor som du har efter att ha arbetat med \u00d6B). 14:e mars Anteckningar L\u00e4xa: TB s. 129-131 \u00d6B s. [&hellip;]<\/p>\n","protected":false},"author":929,"featured_media":0,"parent":0,"menu_order":7,"comment_status":"closed","ping_status":"closed","template":"","meta":{"footnotes":""},"class_list":["post-968","page","type-page","status-publish","hentry","post-preview"],"_links":{"self":[{"href":"https:\/\/blogg.folkuniversitetet.nu\/barkgr\/wp-json\/wp\/v2\/pages\/968","targetHints":{"allow":["GET"]}}],"collection":[{"href":"https:\/\/blogg.folkuniversitetet.nu\/barkgr\/wp-json\/wp\/v2\/pages"}],"about":[{"href":"https:\/\/blogg.folkuniversitetet.nu\/barkgr\/wp-json\/wp\/v2\/types\/page"}],"author":[{"embeddable":true,"href":"https:\/\/blogg.folkuniversitetet.nu\/barkgr\/wp-json\/wp\/v2\/users\/929"}],"replies":[{"embeddable":true,"href":"https:\/\/blogg.folkuniversitetet.nu\/barkgr\/wp-json\/wp\/v2\/comments?post=968"}],"version-history":[{"count":11,"href":"https:\/\/blogg.folkuniversitetet.nu\/barkgr\/wp-json\/wp\/v2\/pages\/968\/revisions"}],"predecessor-version":[{"id":1019,"href":"https:\/\/blogg.folkuniversitetet.nu\/barkgr\/wp-json\/wp\/v2\/pages\/968\/revisions\/1019"}],"wp:attachment":[{"href":"https:\/\/blogg.folkuniversitetet.nu\/barkgr\/wp-json\/wp\/v2\/media?parent=968"}],"curies":[{"name":"wp","href":"https:\/\/api.w.org\/{rel}","templated":true}]}}