{"id":963,"date":"2026-02-25T08:52:57","date_gmt":"2026-02-25T07:52:57","guid":{"rendered":"https:\/\/blogg.folkuniversitetet.nu\/barkgr\/?page_id=963"},"modified":"2026-02-27T09:52:49","modified_gmt":"2026-02-27T08:52:49","slug":"vecka-1","status":"publish","type":"page","link":"https:\/\/blogg.folkuniversitetet.nu\/barkgr\/b1-del-2-februari-mars\/vecka-1\/","title":{"rendered":"Vecka 1"},"content":{"rendered":"<h2>Tisdag, den 24:e februari<\/h2>\n<p><a href=\"https:\/\/drive.google.com\/file\/d\/1z3iRRWLiwOWzeM0Vagp9_TU9qUfgO7_6\/view?usp=sharing\">Anteckningar<\/a><\/p>\n<h4>L\u00e4xa:<\/h4>\n<ul>\n<li>TB s. 57-58, arbeta med texten, kontrollera orden. Skriv 4-5 fr\u00e5gor till texten s\u00e5 att du kan diskutera den med andra deltagare.<\/li>\n<li>\u00d6B s. 55-56<\/li>\n<\/ul>\n<h2>Torsdag, den 27:6:e februari<\/h2>\n<p><a href=\"https:\/\/docs.google.com\/document\/d\/19E6dlRqfmrFQ6kF8JXwp7WCt5XM6jeUE\/edit?usp=sharing&amp;ouid=103954713746294545831&amp;rtpof=true&amp;sd=true\">Anteckningar<\/a><\/p>\n<h4>L\u00e4xa:<\/h4>\n<ul>\n<li>I kapitel 4 finns 3 texter om olika djur: bj\u00f6rn, varg och \u00e4lg. Varje person f\u00e5r &#8221;sitt&#8221; djur som hen ska kunna presentera utifr\u00e5n texten p\u00e5 tisdag:\n<ul>\n<li>Bj\u00f6rn: Agn\u0117, Ana, Christian<\/li>\n<li>Varg: Francis, Gustavo, Jeroen, M\u00e1rcio<\/li>\n<li>\u00c4lg: Masha, Melanie, Riley<\/li>\n<\/ul>\n<\/li>\n<li style=\"font-weight: 400\">Verb: presens particip s. 57-59 i \u00f6vningsboken<\/li>\n<li style=\"font-weight: 400\">Verb: imperativ och andra uppmaningar s. 59 i \u00f6vningsboken<\/li>\n<li style=\"font-weight: 400\">Verb: presens och infinitiv s. 61-63 i \u00f6vningsboken<\/li>\n<li style=\"font-weight: 400\">Prepositioner s. 65 i \u00f6vningsboken<\/li>\n<li style=\"font-weight: 400\">\u00d6va ord s. 67-68 i \u00f6vningsboken<\/li>\n<\/ul>\n","protected":false},"excerpt":{"rendered":"<p>Tisdag, den 24:e februari Anteckningar L\u00e4xa: TB s. 57-58, arbeta med texten, kontrollera orden. Skriv 4-5 fr\u00e5gor till texten s\u00e5 att du kan diskutera den med andra deltagare. \u00d6B s. 55-56 Torsdag, den 27:6:e februari Anteckningar L\u00e4xa: I kapitel 4 finns 3 texter om olika djur: bj\u00f6rn, varg och \u00e4lg. Varje person f\u00e5r &#8221;sitt&#8221; djur [&hellip;]<\/p>\n","protected":false},"author":929,"featured_media":0,"parent":960,"menu_order":1,"comment_status":"closed","ping_status":"closed","template":"","meta":{"footnotes":""},"class_list":["post-963","page","type-page","status-publish","hentry","post-preview"],"_links":{"self":[{"href":"https:\/\/blogg.folkuniversitetet.nu\/barkgr\/wp-json\/wp\/v2\/pages\/963","targetHints":{"allow":["GET"]}}],"collection":[{"href":"https:\/\/blogg.folkuniversitetet.nu\/barkgr\/wp-json\/wp\/v2\/pages"}],"about":[{"href":"https:\/\/blogg.folkuniversitetet.nu\/barkgr\/wp-json\/wp\/v2\/types\/page"}],"author":[{"embeddable":true,"href":"https:\/\/blogg.folkuniversitetet.nu\/barkgr\/wp-json\/wp\/v2\/users\/929"}],"replies":[{"embeddable":true,"href":"https:\/\/blogg.folkuniversitetet.nu\/barkgr\/wp-json\/wp\/v2\/comments?post=963"}],"version-history":[{"count":3,"href":"https:\/\/blogg.folkuniversitetet.nu\/barkgr\/wp-json\/wp\/v2\/pages\/963\/revisions"}],"predecessor-version":[{"id":966,"href":"https:\/\/blogg.folkuniversitetet.nu\/barkgr\/wp-json\/wp\/v2\/pages\/963\/revisions\/966"}],"up":[{"embeddable":true,"href":"https:\/\/blogg.folkuniversitetet.nu\/barkgr\/wp-json\/wp\/v2\/pages\/960"}],"wp:attachment":[{"href":"https:\/\/blogg.folkuniversitetet.nu\/barkgr\/wp-json\/wp\/v2\/media?parent=963"}],"curies":[{"name":"wp","href":"https:\/\/api.w.org\/{rel}","templated":true}]}}